{"id":1433,"date":"2025-11-20T13:44:11","date_gmt":"2025-11-20T18:44:11","guid":{"rendered":"https:\/\/completehealth.com\/?page_id=1433"},"modified":"2026-04-02T10:59:50","modified_gmt":"2026-04-02T14:59:50","slug":"contact-us","status":"publish","type":"page","link":"https:\/\/completehealth.com\/es\/contact-us\/","title":{"rendered":"Cont\u00e1ctenos"},"content":{"rendered":"<div class=\"wp-block-group container pt-3 breadcrumbs pb-0\"><div class=\"wp-block-group__inner-container is-layout-constrained wp-block-group-is-layout-constrained\"><nav aria-label=\"Ruta de navegaci\u00f3n\" class=\"thg-breadcrumb d-flex align-items-center\" itemscope itemtype=\"http:\/\/schema.org\/BreadcrumbList\"><div itemprop=\"itemListElement\" itemscope itemtype=\"http:\/\/schema.org\/ListItem\"><a itemprop=\"item\" class=\"breadcrumb-path\" href=\"https:\/\/completehealth.com\/es\"><span itemprop=\"name\">Inicio<\/span><\/a><meta itemprop=\"position\" content=\"1\" \/><\/div><span class=\"breadcrumb-divider\"> &gt; <\/span><\/nav>\n\n\n\n<hr class=\"wp-block-separator has-alpha-channel-opacity\"\/>\n<\/div><\/div>\n\n\n\n<div class=\"wp-block-group container post-title py-5 py-sm-7\"><div class=\"wp-block-group__inner-container is-layout-constrained wp-block-group-is-layout-constrained\">\n<h1 class=\"wp-block-heading fs-45\">Cont\u00e1ctenos<\/h1>\n\n\n\n<p class=\"w-100 w-sm-50\">We&#8217;re here to help. Reach out to Complete Health with any \u2028questions or feedback, and we&#8217;ll get back to you promptly.<\/p>\n\n\n\n<div class=\"wp-block-buttons is-layout-flex wp-block-buttons-is-layout-flex\">\n<div class=\"wp-block-button red-btn\"><a class=\"wp-block-button__link wp-element-button\" href=\"\/es\/locations\/\">Buscar una cl\u00ednica<\/a><\/div>\n<\/div>\n<\/div><\/div>\n\n\n\n<div class=\"wp-block-group container-fluid need-help py-5 py-sm-8\"><div class=\"wp-block-group__inner-container is-layout-constrained wp-block-group-is-layout-constrained\">\n<div class=\"wp-block-group container\"><div class=\"wp-block-group__inner-container is-layout-constrained wp-block-group-is-layout-constrained\">\n<div class=\"wp-block-columns is-layout-flex wp-container-core-columns-is-layout-9d6595d7 wp-block-columns-is-layout-flex\">\n<div class=\"wp-block-column is-vertically-aligned-center is-layout-flow wp-block-column-is-layout-flow\">\n<h2 class=\"wp-block-heading text-white fs-45\">Necesita ayuda<br>\u00bfDe inmediato?<\/h2>\n\n\n\n<p class=\"description text-white mb-5\">Nuestro equipo de atenci\u00f3n al paciente est\u00e1 listo para ayudarle con la programaci\u00f3n de citas, responder a sus preguntas o ponerle en contacto con los recursos adecuados.<\/p>\n\n\n\n<div class=\"wp-block-buttons is-layout-flex wp-block-buttons-is-layout-flex\">\n<div class=\"wp-block-button red-btn\"><a class=\"wp-block-button__link wp-element-button\" href=\"https:\/\/completehealth.radixhealth.com\/dash\/self2\/provider-search\" target=\"_blank\" rel=\"noreferrer noopener\">Programar cita<\/a><\/div>\n\n\n\n<div class=\"wp-block-button btn-outline-transparent\"><a class=\"wp-block-button__link wp-element-button\" href=\"\/es\/patient-portal\/\">Portal del paciente<\/a><\/div>\n<\/div>\n<\/div>\n\n\n\n<div class=\"wp-block-column is-layout-flow wp-block-column-is-layout-flow\"><\/div>\n<\/div>\n<\/div><\/div>\n<\/div><\/div>\n\n\n\n<div class=\"wp-block-group container-fluid lg py-5 py-sm-7 related-questions\"><div class=\"wp-block-group__inner-container is-layout-constrained wp-block-group-is-layout-constrained\">\n<div class=\"wp-block-group container\"><div class=\"wp-block-group__inner-container is-layout-constrained wp-block-group-is-layout-constrained\">\n<div class=\"wp-block-columns is-layout-flex wp-container-core-columns-is-layout-9d6595d7 wp-block-columns-is-layout-flex\">\n<div class=\"wp-block-column is-layout-flow wp-block-column-is-layout-flow\" style=\"flex-basis:33.33%\">\n<h2 class=\"wp-block-heading has-text-align-left fs-45\">Con frecuencia<br>Preguntado<br>Preguntas<\/h2>\n\n\n\n<p>Nos dedicamos a dar respuestas.<\/p>\n<\/div>\n\n\n\n<div class=\"wp-block-column is-layout-flow wp-block-column-is-layout-flow\" style=\"flex-basis:66.66%\"><div class=\"faq-block\"><div class=\"accordion\" id=\"accordion_\"><div class=\"accordion-item\"><h2 class=\"accordion-header\" id=\"accordion__heading_0\"><button class=\"accordion-button\" type=\"button\" data-bs-toggle=\"collapse\" data-bs-target=\"#accordion__collapse_0\" aria-expanded=\"true\" aria-controls=\"accordion__collapse_0\">\u00bfQu\u00e9 planes de seguro aceptan? <i class=\"fa-regular fa-chevron-down ms-auto\"><\/i><\/button><\/h2><div id=\"accordion__collapse_0\" class=\"accordion-collapse collapse show\" aria-labelledby=\"accordion__heading_0\" data-bs-parent=\"#accordion_\"><div class=\"accordion-body mt-3\">Complete Health acepta la mayor\u00eda de los planes de Medicare y Medicare Advantage. Para ver la lista completa, <a href=\"\/es\/accepted-insurances\/\">Haga clic aqu\u00ed<\/a>.<\/div><\/div><\/div><div class=\"accordion-item\"><h2 class=\"accordion-header\" id=\"accordion__heading_1\"><button class=\"accordion-button collapsed\" type=\"button\" data-bs-toggle=\"collapse\" data-bs-target=\"#accordion__collapse_1\" aria-expanded=\"false\" aria-controls=\"accordion__collapse_1\">\u00bfC\u00f3mo puedo programar una cita? <i class=\"fa-regular fa-chevron-down ms-auto\"><\/i><\/button><\/h2><div id=\"accordion__collapse_1\" class=\"accordion-collapse collapse\" aria-labelledby=\"accordion__heading_1\" data-bs-parent=\"#accordion_\"><div class=\"accordion-body mt-3\"><ul><li>If you are new to the clinic, the best way to schedule an appointment is to call the primary care clinic nearest you and our team will get you registered in our system and schedule your first appointment. They will register in our system and will schedule your first appointment.<\/li>\r\n<li>Use the \"Schedule an Appointment\" button on your clinic location or provider's profile to schedule your next appointment.<\/li><\/ul><\/div><\/div><\/div><div class=\"accordion-item\"><h2 class=\"accordion-header\" id=\"accordion__heading_2\"><button class=\"accordion-button collapsed\" type=\"button\" data-bs-toggle=\"collapse\" data-bs-target=\"#accordion__collapse_2\" aria-expanded=\"false\" aria-controls=\"accordion__collapse_2\">\u00bfQu\u00e9 debo llevar a mi primera cita de atenci\u00f3n primaria? <i class=\"fa-regular fa-chevron-down ms-auto\"><\/i><\/button><\/h2><div id=\"accordion__collapse_2\" class=\"accordion-collapse collapse\" aria-labelledby=\"accordion__heading_2\" data-bs-parent=\"#accordion_\"><div class=\"accordion-body mt-3\">Cuando visite el consultorio de su m\u00e9dico de cabecera, lleve consigo la informaci\u00f3n actualizada de su seguro m\u00e9dico y cualquier documento que necesite que el m\u00e9dico complete. Es importante llevar una lista de sus afecciones m\u00e9dicas actuales y los medicamentos que toma, incluyendo vitaminas y suplementos, con el nombre, la dosis y la frecuencia de cada medicamento. Por \u00faltimo, haga una lista de las preguntas que desea hacerle al m\u00e9dico, esto le garantizar\u00e1 que aproveche al m\u00e1ximo su cita y salga satisfecho de que todas sus preguntas han sido respondidas.<\/div><\/div><\/div><div class=\"accordion-item\"><h2 class=\"accordion-header\" id=\"accordion__heading_3\"><button class=\"accordion-button collapsed\" type=\"button\" data-bs-toggle=\"collapse\" data-bs-target=\"#accordion__collapse_3\" aria-expanded=\"false\" aria-controls=\"accordion__collapse_3\">\u00bfQu\u00e9 debo hacer si tengo alg\u00fan problema de salud entre las citas con mi m\u00e9dico de cabecera? <i class=\"fa-regular fa-chevron-down ms-auto\"><\/i><\/button><\/h2><div id=\"accordion__collapse_3\" class=\"accordion-collapse collapse\" aria-labelledby=\"accordion__heading_3\" data-bs-parent=\"#accordion_\"><div class=\"accordion-body mt-3\"><ul>\r\n<li>Llame a su oficina de Complete Health. Nuestro personal experto puede ayudarle a decidir qu\u00e9 pasos seguir. En caso de lesiones o enfermedades que pongan en peligro la vida o que puedan provocar una discapacidad significativa, lo mejor es llamar al 9-1-1 y solicitar atenci\u00f3n de emergencia.<\/li>\r\n<li>En situaciones que no sean de emergencia, nuestra oficina puede ponerse en contacto con el equipo de su proveedor para obtener una respuesta r\u00e1pida con los siguientes pasos a seguir en el tratamiento. Fuera del horario de atenci\u00f3n, un proveedor de guardia podr\u00e1 indicarle los primeros pasos a seguir y ayudarle a programar una cita con el consultorio de su m\u00e9dico.<\/li><\/ul><\/div><\/div><\/div><div class=\"accordion-item\"><h2 class=\"accordion-header\" id=\"accordion__heading_4\"><button class=\"accordion-button collapsed\" type=\"button\" data-bs-toggle=\"collapse\" data-bs-target=\"#accordion__collapse_4\" aria-expanded=\"false\" aria-controls=\"accordion__collapse_4\">\u00bfAceptan nuevos pacientes actualmente? <i class=\"fa-regular fa-chevron-down ms-auto\"><\/i><\/button><\/h2><div id=\"accordion__collapse_4\" class=\"accordion-collapse collapse\" aria-labelledby=\"accordion__heading_4\" data-bs-parent=\"#accordion_\"><div class=\"accordion-body mt-3\">\u00a1S\u00ed, lo hacemos! Si eres un paciente nuevo, utiliza la herramienta \u201cBuscar atenci\u00f3n m\u00e9dica\u201d de nuestro sitio web para elegir un proveedor cerca de ti. Nosotros nos encargaremos de los detalles y te ayudaremos a transferir tus registros para que puedas centrarte en conocer a tu nuevo equipo.<\/div><\/div><\/div><\/div><\/div>\n<\/div>\n<\/div>\n<\/div><\/div>\n<\/div><\/div>\n\n\n\n<div class=\"wp-block-group container py-5 py-sm-7 additional-resources\"><div class=\"wp-block-group__inner-container is-layout-constrained wp-block-group-is-layout-constrained\">\n<h2 class=\"wp-block-heading has-text-align-center fs-45\">Recursos de contacto adicionales<\/h2>\n\n\n\n<div class=\"wp-block-columns mt-5 is-layout-flex wp-container-core-columns-is-layout-9d6595d7 wp-block-columns-is-layout-flex\">\n<div class=\"wp-block-column is-layout-flow wp-block-column-is-layout-flow\">\n<figure class=\"wp-block-image size-large\"><img loading=\"lazy\" decoding=\"async\" width=\"50\" height=\"50\" src=\"https:\/\/completehealth.com\/wp-content\/uploads\/2025\/11\/Group-172.svg\" alt=\"\" class=\"wp-image-1461\"\/><\/figure>\n\n\n\n<h3 class=\"wp-block-heading\">Comentarios sobre la experiencia de los pacientes<\/h3>\n\n\n\n<p class=\"last\">Sus comentarios nos ayudan a reconocer a nuestros empleados y a realizar mejoras donde sea necesario. Puede compartir sus comentarios sobre una experiencia reciente llamando al n\u00famero que aparece en la p\u00e1gina de la cl\u00ednica.<\/p>\n\n\n\n<div class=\"wp-block-buttons mt-5 is-layout-flex wp-block-buttons-is-layout-flex\">\n<div class=\"wp-block-button\"><a class=\"wp-block-button__link wp-element-button\" href=\"\/es\/locations\/\">Buscar una cl\u00ednica<\/a><\/div>\n<\/div>\n<\/div>\n\n\n\n<div class=\"wp-block-column is-layout-flow wp-block-column-is-layout-flow\">\n<figure class=\"wp-block-image size-large\"><img loading=\"lazy\" decoding=\"async\" width=\"50\" height=\"50\" src=\"https:\/\/completehealth.com\/wp-content\/uploads\/2025\/11\/Group-58.svg\" alt=\"\" class=\"wp-image-1437\"\/><\/figure>\n\n\n\n<h3 class=\"wp-block-heading\">Walk-in Clinics<\/h3>\n\n\n\n<p class=\"last l\">Nuestras c\u00f3modas cl\u00ednicas sin cita previa le permiten recibir atenci\u00f3n m\u00e9dica oportuna cuando est\u00e1 enfermo por parte de un equipo en el que conf\u00eda, en sus propios t\u00e9rminos.<\/p>\n\n\n\n<div class=\"wp-block-buttons mt-5 is-layout-flex wp-block-buttons-is-layout-flex\">\n<div class=\"wp-block-button\"><a class=\"wp-block-button__link wp-element-button\" href=\"\/es\/services\/walk-in-clinics\/\">Walk-in Clinics<\/a><\/div>\n<\/div>\n<\/div>\n\n\n\n<div class=\"wp-block-column is-layout-flow wp-block-column-is-layout-flow\">\n<figure class=\"wp-block-image size-large\"><img loading=\"lazy\" decoding=\"async\" width=\"57\" height=\"50\" src=\"https:\/\/completehealth.com\/wp-content\/uploads\/2025\/11\/Group-175.svg\" alt=\"\" class=\"wp-image-1464\"\/><\/figure>\n\n\n\n<h3 class=\"wp-block-heading\">Pregunta sobre facturaci\u00f3n<\/h3>\n\n\n\n<p class=\"last l\">For billing-related inquiries, please contact the individual clinic&#8217;s billing department.<\/p>\n\n\n\n<div class=\"wp-block-buttons mt-5 is-layout-flex wp-block-buttons-is-layout-flex\">\n<div class=\"wp-block-button\"><a class=\"wp-block-button__link wp-element-button\" href=\"\/es\/locations\/\">Buscar una cl\u00ednica<\/a><\/div>\n<\/div>\n<\/div>\n<\/div>\n\n\n\n<div class=\"wp-block-columns mt-5 is-layout-flex wp-container-core-columns-is-layout-9d6595d7 wp-block-columns-is-layout-flex\">\n<div class=\"wp-block-column is-layout-flow wp-block-column-is-layout-flow\">\n<figure class=\"wp-block-image size-large\"><img loading=\"lazy\" decoding=\"async\" width=\"50\" height=\"50\" src=\"https:\/\/completehealth.com\/wp-content\/uploads\/2025\/11\/Group-180.svg\" alt=\"\" class=\"wp-image-1436\"\/><\/figure>\n\n\n\n<h3 class=\"wp-block-heading\">Emergencia<\/h3>\n\n\n\n<p class=\"last\">Si cree que tiene una emergencia m\u00e9dica, llame al 911 o a los servicios m\u00e9dicos de emergencia.<\/p>\n\n\n\n<div class=\"wp-block-buttons mt-5 is-layout-flex wp-block-buttons-is-layout-flex\"><\/div>\n<\/div>\n\n\n\n<div class=\"wp-block-column is-layout-flow wp-block-column-is-layout-flow\">\n<figure class=\"wp-block-image size-large\"><img loading=\"lazy\" decoding=\"async\" width=\"50\" height=\"50\" src=\"https:\/\/completehealth.com\/wp-content\/uploads\/2025\/11\/Group-58.svg\" alt=\"\" class=\"wp-image-1437\"\/><\/figure>\n\n\n\n<h3 class=\"wp-block-heading\">Atenci\u00f3n de urgencia<\/h3>\n\n\n\n<p class=\"last mb-auto\">Para necesidades m\u00e9dicas urgentes o citas para el mismo d\u00eda, llame directamente a la cl\u00ednica m\u00e1s cercana.<\/p>\n\n\n\n<div class=\"wp-block-buttons mt-5 is-layout-flex wp-block-buttons-is-layout-flex\">\n<div class=\"wp-block-button\"><a class=\"wp-block-button__link wp-element-button\" href=\"\/es\/services\/urgent-care\/\">Atenci\u00f3n de urgencia<\/a><\/div>\n<\/div>\n<\/div>\n\n\n\n<div class=\"wp-block-column is-layout-flow wp-block-column-is-layout-flow\">\n<figure class=\"wp-block-image size-large\"><img loading=\"lazy\" decoding=\"async\" width=\"57\" height=\"50\" src=\"https:\/\/completehealth.com\/wp-content\/uploads\/2025\/11\/Group-175.svg\" alt=\"\" class=\"wp-image-1464\"\/><\/figure>\n\n\n\n<h3 class=\"wp-block-heading\">Consultas de los medios de comunicaci\u00f3n<\/h3>\n\n\n\n<p class=\"mb-auto\">Para consultas de los medios de comunicaci\u00f3n, p\u00f3ngase en contacto con nuestro departamento de comunicaciones.<\/p>\n\n\n\n<div class=\"wp-block-buttons mt-5 is-layout-flex wp-block-buttons-is-layout-flex\">\n<div class=\"wp-block-button\"><a class=\"wp-block-button__link wp-element-button\" href=\"mailto:Carrie.Turansky@completehealth.com\">Cont\u00e1ctenos ahora<\/a><\/div>\n<\/div>\n<\/div>\n<\/div>\n\n\n\n<p class=\"mt-5\">Complete Health provides an ethics line for reporting possible misconduct or obtaining guidance on an ethics concern. You can submit a request at <a href=\"https:\/\/www.completehealthhotline.com\/\">l\u00ednea de salud completa.com<\/a> o <a href=\"tel:205-995-9909\">205-995-9909<\/a>.<\/p>\n<\/div><\/div>","protected":false},"excerpt":{"rendered":"<p>Contact Us We&#8217;re here to help. Reach out to Complete Health with any \u2028questions or feedback, and we&#8217;ll get back to you promptly. Need HelpRight Away? Our patient care team is ready to assist you with scheduling, questions, or connecting you with the right resources. FrequentlyAskedQuestions We\u2019re all about answers. Additional Contact Resources Patient Experience [&hellip;]<\/p>","protected":false},"author":3,"featured_media":0,"parent":0,"menu_order":0,"comment_status":"closed","ping_status":"closed","template":"","meta":{"_acf_changed":false,"inline_featured_image":false,"footnotes":""},"class_list":["post-1433","page","type-page","status-publish","hentry"],"acf":[],"yoast_head":"<!-- This site is optimized with the Yoast SEO plugin v26.7 - https:\/\/yoast.com\/wordpress\/plugins\/seo\/ -->\n<title>Primary Care Offices &amp; Medical Clinics | Contact Complete Health<\/title>\n<meta name=\"description\" content=\"Contact Complete Health to find a clinic, schedule an appointment, or reach our care team. Primary care for Medicare seniors in AL, FL, and CO.\" \/>\n<meta name=\"robots\" content=\"index, follow, max-snippet:-1, max-image-preview:large, max-video-preview:-1\" \/>\n<link rel=\"canonical\" href=\"https:\/\/completehealth.com\/es\/contact-us\/\" \/>\n<meta property=\"og:locale\" content=\"es_MX\" \/>\n<meta property=\"og:type\" content=\"article\" \/>\n<meta property=\"og:title\" content=\"Primary Care Offices &amp; Medical Clinics | Contact Complete Health\" \/>\n<meta property=\"og:description\" content=\"Contact Complete Health to find a clinic, schedule an appointment, or reach our care team. Primary care for Medicare seniors in AL, FL, and CO.\" \/>\n<meta property=\"og:url\" content=\"https:\/\/completehealth.com\/es\/contact-us\/\" \/>\n<meta property=\"og:site_name\" content=\"Complete Health\" \/>\n<meta property=\"article:modified_time\" content=\"2026-04-02T14:59:50+00:00\" \/>\n<meta name=\"twitter:card\" content=\"summary_large_image\" \/>\n<meta name=\"twitter:label1\" content=\"Tiempo de lectura\" \/>\n\t<meta name=\"twitter:data1\" content=\"3 minutos\" \/>\n<script type=\"application\/ld+json\" class=\"yoast-schema-graph\">{\"@context\":\"https:\/\/schema.org\",\"@graph\":[{\"@type\":\"WebPage\",\"@id\":\"https:\/\/completehealth.com\/contact-us\/\",\"url\":\"https:\/\/completehealth.com\/contact-us\/\",\"name\":\"Primary Care Offices & Medical Clinics | Contact Complete Health\",\"isPartOf\":{\"@id\":\"https:\/\/completehealth.com\/#website\"},\"primaryImageOfPage\":{\"@id\":\"https:\/\/completehealth.com\/contact-us\/#primaryimage\"},\"image\":{\"@id\":\"https:\/\/completehealth.com\/contact-us\/#primaryimage\"},\"thumbnailUrl\":\"https:\/\/completehealth.com\/wp-content\/uploads\/2025\/11\/Group-172.svg\",\"datePublished\":\"2025-11-20T18:44:11+00:00\",\"dateModified\":\"2026-04-02T14:59:50+00:00\",\"description\":\"Contact Complete Health to find a clinic, schedule an appointment, or reach our care team. Primary care for Medicare seniors in AL, FL, and CO.\",\"breadcrumb\":{\"@id\":\"https:\/\/completehealth.com\/contact-us\/#breadcrumb\"},\"inLanguage\":\"es\",\"potentialAction\":[{\"@type\":\"ReadAction\",\"target\":[\"https:\/\/completehealth.com\/contact-us\/\"]}]},{\"@type\":\"ImageObject\",\"inLanguage\":\"es\",\"@id\":\"https:\/\/completehealth.com\/contact-us\/#primaryimage\",\"url\":\"https:\/\/completehealth.com\/wp-content\/uploads\/2025\/11\/Group-172.svg\",\"contentUrl\":\"https:\/\/completehealth.com\/wp-content\/uploads\/2025\/11\/Group-172.svg\"},{\"@type\":\"BreadcrumbList\",\"@id\":\"https:\/\/completehealth.com\/contact-us\/#breadcrumb\",\"itemListElement\":[{\"@type\":\"ListItem\",\"position\":1,\"name\":\"Home\",\"item\":\"https:\/\/completehealth.com\/\"},{\"@type\":\"ListItem\",\"position\":2,\"name\":\"Contact Us\"}]},{\"@type\":\"WebSite\",\"@id\":\"https:\/\/completehealth.com\/#website\",\"url\":\"https:\/\/completehealth.com\/\",\"name\":\"Complete Health\",\"description\":\"\",\"publisher\":{\"@id\":\"https:\/\/completehealth.com\/#organization\"},\"potentialAction\":[{\"@type\":\"SearchAction\",\"target\":{\"@type\":\"EntryPoint\",\"urlTemplate\":\"https:\/\/completehealth.com\/?s={search_term_string}\"},\"query-input\":{\"@type\":\"PropertyValueSpecification\",\"valueRequired\":true,\"valueName\":\"search_term_string\"}}],\"inLanguage\":\"es\"},{\"@type\":\"Organization\",\"@id\":\"https:\/\/completehealth.com\/#organization\",\"name\":\"Complete Health\",\"url\":\"https:\/\/completehealth.com\/\",\"logo\":{\"@type\":\"ImageObject\",\"inLanguage\":\"es\",\"@id\":\"https:\/\/completehealth.com\/#\/schema\/logo\/image\/\",\"url\":\"https:\/\/completehealth.com\/wp-content\/uploads\/2025\/11\/CompleteHealth_LogoTM_NavBar.svg\",\"contentUrl\":\"https:\/\/completehealth.com\/wp-content\/uploads\/2025\/11\/CompleteHealth_LogoTM_NavBar.svg\",\"caption\":\"Complete Health\"},\"image\":{\"@id\":\"https:\/\/completehealth.com\/#\/schema\/logo\/image\/\"}}]}<\/script>\n<!-- \/ Yoast SEO plugin. -->","yoast_head_json":{"title":"Consultorios de atenci\u00f3n primaria y cl\u00ednicas m\u00e9dicas | Contacte con Complete Health","description":"Contact Complete Health to find a clinic, schedule an appointment, or reach our care team. Primary care for Medicare seniors in AL, FL, and CO.","robots":{"index":"index","follow":"follow","max-snippet":"max-snippet:-1","max-image-preview":"max-image-preview:large","max-video-preview":"max-video-preview:-1"},"canonical":"https:\/\/completehealth.com\/es\/contact-us\/","og_locale":"es_MX","og_type":"article","og_title":"Primary Care Offices & Medical Clinics | Contact Complete Health","og_description":"Contact Complete Health to find a clinic, schedule an appointment, or reach our care team. Primary care for Medicare seniors in AL, FL, and CO.","og_url":"https:\/\/completehealth.com\/es\/contact-us\/","og_site_name":"Complete Health","article_modified_time":"2026-04-02T14:59:50+00:00","twitter_card":"summary_large_image","twitter_misc":{"Tiempo de lectura":"3 minutos"},"schema":{"@context":"https:\/\/schema.org","@graph":[{"@type":"WebPage","@id":"https:\/\/completehealth.com\/contact-us\/","url":"https:\/\/completehealth.com\/contact-us\/","name":"Consultorios de atenci\u00f3n primaria y cl\u00ednicas m\u00e9dicas | Contacte con Complete Health","isPartOf":{"@id":"https:\/\/completehealth.com\/#website"},"primaryImageOfPage":{"@id":"https:\/\/completehealth.com\/contact-us\/#primaryimage"},"image":{"@id":"https:\/\/completehealth.com\/contact-us\/#primaryimage"},"thumbnailUrl":"https:\/\/completehealth.com\/wp-content\/uploads\/2025\/11\/Group-172.svg","datePublished":"2025-11-20T18:44:11+00:00","dateModified":"2026-04-02T14:59:50+00:00","description":"Contact Complete Health to find a clinic, schedule an appointment, or reach our care team. Primary care for Medicare seniors in AL, FL, and CO.","breadcrumb":{"@id":"https:\/\/completehealth.com\/contact-us\/#breadcrumb"},"inLanguage":"es","potentialAction":[{"@type":"ReadAction","target":["https:\/\/completehealth.com\/contact-us\/"]}]},{"@type":"ImageObject","inLanguage":"es","@id":"https:\/\/completehealth.com\/contact-us\/#primaryimage","url":"https:\/\/completehealth.com\/wp-content\/uploads\/2025\/11\/Group-172.svg","contentUrl":"https:\/\/completehealth.com\/wp-content\/uploads\/2025\/11\/Group-172.svg"},{"@type":"BreadcrumbList","@id":"https:\/\/completehealth.com\/contact-us\/#breadcrumb","itemListElement":[{"@type":"ListItem","position":1,"name":"Home","item":"https:\/\/completehealth.com\/"},{"@type":"ListItem","position":2,"name":"Contact Us"}]},{"@type":"WebSite","@id":"https:\/\/completehealth.com\/#website","url":"https:\/\/completehealth.com\/","name":"Salud completa","description":"","publisher":{"@id":"https:\/\/completehealth.com\/#organization"},"potentialAction":[{"@type":"SearchAction","target":{"@type":"EntryPoint","urlTemplate":"https:\/\/completehealth.com\/?s={search_term_string}"},"query-input":{"@type":"PropertyValueSpecification","valueRequired":true,"valueName":"search_term_string"}}],"inLanguage":"es"},{"@type":"Organization","@id":"https:\/\/completehealth.com\/#organization","name":"Salud completa","url":"https:\/\/completehealth.com\/","logo":{"@type":"ImageObject","inLanguage":"es","@id":"https:\/\/completehealth.com\/#\/schema\/logo\/image\/","url":"https:\/\/completehealth.com\/wp-content\/uploads\/2025\/11\/CompleteHealth_LogoTM_NavBar.svg","contentUrl":"https:\/\/completehealth.com\/wp-content\/uploads\/2025\/11\/CompleteHealth_LogoTM_NavBar.svg","caption":"Complete Health"},"image":{"@id":"https:\/\/completehealth.com\/#\/schema\/logo\/image\/"}}]}},"_links":{"self":[{"href":"https:\/\/completehealth.com\/es\/wp-json\/wp\/v2\/pages\/1433","targetHints":{"allow":["GET"]}}],"collection":[{"href":"https:\/\/completehealth.com\/es\/wp-json\/wp\/v2\/pages"}],"about":[{"href":"https:\/\/completehealth.com\/es\/wp-json\/wp\/v2\/types\/page"}],"author":[{"embeddable":true,"href":"https:\/\/completehealth.com\/es\/wp-json\/wp\/v2\/users\/3"}],"replies":[{"embeddable":true,"href":"https:\/\/completehealth.com\/es\/wp-json\/wp\/v2\/comments?post=1433"}],"version-history":[{"count":66,"href":"https:\/\/completehealth.com\/es\/wp-json\/wp\/v2\/pages\/1433\/revisions"}],"predecessor-version":[{"id":5431,"href":"https:\/\/completehealth.com\/es\/wp-json\/wp\/v2\/pages\/1433\/revisions\/5431"}],"wp:attachment":[{"href":"https:\/\/completehealth.com\/es\/wp-json\/wp\/v2\/media?parent=1433"}],"curies":[{"name":"wp","href":"https:\/\/api.w.org\/{rel}","templated":true}]}}