{"id":1757,"date":"2025-11-26T12:21:15","date_gmt":"2025-11-26T17:21:15","guid":{"rendered":"https:\/\/completehealth.com\/?page_id=1757"},"modified":"2026-03-10T05:48:41","modified_gmt":"2026-03-10T09:48:41","slug":"careers","status":"publish","type":"page","link":"https:\/\/completehealth.com\/es\/careers\/","title":{"rendered":"Empleos"},"content":{"rendered":"<div class=\"wp-block-group container pt-3 breadcrumbs pb-0\"><div class=\"wp-block-group__inner-container is-layout-constrained wp-block-group-is-layout-constrained\"><nav aria-label=\"Ruta de navegaci\u00f3n\" class=\"thg-breadcrumb d-flex align-items-center\" itemscope itemtype=\"http:\/\/schema.org\/BreadcrumbList\"><div itemprop=\"itemListElement\" itemscope itemtype=\"http:\/\/schema.org\/ListItem\"><a itemprop=\"item\" class=\"breadcrumb-path\" href=\"https:\/\/completehealth.com\/es\"><span itemprop=\"name\">Inicio<\/span><\/a><meta itemprop=\"position\" content=\"1\" \/><\/div><span class=\"breadcrumb-divider\"> &gt; <\/span><\/nav>\n\n\n\n<hr class=\"wp-block-separator has-alpha-channel-opacity\"\/>\n<\/div><\/div>\n\n\n\n<div class=\"wp-block-columns container post-title py-xl-7 py-5 is-layout-flex wp-container-core-columns-is-layout-9d6595d7 wp-block-columns-is-layout-flex\">\n<div class=\"wp-block-column is-layout-flow wp-block-column-is-layout-flow\">\n<h2 class=\"wp-block-heading pb-0 mb-0 has-black-color has-text-color has-link-color wp-elements-d34728c1caed52eaa1565cec79c8ecdb\" style=\"font-size:15px;letter-spacing:1.4px;text-transform:uppercase\">Empleos<\/h2>\n\n\n\n<h1 class=\"wp-block-heading\">\u00danete a nuestro completo<br>Salud Familia<\/h1>\n<\/div>\n<\/div>\n\n\n\n<div id=\"careers-bg-image\" class=\"wp-block-group  py-xl-9 py-5\"><div class=\"wp-block-group__inner-container is-layout-constrained wp-block-group-is-layout-constrained\">\n<div class=\"wp-block-columns are-vertically-aligned-center container is-layout-flex wp-container-core-columns-is-layout-9d6595d7 wp-block-columns-is-layout-flex\">\n<div class=\"wp-block-column is-vertically-aligned-center is-layout-flow wp-block-column-is-layout-flow\"><\/div>\n\n\n\n<div class=\"wp-block-column is-vertically-aligned-center is-layout-flow wp-block-column-is-layout-flow\">\n<h2 class=\"wp-block-heading fs-45\">\u00bfListo para marcar una diferencia real en el cuidado de las personas mayores?<\/h2>\n\n\n\n<p class=\"mb-5\">En Complete Health, no solo somos un proveedor de servicios de salud; somos una familia dedicada a brindar a las personas mayores la atenci\u00f3n integral que esperar\u00edamos para nuestros propios seres queridos. Si est\u00e1 buscando una carrera gratificante en la que su pasi\u00f3n por el bienestar de los pacientes se combine con un entorno solidario y con visi\u00f3n de futuro, ha encontrado su lugar. Estamos formando un equipo de profesionales compasivos que creen en ofrecer m\u00e1s: m\u00e1s atenci\u00f3n personalizada, m\u00e1s defensa y, verdaderamente, m\u00e1s vida para nuestros pacientes.<\/p>\n\n\n\n<div class=\"wp-block-buttons is-layout-flex wp-block-buttons-is-layout-flex\">\n<div class=\"wp-block-button red-btn\"><a class=\"wp-block-button__link wp-element-button\" href=\"https:\/\/recruiting.adp.com\/srccar\/public\/RTI.home?c=1172715&amp;d=CompleteHealthCareerSite\" target=\"_blank\" rel=\"noreferrer noopener\">Ver puestos vacantes<\/a><\/div>\n<\/div>\n<\/div>\n<\/div>\n<\/div><\/div>\n\n\n\n<div class=\"wp-block-group py-xl-7 py-5\"><div class=\"wp-block-group__inner-container is-layout-constrained wp-block-group-is-layout-constrained\">\n<div class=\"wp-block-columns are-vertically-aligned-center container is-layout-flex wp-container-core-columns-is-layout-9d6595d7 wp-block-columns-is-layout-flex\">\n<div class=\"wp-block-column is-vertically-aligned-center is-layout-flow wp-block-column-is-layout-flow\">\n<h2 class=\"wp-block-heading fs-45\">Beneficios para los empleados<\/h2>\n\n\n\n<p class=\"mb-5\">Un equipo sano significa pacientes sanos. Fomentamos un ambiente de trabajo colaborativo y solidario en el que puedes crecer, aprender y brillar de verdad. Invertimos en los miembros de nuestro equipo con un desarrollo profesional continuo y prestaciones integrales que garantizan que tu bienestar sea tan completo como la atenci\u00f3n que brindamos a nuestros pacientes.<\/p>\n\n\n\n<div class=\"wp-block-buttons is-layout-flex wp-block-buttons-is-layout-flex\">\n<div class=\"wp-block-button red-btn\"><a class=\"wp-block-button__link wp-element-button\" href=\"https:\/\/recruiting.adp.com\/srccar\/public\/RTI.home?c=1172715&amp;d=CompleteHealthCareerSite\" target=\"_blank\" rel=\"noreferrer noopener\">Ver puestos vacantes<\/a><\/div>\n<\/div>\n<\/div>\n\n\n\n<div class=\"wp-block-column is-vertically-aligned-center is-layout-flow wp-block-column-is-layout-flow\">\n<div class=\"wp-block-columns red-sidebar is-layout-flex wp-container-core-columns-is-layout-9d6595d7 wp-block-columns-is-layout-flex\">\n<div class=\"wp-block-column is-layout-flow wp-block-column-is-layout-flow\">\n<p class=\"text-white\">Lista de beneficios:<\/p>\n\n\n\n<ul class=\"wp-block-list checkbox-list\">\n<li class=\"text-white\"><strong>Remuneraci\u00f3n competitiva<\/strong><\/li>\n\n\n\n<li class=\"text-white\"><strong>Generosas vacaciones pagadas<\/strong><\/li>\n\n\n\n<li class=\"text-white\"><strong>Oportunidades para profesionales<\/strong><\/li>\n\n\n\n<li class=\"text-white\"><strong>Desarrollo y crecimiento<\/strong><\/li>\n\n\n\n<li class=\"text-white\"><strong>Seguro m\u00e9dico integral<\/strong><\/li>\n\n\n\n<li class=\"text-white\"><strong>Planes de jubilaci\u00f3n seguros<\/strong><\/li>\n<\/ul>\n<\/div>\n<\/div>\n<\/div>\n<\/div>\n<\/div><\/div>\n\n\n\n<div class=\"wp-block-group py-xl-8 py-5 has-background\" style=\"background-color:#4f4f4f\"><div class=\"wp-block-group__inner-container is-layout-constrained wp-block-group-is-layout-constrained\">\n<div class=\"wp-block-columns are-vertically-aligned-center container is-layout-flex wp-container-core-columns-is-layout-9d6595d7 wp-block-columns-is-layout-flex\">\n<div class=\"wp-block-column is-vertically-aligned-center is-layout-flow wp-block-column-is-layout-flow\" style=\"flex-basis:40%\">\n<figure class=\"wp-block-image size-large border-16\"><img loading=\"lazy\" decoding=\"async\" width=\"1024\" height=\"683\" src=\"https:\/\/completehealth.com\/wp-content\/uploads\/2025\/12\/2f8172a8f7a2cd4e01194ac1f67f2ed4125c33e2-1024x683.jpg\" alt=\"Male doctor talking with senior man in exam room\" class=\"wp-image-1978\" srcset=\"https:\/\/completehealth.com\/wp-content\/uploads\/2025\/12\/2f8172a8f7a2cd4e01194ac1f67f2ed4125c33e2-1024x683.jpg 1024w, https:\/\/completehealth.com\/wp-content\/uploads\/2025\/12\/2f8172a8f7a2cd4e01194ac1f67f2ed4125c33e2-300x200.jpg 300w, https:\/\/completehealth.com\/wp-content\/uploads\/2025\/12\/2f8172a8f7a2cd4e01194ac1f67f2ed4125c33e2-768x512.jpg 768w, https:\/\/completehealth.com\/wp-content\/uploads\/2025\/12\/2f8172a8f7a2cd4e01194ac1f67f2ed4125c33e2-1536x1025.jpg 1536w, https:\/\/completehealth.com\/wp-content\/uploads\/2025\/12\/2f8172a8f7a2cd4e01194ac1f67f2ed4125c33e2.jpg 2048w\" sizes=\"auto, (max-width: 1024px) 100vw, 1024px\" \/><\/figure>\n<\/div>\n\n\n\n<div class=\"wp-block-column is-vertically-aligned-center ps-xl-6 ps-0 is-layout-flow wp-block-column-is-layout-flow\" style=\"flex-basis:60%\">\n<h2 class=\"wp-block-heading text-white fs-45\">Para proveedores<\/h2>\n\n\n\n<h3 class=\"wp-block-heading text-white\">Redefiniendo la pr\u00e1ctica m\u00e9dica para personas mayores.<\/h3>\n\n\n\n<p class=\"text-white mb-5\">\u00bfEs usted un proveedor apasionado por brindar una atenci\u00f3n excepcional a las personas mayores? Ya sea que desee unirse a un equipo din\u00e1mico o explorar la posibilidad de vender su consultorio, Complete Health ofrece un modelo \u00fanico que le permite enfocarse en lo que mejor sabe hacer: cuidar a sus pacientes. Descubra c\u00f3mo podemos brindarle el apoyo, los recursos y la libertad para prosperar en un entorno de atenci\u00f3n basado en valores, creado especialmente para las personas mayores.<\/p>\n\n\n\n<div class=\"wp-block-buttons is-layout-flex wp-block-buttons-is-layout-flex\">\n<div class=\"wp-block-button red-btn-sec\"><a class=\"wp-block-button__link wp-element-button\" href=\"https:\/\/recruiting.adp.com\/srccar\/public\/RTI.home?c=1172715&amp;d=CompleteHealthCareerSite\" target=\"_blank\" rel=\"noreferrer noopener\">Ver puestos vacantes<\/a><\/div>\n\n\n\n<div class=\"wp-block-button btn-outline-transparent\"><a class=\"wp-block-button__link wp-element-button\" href=\"https:\/\/join.completehealth.com\" target=\"_blank\" rel=\"noreferrer noopener\">\u00bfQuiere vender su consultorio? M\u00e1s informaci\u00f3n<\/a><\/div>\n<\/div>\n<\/div>\n<\/div>\n<\/div><\/div>\n\n\n\n<div id=\"careers-testimonials\" class=\"wp-block-group py-xl-8 py-5\"><div class=\"wp-block-group__inner-container is-layout-constrained wp-block-group-is-layout-constrained\">\n<div class=\"wp-block-columns container is-layout-flex wp-container-core-columns-is-layout-9d6595d7 wp-block-columns-is-layout-flex\">\n<div class=\"wp-block-column is-layout-flow wp-block-column-is-layout-flow\">\n<h2 class=\"wp-block-heading has-text-align-center fs-45\">Testimonios<\/h2>\n\n\n\n<div class=\"wp-block-columns is-layout-flex wp-container-core-columns-is-layout-9d6595d7 wp-block-columns-is-layout-flex\">\n<div class=\"wp-block-column py-7 is-layout-flow wp-block-column-is-layout-flow\">\n<div class=\"wp-block-columns are-vertically-aligned-center border-16s py-7 px-4 has-white-background-color has-background is-layout-flex wp-container-core-columns-is-layout-9d6595d7 wp-block-columns-is-layout-flex\">\n<div class=\"wp-block-column is-vertically-aligned-center is-layout-flow wp-block-column-is-layout-flow\" style=\"flex-basis:33.33%\">\n<figure class=\"wp-block-image size-full is-style-rounded provider-testimonial\"><img loading=\"lazy\" decoding=\"async\" width=\"800\" height=\"1200\" src=\"https:\/\/completehealth.com\/wp-content\/uploads\/2025\/11\/Stephen-Giorgianni-LR.jpg\" alt=\"\" class=\"wp-image-486\" style=\"aspect-ratio:1;object-fit:cover\" title=\"\" srcset=\"https:\/\/completehealth.com\/wp-content\/uploads\/2025\/11\/Stephen-Giorgianni-LR.jpg 800w, https:\/\/completehealth.com\/wp-content\/uploads\/2025\/11\/Stephen-Giorgianni-LR-200x300.jpg 200w, https:\/\/completehealth.com\/wp-content\/uploads\/2025\/11\/Stephen-Giorgianni-LR-683x1024.jpg 683w, https:\/\/completehealth.com\/wp-content\/uploads\/2025\/11\/Stephen-Giorgianni-LR-768x1152.jpg 768w\" sizes=\"auto, (max-width: 800px) 100vw, 800px\" \/><\/figure>\n<\/div>\n\n\n\n<div class=\"wp-block-column is-vertically-aligned-center position-relative is-layout-flow wp-block-column-is-layout-flow\" style=\"flex-basis:66.66%\">\n<span class=\"quote\">\u201c<\/span>\n\n\n\n<p>Lo mejor de Complete Health son sus servicios de apoyo para los pacientes que m\u00e1s lo necesitan, lo que significa que no estoy solo en mi esfuerzo por mantener a las personas m\u00e1s sanas y fuera del hospital.<\/p>\n\n\n\n<h4 class=\"wp-block-heading\">\u2013 Dr. Stephen Giorgianni<\/h4>\n\n\n\n<span class=\"quote2\">\u201d<\/span>\n<\/div>\n<\/div>\n<\/div>\n\n\n\n<div class=\"wp-block-column is-vertically-aligned-center is-layout-flow wp-block-column-is-layout-flow\">\n<div class=\"wp-block-columns are-vertically-aligned-center border-16s py-7 px-4 has-white-background-color has-background is-layout-flex wp-container-core-columns-is-layout-9d6595d7 wp-block-columns-is-layout-flex\">\n<div class=\"wp-block-column is-vertically-aligned-center is-layout-flow wp-block-column-is-layout-flow\" style=\"flex-basis:33.33%\">\n<figure class=\"wp-block-image size-full is-style-rounded provider-testimonial\"><img loading=\"lazy\" decoding=\"async\" width=\"800\" height=\"1200\" src=\"https:\/\/completehealth.com\/wp-content\/uploads\/2025\/11\/Mary-Beth-Bailey.jpg\" alt=\"\" class=\"wp-image-416\" style=\"aspect-ratio:1;object-fit:cover\" srcset=\"https:\/\/completehealth.com\/wp-content\/uploads\/2025\/11\/Mary-Beth-Bailey.jpg 800w, https:\/\/completehealth.com\/wp-content\/uploads\/2025\/11\/Mary-Beth-Bailey-200x300.jpg 200w, https:\/\/completehealth.com\/wp-content\/uploads\/2025\/11\/Mary-Beth-Bailey-683x1024.jpg 683w, https:\/\/completehealth.com\/wp-content\/uploads\/2025\/11\/Mary-Beth-Bailey-768x1152.jpg 768w\" sizes=\"auto, (max-width: 800px) 100vw, 800px\" \/><\/figure>\n<\/div>\n\n\n\n<div class=\"wp-block-column is-vertically-aligned-center position-relative is-layout-flow wp-block-column-is-layout-flow\" style=\"flex-basis:66.66%\">\n<span class=\"quote\">\u201c<\/span>\n\n\n\n<p>Formar parte de una organizaci\u00f3n que tiene un impacto tan profundamente positivo en la vida de las personas es precisamente la raz\u00f3n por la que quise trabajar en el sector sanitario desde el principio. En Complete Health, es m\u00e1s que un trabajo; es una vocaci\u00f3n.<\/p>\n\n\n\n<h4 class=\"wp-block-heading\">\u2013 Dra. Mary Beth Bailey.<\/h4>\n\n\n\n<span class=\"quote2\">\u201d<\/span>\n<\/div>\n<\/div>\n<\/div>\n<\/div>\n<\/div>\n<\/div>\n<\/div><\/div>\n\n\n\n<p><\/p>","protected":false},"excerpt":{"rendered":"<p>Empleos \u00danase a nuestra familia CompleteHealth \u00bfEst\u00e1 listo para marcar una diferencia real en el cuidado de las personas mayores? En Complete Health, no solo somos un proveedor de servicios de salud, sino una familia dedicada a brindar a las personas mayores el cuidado integral que esperar\u00edamos para nuestros propios seres queridos. Si busca una carrera gratificante en la que su pasi\u00f3n por el bienestar de los pacientes se combine con [\u2026]<\/p>","protected":false},"author":4,"featured_media":0,"parent":0,"menu_order":0,"comment_status":"closed","ping_status":"closed","template":"","meta":{"_acf_changed":false,"inline_featured_image":false,"footnotes":""},"class_list":["post-1757","page","type-page","status-publish","hentry"],"acf":[],"yoast_head":"<!-- This site is optimized with the Yoast SEO plugin v26.7 - https:\/\/yoast.com\/wordpress\/plugins\/seo\/ -->\n<title>Explore Rewarding Healthcare Careers &amp; Physician Opportunities<\/title>\n<meta name=\"description\" content=\"Join the Complete Health team and support exceptional senior-focused primary care across Alabama, Florida, and Colorado. View open positions.\" \/>\n<meta name=\"robots\" content=\"index, follow, max-snippet:-1, max-image-preview:large, max-video-preview:-1\" \/>\n<link rel=\"canonical\" href=\"https:\/\/completehealth.com\/es\/careers\/\" \/>\n<meta property=\"og:locale\" content=\"es_MX\" \/>\n<meta property=\"og:type\" content=\"article\" \/>\n<meta property=\"og:title\" content=\"Explore Rewarding Healthcare Careers &amp; Physician Opportunities\" \/>\n<meta property=\"og:description\" content=\"Join the Complete Health team and support exceptional senior-focused primary care across Alabama, Florida, and Colorado. View open positions.\" \/>\n<meta property=\"og:url\" content=\"https:\/\/completehealth.com\/es\/careers\/\" \/>\n<meta property=\"og:site_name\" content=\"Complete Health\" \/>\n<meta property=\"article:modified_time\" content=\"2026-03-10T09:48:41+00:00\" \/>\n<meta property=\"og:image\" content=\"https:\/\/completehealth.com\/wp-content\/uploads\/2025\/12\/2f8172a8f7a2cd4e01194ac1f67f2ed4125c33e2.jpg\" \/>\n\t<meta property=\"og:image:width\" content=\"2048\" \/>\n\t<meta property=\"og:image:height\" content=\"1366\" \/>\n\t<meta property=\"og:image:type\" content=\"image\/jpeg\" \/>\n<meta name=\"twitter:card\" content=\"summary_large_image\" \/>\n<meta name=\"twitter:label1\" content=\"Tiempo de lectura\" \/>\n\t<meta name=\"twitter:data1\" content=\"3 minutos\" \/>\n<script type=\"application\/ld+json\" class=\"yoast-schema-graph\">{\"@context\":\"https:\/\/schema.org\",\"@graph\":[{\"@type\":\"WebPage\",\"@id\":\"https:\/\/completehealth.com\/careers\/\",\"url\":\"https:\/\/completehealth.com\/careers\/\",\"name\":\"Explore Rewarding Healthcare Careers & Physician Opportunities\",\"isPartOf\":{\"@id\":\"https:\/\/completehealth.com\/#website\"},\"primaryImageOfPage\":{\"@id\":\"https:\/\/completehealth.com\/careers\/#primaryimage\"},\"image\":{\"@id\":\"https:\/\/completehealth.com\/careers\/#primaryimage\"},\"thumbnailUrl\":\"https:\/\/completehealth.com\/wp-content\/uploads\/2025\/12\/2f8172a8f7a2cd4e01194ac1f67f2ed4125c33e2-1024x683.jpg\",\"datePublished\":\"2025-11-26T17:21:15+00:00\",\"dateModified\":\"2026-03-10T09:48:41+00:00\",\"description\":\"Join the Complete Health team and support exceptional senior-focused primary care across Alabama, Florida, and Colorado. View open positions.\",\"breadcrumb\":{\"@id\":\"https:\/\/completehealth.com\/careers\/#breadcrumb\"},\"inLanguage\":\"es\",\"potentialAction\":[{\"@type\":\"ReadAction\",\"target\":[\"https:\/\/completehealth.com\/careers\/\"]}]},{\"@type\":\"ImageObject\",\"inLanguage\":\"es\",\"@id\":\"https:\/\/completehealth.com\/careers\/#primaryimage\",\"url\":\"https:\/\/completehealth.com\/wp-content\/uploads\/2025\/12\/2f8172a8f7a2cd4e01194ac1f67f2ed4125c33e2-1024x683.jpg\",\"contentUrl\":\"https:\/\/completehealth.com\/wp-content\/uploads\/2025\/12\/2f8172a8f7a2cd4e01194ac1f67f2ed4125c33e2-1024x683.jpg\"},{\"@type\":\"BreadcrumbList\",\"@id\":\"https:\/\/completehealth.com\/careers\/#breadcrumb\",\"itemListElement\":[{\"@type\":\"ListItem\",\"position\":1,\"name\":\"Home\",\"item\":\"https:\/\/completehealth.com\/\"},{\"@type\":\"ListItem\",\"position\":2,\"name\":\"Careers\"}]},{\"@type\":\"WebSite\",\"@id\":\"https:\/\/completehealth.com\/#website\",\"url\":\"https:\/\/completehealth.com\/\",\"name\":\"Complete Health\",\"description\":\"\",\"publisher\":{\"@id\":\"https:\/\/completehealth.com\/#organization\"},\"potentialAction\":[{\"@type\":\"SearchAction\",\"target\":{\"@type\":\"EntryPoint\",\"urlTemplate\":\"https:\/\/completehealth.com\/?s={search_term_string}\"},\"query-input\":{\"@type\":\"PropertyValueSpecification\",\"valueRequired\":true,\"valueName\":\"search_term_string\"}}],\"inLanguage\":\"es\"},{\"@type\":\"Organization\",\"@id\":\"https:\/\/completehealth.com\/#organization\",\"name\":\"Complete Health\",\"url\":\"https:\/\/completehealth.com\/\",\"logo\":{\"@type\":\"ImageObject\",\"inLanguage\":\"es\",\"@id\":\"https:\/\/completehealth.com\/#\/schema\/logo\/image\/\",\"url\":\"https:\/\/completehealth.com\/wp-content\/uploads\/2025\/11\/CompleteHealth_LogoTM_NavBar.svg\",\"contentUrl\":\"https:\/\/completehealth.com\/wp-content\/uploads\/2025\/11\/CompleteHealth_LogoTM_NavBar.svg\",\"caption\":\"Complete Health\"},\"image\":{\"@id\":\"https:\/\/completehealth.com\/#\/schema\/logo\/image\/\"}}]}<\/script>\n<!-- \/ Yoast SEO plugin. -->","yoast_head_json":{"title":"Explore carreras gratificantes en el sector sanitario y oportunidades para m\u00e9dicos.","description":"Join the Complete Health team and support exceptional senior-focused primary care across Alabama, Florida, and Colorado. View open positions.","robots":{"index":"index","follow":"follow","max-snippet":"max-snippet:-1","max-image-preview":"max-image-preview:large","max-video-preview":"max-video-preview:-1"},"canonical":"https:\/\/completehealth.com\/es\/careers\/","og_locale":"es_MX","og_type":"article","og_title":"Explore Rewarding Healthcare Careers & Physician Opportunities","og_description":"Join the Complete Health team and support exceptional senior-focused primary care across Alabama, Florida, and Colorado. View open positions.","og_url":"https:\/\/completehealth.com\/es\/careers\/","og_site_name":"Complete Health","article_modified_time":"2026-03-10T09:48:41+00:00","og_image":[{"width":2048,"height":1366,"url":"https:\/\/completehealth.com\/wp-content\/uploads\/2025\/12\/2f8172a8f7a2cd4e01194ac1f67f2ed4125c33e2.jpg","type":"image\/jpeg"}],"twitter_card":"summary_large_image","twitter_misc":{"Tiempo de lectura":"3 minutos"},"schema":{"@context":"https:\/\/schema.org","@graph":[{"@type":"WebPage","@id":"https:\/\/completehealth.com\/careers\/","url":"https:\/\/completehealth.com\/careers\/","name":"Explore carreras gratificantes en el sector sanitario y oportunidades para m\u00e9dicos.","isPartOf":{"@id":"https:\/\/completehealth.com\/#website"},"primaryImageOfPage":{"@id":"https:\/\/completehealth.com\/careers\/#primaryimage"},"image":{"@id":"https:\/\/completehealth.com\/careers\/#primaryimage"},"thumbnailUrl":"https:\/\/completehealth.com\/wp-content\/uploads\/2025\/12\/2f8172a8f7a2cd4e01194ac1f67f2ed4125c33e2-1024x683.jpg","datePublished":"2025-11-26T17:21:15+00:00","dateModified":"2026-03-10T09:48:41+00:00","description":"Join the Complete Health team and support exceptional senior-focused primary care across Alabama, Florida, and Colorado. View open positions.","breadcrumb":{"@id":"https:\/\/completehealth.com\/careers\/#breadcrumb"},"inLanguage":"es","potentialAction":[{"@type":"ReadAction","target":["https:\/\/completehealth.com\/careers\/"]}]},{"@type":"ImageObject","inLanguage":"es","@id":"https:\/\/completehealth.com\/careers\/#primaryimage","url":"https:\/\/completehealth.com\/wp-content\/uploads\/2025\/12\/2f8172a8f7a2cd4e01194ac1f67f2ed4125c33e2-1024x683.jpg","contentUrl":"https:\/\/completehealth.com\/wp-content\/uploads\/2025\/12\/2f8172a8f7a2cd4e01194ac1f67f2ed4125c33e2-1024x683.jpg"},{"@type":"BreadcrumbList","@id":"https:\/\/completehealth.com\/careers\/#breadcrumb","itemListElement":[{"@type":"ListItem","position":1,"name":"Home","item":"https:\/\/completehealth.com\/"},{"@type":"ListItem","position":2,"name":"Careers"}]},{"@type":"WebSite","@id":"https:\/\/completehealth.com\/#website","url":"https:\/\/completehealth.com\/","name":"Salud completa","description":"","publisher":{"@id":"https:\/\/completehealth.com\/#organization"},"potentialAction":[{"@type":"SearchAction","target":{"@type":"EntryPoint","urlTemplate":"https:\/\/completehealth.com\/?s={search_term_string}"},"query-input":{"@type":"PropertyValueSpecification","valueRequired":true,"valueName":"search_term_string"}}],"inLanguage":"es"},{"@type":"Organization","@id":"https:\/\/completehealth.com\/#organization","name":"Salud completa","url":"https:\/\/completehealth.com\/","logo":{"@type":"ImageObject","inLanguage":"es","@id":"https:\/\/completehealth.com\/#\/schema\/logo\/image\/","url":"https:\/\/completehealth.com\/wp-content\/uploads\/2025\/11\/CompleteHealth_LogoTM_NavBar.svg","contentUrl":"https:\/\/completehealth.com\/wp-content\/uploads\/2025\/11\/CompleteHealth_LogoTM_NavBar.svg","caption":"Complete Health"},"image":{"@id":"https:\/\/completehealth.com\/#\/schema\/logo\/image\/"}}]}},"_links":{"self":[{"href":"https:\/\/completehealth.com\/es\/wp-json\/wp\/v2\/pages\/1757","targetHints":{"allow":["GET"]}}],"collection":[{"href":"https:\/\/completehealth.com\/es\/wp-json\/wp\/v2\/pages"}],"about":[{"href":"https:\/\/completehealth.com\/es\/wp-json\/wp\/v2\/types\/page"}],"author":[{"embeddable":true,"href":"https:\/\/completehealth.com\/es\/wp-json\/wp\/v2\/users\/4"}],"replies":[{"embeddable":true,"href":"https:\/\/completehealth.com\/es\/wp-json\/wp\/v2\/comments?post=1757"}],"version-history":[{"count":42,"href":"https:\/\/completehealth.com\/es\/wp-json\/wp\/v2\/pages\/1757\/revisions"}],"predecessor-version":[{"id":2654,"href":"https:\/\/completehealth.com\/es\/wp-json\/wp\/v2\/pages\/1757\/revisions\/2654"}],"wp:attachment":[{"href":"https:\/\/completehealth.com\/es\/wp-json\/wp\/v2\/media?parent=1757"}],"curies":[{"name":"wp","href":"https:\/\/api.w.org\/{rel}","templated":true}]}}