{"id":1878,"date":"2025-12-02T01:47:31","date_gmt":"2025-12-02T06:47:31","guid":{"rendered":"https:\/\/completehealth.com\/?page_id=1878"},"modified":"2026-03-10T05:48:38","modified_gmt":"2026-03-10T09:48:38","slug":"privacy-policy","status":"publish","type":"page","link":"https:\/\/completehealth.com\/es\/privacy-policy\/","title":{"rendered":"Pol\u00edtica de privacidad"},"content":{"rendered":"<div class=\"wp-block-group container pt-3 breadcrumbs pb-0\"><div class=\"wp-block-group__inner-container is-layout-constrained wp-block-group-is-layout-constrained\"><nav aria-label=\"Ruta de navegaci\u00f3n\" class=\"thg-breadcrumb d-flex align-items-center\" itemscope itemtype=\"http:\/\/schema.org\/BreadcrumbList\"><div itemprop=\"itemListElement\" itemscope itemtype=\"http:\/\/schema.org\/ListItem\"><a itemprop=\"item\" class=\"breadcrumb-path\" href=\"https:\/\/completehealth.com\/es\"><span itemprop=\"name\">Inicio<\/span><\/a><meta itemprop=\"position\" content=\"1\" \/><\/div><span class=\"breadcrumb-divider\"> &gt; <\/span><\/nav>\n\n\n\n<hr class=\"wp-block-separator has-alpha-channel-opacity\"\/>\n<\/div><\/div>\n\n\n\n<div class=\"wp-block-group container post-title py-5 py-sm-7\"><div class=\"wp-block-group__inner-container is-layout-constrained wp-block-group-is-layout-constrained\">\n<h1 class=\"wp-block-heading fs-45\">Pol\u00edtica de privacidad<\/h1>\n\n\n\n<p>Su privacidad es importante para nosotros. La pol\u00edtica de Complete Health es respetar su privacidad con respecto a cualquier informaci\u00f3n que podamos recopilar de usted a trav\u00e9s de nuestro sitio web., <a href=\"https:\/\/completehealth.com\/es\/\">www.completehealth.com<\/a>, y otros sitios que poseemos y operamos.<\/p>\n\n\n\n<h2 class=\"wp-block-heading fs-45 mt-5 mt-sm-7\">Informaci\u00f3n que recopilamos<\/h2>\n\n\n\n<ul class=\"wp-block-list\">\n<li>Datos de registro\n<ul class=\"wp-block-list\">\n<li>Cuando visita nuestro sitio web, nuestros servidores pueden registrar autom\u00e1ticamente los datos est\u00e1ndar proporcionados por su navegador web. Estos datos se consideran \u201cinformaci\u00f3n no identificable\u201d, ya que por s\u00ed solos no le identifican personalmente. Pueden incluir la direcci\u00f3n del Protocolo de Internet (IP) de su computadora, el tipo y la versi\u00f3n de su navegador, las p\u00e1ginas que visita, la hora y la fecha de su visita, el tiempo que pasa en cada p\u00e1gina y otros detalles.<\/li>\n<\/ul>\n<\/li>\n\n\n\n<li>Informaci\u00f3n personal\n<ul class=\"wp-block-list\">\n<li>Podemos solicitar informaci\u00f3n personal, como su\n<ul class=\"wp-block-list\">\n<li>Nombre<\/li>\n\n\n\n<li>Correo electr\u00f3nico<\/li>\n\n\n\n<li>N\u00famero de tel\u00e9fono\/celular<\/li>\n\n\n\n<li>Nombre de la empresa<\/li>\n<\/ul>\n<\/li>\n\n\n\n<li>Estos datos se consideran \u201cinformaci\u00f3n identificativa\u201d, ya que pueden identificarlo personalmente. Solo solicitamos informaci\u00f3n personal relevante para brindarle un servicio y solo la utilizamos para ayudar a proporcionar o mejorar dicho servicio.<\/li>\n<\/ul>\n<\/li>\n<\/ul>\n\n\n\n<h3 class=\"wp-block-heading\">C\u00f3mo recopilamos la informaci\u00f3n<\/h3>\n\n\n\n<p>Recopilamos informaci\u00f3n por medios justos y legales, con su conocimiento y consentimiento. Tambi\u00e9n le informamos por qu\u00e9 la recopilamos y c\u00f3mo se utilizar\u00e1. Usted es libre de rechazar nuestra solicitud de esta informaci\u00f3n, entendiendo que es posible que no podamos proporcionarle algunos de los servicios que desea sin ella.<\/p>\n\n\n\n<h3 class=\"wp-block-heading\">Uso de la informaci\u00f3n<\/h3>\n\n\n\n<p>Podemos utilizar una combinaci\u00f3n de informaci\u00f3n identificable y no identificable para comprender qui\u00e9nes son nuestros visitantes, c\u00f3mo utilizan nuestros servicios y c\u00f3mo podemos mejorar su experiencia en nuestro sitio web en el futuro. No revelamos p\u00fablicamente los detalles de esta informaci\u00f3n, pero podemos compartir versiones agregadas y an\u00f3nimas de la misma, por ejemplo, en informes sobre las tendencias de uso del sitio web y de los clientes.<\/p>\n\n\n\n<p>Podemos utilizar sus datos personales para ponernos en contacto con usted y enviarle novedades sobre nuestro sitio web y nuestros servicios, as\u00ed como contenido promocional que consideremos que pueda ser de su inter\u00e9s. Si desea dejar de recibir contenido promocional, puede seguir las instrucciones para darse de baja que se incluyen en todas nuestras comunicaciones promocionales.<\/p>\n\n\n\n<h3 class=\"wp-block-heading\">Procesamiento y almacenamiento de datos<\/h3>\n\n\n\n<p>La informaci\u00f3n personal que recopilamos se almacena y procesa en Estados Unidos, o en los lugares donde nosotros, nuestros socios, afiliados y proveedores externos contamos con instalaciones. Solo transferimos datos dentro de jurisdicciones sujetas a leyes de protecci\u00f3n de datos que reflejan nuestro compromiso con la protecci\u00f3n de la privacidad de nuestros usuarios.<\/p>\n\n\n\n<p>Solo conservamos la informaci\u00f3n personal durante el tiempo necesario para prestar un servicio o mejorar nuestros servicios en el futuro. Mientras conservemos estos datos, los protegeremos con medios comercialmente aceptables para evitar su p\u00e9rdida y robo, as\u00ed como el acceso, la divulgaci\u00f3n, la copia, el uso o la modificaci\u00f3n no autorizados. Dicho esto, advertimos que ning\u00fan m\u00e9todo de transmisi\u00f3n o almacenamiento electr\u00f3nico es 100 % seguro y no podemos garantizar la seguridad absoluta de los datos.<\/p>\n\n\n\n<p>Si solicita que se elimine su informaci\u00f3n personal, o cuando su informaci\u00f3n personal ya no sea relevante para nuestras operaciones, la borraremos de nuestro sistema en un plazo razonable.<\/p>\n\n\n\n<h2 class=\"wp-block-heading fs-45\">Cookies<\/h2>\n\n\n\n<p>Utilizamos \u201ccookies\u201d para recopilar informaci\u00f3n sobre usted y su actividad en nuestro sitio web. Una cookie es un peque\u00f1o archivo de datos que nuestro sitio web almacena en su computadora y al que accede cada vez que lo visita, lo que nos permite comprender c\u00f3mo utiliza nuestro sitio. Esto nos ayuda a ofrecerle contenido basado en las preferencias que ha especificado. Consulte nuestra Pol\u00edtica de cookies para obtener m\u00e1s informaci\u00f3n.<\/p>\n\n\n\n<h3 class=\"wp-block-heading\">Acceso de terceros a la informaci\u00f3n<\/h3>\n\n\n\n<p>Utilizamos servicios de terceros para:<\/p>\n\n\n\n<ul class=\"wp-block-list\">\n<li>Seguimiento anal\u00edtico<\/li>\n\n\n\n<li>Publicidad y promoci\u00f3n<\/li>\n\n\n\n<li>Marketing de contenidos<\/li>\n\n\n\n<li>Marketing por correo electr\u00f3nico<\/li>\n<\/ul>\n\n\n\n<p>Estos servicios pueden acceder a nuestros datos con el \u00fanico fin de realizar tareas espec\u00edficas en nuestro nombre. No compartimos con ellos ninguna informaci\u00f3n de identificaci\u00f3n personal sin su consentimiento expl\u00edcito. No les damos permiso para divulgar o utilizar ninguno de nuestros datos para ning\u00fan otro fin.<\/p>\n\n\n\n<p>Es posible que, ocasionalmente, permitamos el acceso limitado a nuestros datos a consultores y agencias externos con fines de an\u00e1lisis y mejora del servicio. Este acceso solo se permite durante el tiempo necesario para realizar una funci\u00f3n espec\u00edfica. Solo trabajamos con agencias externas cuyas pol\u00edticas de privacidad coincidan con las nuestras.<\/p>\n\n\n\n<p>Rechazaremos las solicitudes de datos por parte del gobierno y las fuerzas del orden si consideramos que una solicitud es demasiado amplia o no guarda relaci\u00f3n con el prop\u00f3sito declarado. Sin embargo, podremos cooperar si consideramos que la informaci\u00f3n solicitada es necesaria y adecuada para cumplir con un proceso legal, proteger nuestros propios derechos y propiedad, proteger la seguridad del p\u00fablico y de cualquier persona, prevenir un delito o impedir lo que razonablemente consideramos una actividad ilegal, susceptible de ser objeto de acciones legales o poco \u00e9tica.<\/p>\n\n\n\n<p>No compartimos ni proporcionamos informaci\u00f3n personal a terceros. No vendemos ni alquilamos su informaci\u00f3n personal a comercializadores o terceros.<\/p>\n\n\n\n<h3 class=\"wp-block-heading\">L\u00edmites de nuestra pol\u00edtica<\/h3>\n\n\n\n<p>Esta pol\u00edtica de privacidad solo cubre la recopilaci\u00f3n y el tratamiento de datos por parte de Complete Health. Solo trabajamos con socios, afiliados y proveedores externos cuyas pol\u00edticas de privacidad se ajustan a las nuestras; sin embargo, no podemos aceptar ninguna responsabilidad por sus respectivas pr\u00e1cticas de privacidad.<\/p>\n\n\n\n<p>Nuestro sitio web puede contener enlaces a sitios externos que no son operados por nosotros. Tenga en cuenta que no tenemos control sobre el contenido y las pol\u00edticas de esos sitios, y no podemos aceptar responsabilidad alguna por sus respectivas pr\u00e1cticas de privacidad.<\/p>\n\n\n\n<h3 class=\"wp-block-heading\">Cambios en esta pol\u00edtica<\/h3>\n\n\n\n<p>A nuestra discreci\u00f3n, podemos modificar nuestra pol\u00edtica de privacidad para reflejar las pr\u00e1cticas aceptables actuales. Tomaremos las medidas razonables para informar a los usuarios sobre los cambios a trav\u00e9s de nuestro sitio web.<\/p>\n\n\n\n<h3 class=\"wp-block-heading\">Sus derechos y responsabilidades<\/h3>\n\n\n\n<p>Como usuario, tienes derecho a estar informado sobre c\u00f3mo se recopilan y utilizan tus datos. Tienes derecho a saber qu\u00e9 datos recopilamos sobre ti y c\u00f3mo se procesan. Tienes derecho a corregir y actualizar cualquier informaci\u00f3n personal sobre ti, as\u00ed como a solicitar que se elimine dicha informaci\u00f3n. Puedes modificar o eliminar la informaci\u00f3n de tu cuenta en cualquier momento utilizando las herramientas que se proporcionan en el panel de control de tu cuenta.<\/p>\n\n\n\n<p>Tienes derecho a restringir u oponerte al uso que hacemos de tus datos, conservando el derecho a utilizar tu informaci\u00f3n personal para tus propios fines. Tienes derecho a optar por que tus datos no se utilicen en decisiones basadas \u00fanicamente en el procesamiento automatizado.<\/p>\n\n\n\n<p>No dude en ponerse en contacto con nosotros si tiene alguna duda o pregunta sobre c\u00f3mo tratamos sus datos e informaci\u00f3n personal.<\/p>\n\n\n\n<p>Esta pol\u00edtica entra en vigor a partir del 5 de mayo de 2020.<\/p>\n\n\n\n<h2 class=\"wp-block-heading fs-45\">Pol\u00edtica de cookies<\/h2>\n\n\n\n<p>Utilizamos cookies para mejorar su experiencia de <a href=\"https:\/\/completehealth.com\/es\/\">www.completehealth.com<\/a>. Esta pol\u00edtica de cookies forma parte de la pol\u00edtica de privacidad de Complete Health y abarca el uso de cookies entre su dispositivo y nuestro sitio web. Tambi\u00e9n proporcionamos informaci\u00f3n b\u00e1sica sobre los servicios de terceros que podemos utilizar, los cuales tambi\u00e9n pueden utilizar cookies como parte de su servicio, aunque no est\u00e1n cubiertos por nuestra pol\u00edtica.<\/p>\n\n\n\n<p>Si no desea aceptar nuestras cookies, debe configurar su navegador para que rechace las cookies de <a href=\"https:\/\/completehealth.com\/es\/\">www.completehealth.com<\/a>, entendiendo que es posible que no podamos proporcionarle algunos de los contenidos y servicios que desea.<\/p>\n\n\n\n<h3 class=\"wp-block-heading\">\u00bfQu\u00e9 es una cookie?<\/h3>\n\n\n\n<p>Una cookie es un peque\u00f1o archivo de datos que un sitio web almacena en su dispositivo cuando lo visita, y que normalmente contiene informaci\u00f3n sobre el propio sitio web, un identificador \u00fanico que permite al sitio reconocer su navegador web cuando regresa, datos adicionales que sirven para el prop\u00f3sito de la cookie y la vida \u00fatil de la propia cookie.<\/p>\n\n\n\n<p>Las cookies se utilizan para habilitar ciertas funciones (por ejemplo, iniciar sesi\u00f3n), realizar un seguimiento del uso del sitio (por ejemplo, an\u00e1lisis), almacenar su configuraci\u00f3n de usuario (por ejemplo, zona horaria, preferencias de notificaci\u00f3n) y personalizar su contenido (por ejemplo, publicidad, idioma).<\/p>\n\n\n\n<p>Las cookies establecidas por el sitio web que est\u00e1 visitando se denominan normalmente \u201ccookies propias\u201d y, por lo general, solo rastrean su actividad en ese sitio en particular. Las cookies establecidas por otros sitios y empresas (es decir, terceros) se denominan \u201ccookies de terceros\u201d y pueden utilizarse para rastrearle en otros sitios web que utilicen el mismo servicio de terceros.<\/p>\n\n\n\n<h3 class=\"wp-block-heading\">Tipos de cookies y c\u00f3mo las utilizamos<\/h3>\n\n\n\n<ul class=\"wp-block-list\">\n<li>Cookies de rendimiento\n<ul class=\"wp-block-list\">\n<li>Las cookies de rendimiento se utilizan para rastrear c\u00f3mo utiliza un sitio web durante su visita, sin recopilar informaci\u00f3n personal sobre usted. Por lo general, esta informaci\u00f3n es an\u00f3nima y se agrega a la informaci\u00f3n rastreada de todos los usuarios del sitio, para ayudar a las empresas a comprender los patrones de uso de los visitantes, identificar y diagnosticar problemas o errores que puedan encontrar sus usuarios, y tomar mejores decisiones estrat\u00e9gicas para mejorar la experiencia general de su p\u00fablico en el sitio web. Estas cookies pueden ser establecidas por el sitio web que est\u00e1 visitando (de origen) o por servicios de terceros. Utilizamos cookies de rendimiento en nuestro sitio web.<\/li>\n<\/ul>\n<\/li>\n\n\n\n<li>Cookies de segmentaci\u00f3n\/publicidad\n<ul class=\"wp-block-list\">\n<li>Las cookies de segmentaci\u00f3n\/publicidad se utilizan para determinar qu\u00e9 contenido promocional es m\u00e1s relevante y adecuado para usted y sus intereses. Los sitios web pueden utilizarlas para ofrecer publicidad segmentada o para limitar el n\u00famero de veces que ve un anuncio. Esto ayuda a las empresas a mejorar la eficacia de sus campa\u00f1as y la calidad del contenido que se le presenta. Estas cookies pueden ser establecidas por el sitio web que est\u00e1 visitando (de origen) o por servicios de terceros. Las cookies de segmentaci\u00f3n\/publicidad establecidas por terceros pueden utilizarse para rastrearlo en otros sitios web que utilicen el mismo servicio de terceros. Utilizamos cookies de segmentaci\u00f3n\/publicidad en nuestro sitio.<\/li>\n<\/ul>\n<\/li>\n\n\n\n<li>Cookies de funcionalidad\n<ul class=\"wp-block-list\">\n<li>Las cookies de funcionalidad se utilizan para recopilar informaci\u00f3n sobre su dispositivo y cualquier configuraci\u00f3n que pueda establecer en el sitio web que est\u00e1 visitando (como la configuraci\u00f3n de idioma y zona horaria). Con esta informaci\u00f3n, los sitios web pueden proporcionarle contenidos y servicios personalizados, mejorados u optimizados. Estas cookies pueden ser establecidas por el sitio web que est\u00e1 visitando (de origen) o por un servicio externo. No utilizamos este tipo de cookies en nuestro sitio web.<\/li>\n<\/ul>\n<\/li>\n\n\n\n<li>Cookies esenciales\n<ul class=\"wp-block-list\">\n<li>Las cookies esenciales son cruciales para su experiencia en un sitio web, ya que permiten funciones b\u00e1sicas como el inicio de sesi\u00f3n de los usuarios, la administraci\u00f3n de cuentas, los carritos de compras y el procesamiento de pagos. No utilizamos este tipo de cookies en nuestro sitio.<\/li>\n<\/ul>\n<\/li>\n<\/ul>\n\n\n\n<h3 class=\"wp-block-heading\">Cookies de terceros en nuestro sitio web<\/h3>\n\n\n\n<p>Podemos contratar a empresas e individuos externos en nuestros sitios web, por ejemplo, proveedores de an\u00e1lisis y socios de contenido. Concedemos a estos terceros acceso a informaci\u00f3n seleccionada para que realicen tareas espec\u00edficas en nuestro nombre. Tambi\u00e9n pueden establecer cookies de terceros con el fin de prestar los servicios que ofrecen. Las cookies de terceros pueden utilizarse para rastrear su actividad en otros sitios web que utilicen el mismo servicio de terceros. Dado que no tenemos control sobre las cookies de terceros, estas no est\u00e1n cubiertas por la pol\u00edtica de cookies de Complete Health.<\/p>\n\n\n\n<h3 class=\"wp-block-heading\">Nuestro compromiso con terceros<\/h3>\n\n\n\n<p>Revisamos las pol\u00edticas de privacidad de todos nuestros proveedores externos antes de contratar sus servicios para asegurarnos de que sus pr\u00e1cticas se ajustan a las nuestras. Nunca incluiremos a sabiendas servicios de terceros que comprometan o violen la privacidad de nuestros usuarios.<\/p>\n\n\n\n<h3 class=\"wp-block-heading\">C\u00f3mo puede controlar o desactivar las cookies<\/h3>\n\n\n\n<p>Si no desea aceptar nuestras cookies, puede configurar su navegador para que rechace las cookies de nuestro sitio web. La mayor\u00eda de los navegadores est\u00e1n configurados para aceptar cookies de forma predeterminada, pero puede actualizar esta configuraci\u00f3n para rechazar todas las cookies o para que se le notifique cuando un sitio web intente establecer o actualizar una cookie.<\/p>\n\n\n\n<p>Si navegas por sitios web desde varios dispositivos, es posible que tengas que actualizar la configuraci\u00f3n en cada uno de ellos.<\/p>\n\n\n\n<p>Aunque algunas cookies pueden bloquearse sin que ello afecte demasiado a su experiencia en un sitio web, bloquear todas las cookies puede significar que no pueda acceder a determinadas funciones y contenidos de los sitios que visita.<\/p>\n<\/div><\/div>","protected":false},"excerpt":{"rendered":"<p>Pol\u00edtica de privacidad Su privacidad es importante para nosotros. La pol\u00edtica de Complete Health es respetar su privacidad con respecto a cualquier informaci\u00f3n que podamos recopilar de usted a trav\u00e9s de nuestro sitio web, www.completehealth.com, y otros sitios que poseemos y operamos. Informaci\u00f3n que recopilamos C\u00f3mo recopilamos la informaci\u00f3n Recopilamos informaci\u00f3n por medios justos y legales, con su conocimiento y [\u2026]<\/p>","protected":false},"author":3,"featured_media":0,"parent":0,"menu_order":0,"comment_status":"closed","ping_status":"closed","template":"","meta":{"_acf_changed":false,"inline_featured_image":false,"footnotes":""},"class_list":["post-1878","page","type-page","status-publish","hentry"],"acf":[],"yoast_head":"<!-- This site is optimized with the Yoast SEO plugin v26.7 - https:\/\/yoast.com\/wordpress\/plugins\/seo\/ -->\n<title>Privacy Policy: Complete Health Primary Care &amp; General Practice<\/title>\n<meta name=\"description\" content=\"Read Complete Health&#039;s privacy policy explaining how personal information is collected, used, and protected on completehealth.com.\" \/>\n<meta name=\"robots\" content=\"index, follow, max-snippet:-1, max-image-preview:large, max-video-preview:-1\" \/>\n<link rel=\"canonical\" href=\"https:\/\/completehealth.com\/es\/privacy-policy\/\" \/>\n<meta property=\"og:locale\" content=\"es_MX\" \/>\n<meta property=\"og:type\" content=\"article\" \/>\n<meta property=\"og:title\" content=\"Privacy Policy: Complete Health Primary Care &amp; General Practice\" \/>\n<meta property=\"og:description\" content=\"Read Complete Health&#039;s privacy policy explaining how personal information is collected, used, and protected on completehealth.com.\" \/>\n<meta property=\"og:url\" content=\"https:\/\/completehealth.com\/es\/privacy-policy\/\" \/>\n<meta property=\"og:site_name\" content=\"Complete Health\" \/>\n<meta property=\"article:modified_time\" content=\"2026-03-10T09:48:38+00:00\" \/>\n<meta name=\"twitter:card\" content=\"summary_large_image\" \/>\n<meta name=\"twitter:label1\" content=\"Tiempo de lectura\" \/>\n\t<meta name=\"twitter:data1\" content=\"9 minutos\" \/>\n<script type=\"application\/ld+json\" class=\"yoast-schema-graph\">{\"@context\":\"https:\/\/schema.org\",\"@graph\":[{\"@type\":\"WebPage\",\"@id\":\"https:\/\/completehealth.com\/privacy-policy\/\",\"url\":\"https:\/\/completehealth.com\/privacy-policy\/\",\"name\":\"Privacy Policy: Complete Health Primary Care & General Practice\",\"isPartOf\":{\"@id\":\"https:\/\/completehealth.com\/#website\"},\"datePublished\":\"2025-12-02T06:47:31+00:00\",\"dateModified\":\"2026-03-10T09:48:38+00:00\",\"description\":\"Read Complete Health's privacy policy explaining how personal information is collected, used, and protected on completehealth.com.\",\"breadcrumb\":{\"@id\":\"https:\/\/completehealth.com\/privacy-policy\/#breadcrumb\"},\"inLanguage\":\"es\",\"potentialAction\":[{\"@type\":\"ReadAction\",\"target\":[\"https:\/\/completehealth.com\/privacy-policy\/\"]}]},{\"@type\":\"BreadcrumbList\",\"@id\":\"https:\/\/completehealth.com\/privacy-policy\/#breadcrumb\",\"itemListElement\":[{\"@type\":\"ListItem\",\"position\":1,\"name\":\"Home\",\"item\":\"https:\/\/completehealth.com\/\"},{\"@type\":\"ListItem\",\"position\":2,\"name\":\"Privacy Policy\"}]},{\"@type\":\"WebSite\",\"@id\":\"https:\/\/completehealth.com\/#website\",\"url\":\"https:\/\/completehealth.com\/\",\"name\":\"Complete Health\",\"description\":\"\",\"publisher\":{\"@id\":\"https:\/\/completehealth.com\/#organization\"},\"potentialAction\":[{\"@type\":\"SearchAction\",\"target\":{\"@type\":\"EntryPoint\",\"urlTemplate\":\"https:\/\/completehealth.com\/?s={search_term_string}\"},\"query-input\":{\"@type\":\"PropertyValueSpecification\",\"valueRequired\":true,\"valueName\":\"search_term_string\"}}],\"inLanguage\":\"es\"},{\"@type\":\"Organization\",\"@id\":\"https:\/\/completehealth.com\/#organization\",\"name\":\"Complete Health\",\"url\":\"https:\/\/completehealth.com\/\",\"logo\":{\"@type\":\"ImageObject\",\"inLanguage\":\"es\",\"@id\":\"https:\/\/completehealth.com\/#\/schema\/logo\/image\/\",\"url\":\"https:\/\/completehealth.com\/wp-content\/uploads\/2025\/11\/CompleteHealth_LogoTM_NavBar.svg\",\"contentUrl\":\"https:\/\/completehealth.com\/wp-content\/uploads\/2025\/11\/CompleteHealth_LogoTM_NavBar.svg\",\"caption\":\"Complete Health\"},\"image\":{\"@id\":\"https:\/\/completehealth.com\/#\/schema\/logo\/image\/\"}}]}<\/script>\n<!-- \/ Yoast SEO plugin. -->","yoast_head_json":{"title":"Pol\u00edtica de privacidad: Atenci\u00f3n primaria integral y medicina general","description":"Lea la pol\u00edtica de privacidad de Complete Health, en la que se explica c\u00f3mo se recopila, utiliza y protege la informaci\u00f3n personal en completehealth.com.","robots":{"index":"index","follow":"follow","max-snippet":"max-snippet:-1","max-image-preview":"max-image-preview:large","max-video-preview":"max-video-preview:-1"},"canonical":"https:\/\/completehealth.com\/es\/privacy-policy\/","og_locale":"es_MX","og_type":"article","og_title":"Privacy Policy: Complete Health Primary Care & General Practice","og_description":"Read Complete Health's privacy policy explaining how personal information is collected, used, and protected on completehealth.com.","og_url":"https:\/\/completehealth.com\/es\/privacy-policy\/","og_site_name":"Complete Health","article_modified_time":"2026-03-10T09:48:38+00:00","twitter_card":"summary_large_image","twitter_misc":{"Tiempo de lectura":"9 minutos"},"schema":{"@context":"https:\/\/schema.org","@graph":[{"@type":"WebPage","@id":"https:\/\/completehealth.com\/privacy-policy\/","url":"https:\/\/completehealth.com\/privacy-policy\/","name":"Pol\u00edtica de privacidad: Atenci\u00f3n primaria integral y medicina general","isPartOf":{"@id":"https:\/\/completehealth.com\/#website"},"datePublished":"2025-12-02T06:47:31+00:00","dateModified":"2026-03-10T09:48:38+00:00","description":"Lea la pol\u00edtica de privacidad de Complete Health, en la que se explica c\u00f3mo se recopila, utiliza y protege la informaci\u00f3n personal en completehealth.com.","breadcrumb":{"@id":"https:\/\/completehealth.com\/privacy-policy\/#breadcrumb"},"inLanguage":"es","potentialAction":[{"@type":"ReadAction","target":["https:\/\/completehealth.com\/privacy-policy\/"]}]},{"@type":"BreadcrumbList","@id":"https:\/\/completehealth.com\/privacy-policy\/#breadcrumb","itemListElement":[{"@type":"ListItem","position":1,"name":"Home","item":"https:\/\/completehealth.com\/"},{"@type":"ListItem","position":2,"name":"Privacy Policy"}]},{"@type":"WebSite","@id":"https:\/\/completehealth.com\/#website","url":"https:\/\/completehealth.com\/","name":"Salud completa","description":"","publisher":{"@id":"https:\/\/completehealth.com\/#organization"},"potentialAction":[{"@type":"SearchAction","target":{"@type":"EntryPoint","urlTemplate":"https:\/\/completehealth.com\/?s={search_term_string}"},"query-input":{"@type":"PropertyValueSpecification","valueRequired":true,"valueName":"search_term_string"}}],"inLanguage":"es"},{"@type":"Organization","@id":"https:\/\/completehealth.com\/#organization","name":"Salud completa","url":"https:\/\/completehealth.com\/","logo":{"@type":"ImageObject","inLanguage":"es","@id":"https:\/\/completehealth.com\/#\/schema\/logo\/image\/","url":"https:\/\/completehealth.com\/wp-content\/uploads\/2025\/11\/CompleteHealth_LogoTM_NavBar.svg","contentUrl":"https:\/\/completehealth.com\/wp-content\/uploads\/2025\/11\/CompleteHealth_LogoTM_NavBar.svg","caption":"Complete Health"},"image":{"@id":"https:\/\/completehealth.com\/#\/schema\/logo\/image\/"}}]}},"_links":{"self":[{"href":"https:\/\/completehealth.com\/es\/wp-json\/wp\/v2\/pages\/1878","targetHints":{"allow":["GET"]}}],"collection":[{"href":"https:\/\/completehealth.com\/es\/wp-json\/wp\/v2\/pages"}],"about":[{"href":"https:\/\/completehealth.com\/es\/wp-json\/wp\/v2\/types\/page"}],"author":[{"embeddable":true,"href":"https:\/\/completehealth.com\/es\/wp-json\/wp\/v2\/users\/3"}],"replies":[{"embeddable":true,"href":"https:\/\/completehealth.com\/es\/wp-json\/wp\/v2\/comments?post=1878"}],"version-history":[{"count":5,"href":"https:\/\/completehealth.com\/es\/wp-json\/wp\/v2\/pages\/1878\/revisions"}],"predecessor-version":[{"id":1884,"href":"https:\/\/completehealth.com\/es\/wp-json\/wp\/v2\/pages\/1878\/revisions\/1884"}],"wp:attachment":[{"href":"https:\/\/completehealth.com\/es\/wp-json\/wp\/v2\/media?parent=1878"}],"curies":[{"name":"wp","href":"https:\/\/api.w.org\/{rel}","templated":true}]}}