{"id":1945,"date":"2025-12-02T12:09:37","date_gmt":"2025-12-02T17:09:37","guid":{"rendered":"https:\/\/completehealth.com\/?page_id=1945"},"modified":"2026-03-10T05:48:36","modified_gmt":"2026-03-10T09:48:36","slug":"medical-records-request","status":"publish","type":"page","link":"https:\/\/completehealth.com\/es\/medical-records-request\/","title":{"rendered":"Solicitud de expedientes m\u00e9dicos"},"content":{"rendered":"<div class=\"wp-block-group container pt-3 breadcrumbs pb-0\"><div class=\"wp-block-group__inner-container is-layout-constrained wp-block-group-is-layout-constrained\"><nav aria-label=\"Ruta de navegaci\u00f3n\" class=\"thg-breadcrumb d-flex align-items-center\" itemscope itemtype=\"http:\/\/schema.org\/BreadcrumbList\"><div itemprop=\"itemListElement\" itemscope itemtype=\"http:\/\/schema.org\/ListItem\"><a itemprop=\"item\" class=\"breadcrumb-path\" href=\"https:\/\/completehealth.com\/es\"><span itemprop=\"name\">Inicio<\/span><\/a><meta itemprop=\"position\" content=\"1\" \/><\/div><span class=\"breadcrumb-divider\"> &gt; <\/span><\/nav>\n\n\n\n<hr class=\"wp-block-separator has-alpha-channel-opacity\"\/>\n<\/div><\/div>\n\n\n\n<div class=\"wp-block-group container post-title py-5 py-sm-7\"><div class=\"wp-block-group__inner-container is-layout-constrained wp-block-group-is-layout-constrained\">\n<h1 class=\"wp-block-heading fs-45\">Solicitud de expedientes m\u00e9dicos<\/h1>\n\n\n\n<p class=\"w-100 w-sm-50\">Complete Health utiliza HealthMark Request Manager para las solicitudes de expedientes m\u00e9dicos. El proceso es r\u00e1pido, f\u00e1cil y seguro.<\/p>\n<\/div><\/div>\n\n\n\n<div class=\"wp-block-group container-fluid lr py-5 py-sm-6 eu\"><div class=\"wp-block-group__inner-container is-layout-constrained wp-block-group-is-layout-constrained\">\n<div class=\"wp-block-group container\"><div class=\"wp-block-group__inner-container is-layout-constrained wp-block-group-is-layout-constrained\">\n<div class=\"wp-block-columns is-layout-flex wp-container-core-columns-is-layout-9d6595d7 wp-block-columns-is-layout-flex\">\n<div class=\"wp-block-column is-layout-flow wp-block-column-is-layout-flow\">\n<h3 class=\"wp-block-heading has-text-align-center\">Paso 1<\/h3>\n\n\n\n<p class=\"has-text-align-center\">Haga clic <a href=\"https:\/\/requestmanager.healthmark-group.com\/register\" target=\"_blank\" rel=\"noreferrer noopener\"><strong>aqu\u00ed<\/strong><\/a> para registrarse.<\/p>\n<\/div>\n\n\n\n<div class=\"wp-block-column is-layout-flow wp-block-column-is-layout-flow\">\n<h3 class=\"wp-block-heading has-text-align-center\">Paso 2<\/h3>\n\n\n\n<p class=\"has-text-align-center\">Ingresa tu correo electr\u00f3nico para comenzar la configuraci\u00f3n de la cuenta.<\/p>\n<\/div>\n\n\n\n<div class=\"wp-block-column is-layout-flow wp-block-column-is-layout-flow\">\n<h3 class=\"wp-block-heading has-text-align-center\">Paso 3<\/h3>\n\n\n\n<p class=\"has-text-align-center\">Las actualizaciones de estado se env\u00edan por correo electr\u00f3nico. Se le notificar\u00e1 una vez que sus registros est\u00e9n listos para descargar.<\/p>\n<\/div>\n<\/div>\n<\/div><\/div>\n<\/div><\/div>\n\n\n\n<div class=\"wp-block-group container py-5 py-sm-7 contact-information\"><div class=\"wp-block-group__inner-container is-layout-constrained wp-block-group-is-layout-constrained\">\n<h2 class=\"wp-block-heading has-text-align-center fs-45\">\u00bfPreguntas?<\/h2>\n\n\n\n<div class=\"wp-block-columns is-layout-flex wp-container-core-columns-is-layout-9d6595d7 wp-block-columns-is-layout-flex\">\n<div class=\"wp-block-column is-layout-flow wp-block-column-is-layout-flow\"><div class=\"wp-block-image\">\n<figure class=\"aligncenter size-large\"><img loading=\"lazy\" decoding=\"async\" width=\"36\" height=\"36\" src=\"https:\/\/completehealth.com\/wp-content\/uploads\/2025\/11\/Vector.svg\" alt=\"\" class=\"wp-image-1444\"\/><\/figure><\/div>\n\n\n<p class=\"has-text-align-center phone\"><a href=\"tel:800-659-4035\">(800) 659-4035<\/a><\/p>\n<\/div>\n\n\n\n<div class=\"wp-block-column is-layout-flow wp-block-column-is-layout-flow\"><div class=\"wp-block-image\">\n<figure class=\"aligncenter size-large\"><img loading=\"lazy\" decoding=\"async\" width=\"42\" height=\"36\" src=\"https:\/\/completehealth.com\/wp-content\/uploads\/2025\/11\/Group-273.svg\" alt=\"\" class=\"wp-image-1445\"\/><\/figure><\/div>\n\n\n<p class=\"has-text-align-center\"><a href=\"mailto:status@healthmark-group.com\">status@healthmark-group.com<\/a><\/p>\n<\/div>\n\n\n\n<div class=\"wp-block-column is-layout-flow wp-block-column-is-layout-flow\"><div class=\"wp-block-image\">\n<figure class=\"aligncenter size-large\"><img loading=\"lazy\" decoding=\"async\" width=\"36\" height=\"36\" src=\"https:\/\/completehealth.com\/wp-content\/uploads\/2025\/11\/Group-275.svg\" alt=\"\" class=\"wp-image-1446\"\/><\/figure><\/div>\n\n\n<p class=\"has-text-align-center\">De lunes a viernes<br>8:00 a. m. a 5:00 p. m., hora central est\u00e1ndar<\/p>\n<\/div>\n<\/div>\n<\/div><\/div>","protected":false},"excerpt":{"rendered":"<p>Solicitud de expedientes m\u00e9dicos Complete Health utiliza HealthMark Request Manager para las solicitudes de expedientes m\u00e9dicos. El proceso es r\u00e1pido, f\u00e1cil y seguro. Paso 1: Haga clic aqu\u00ed para registrarse. Paso 2: Introduzca su correo electr\u00f3nico para comenzar la configuraci\u00f3n de la cuenta. Paso 3: Las actualizaciones de estado se env\u00edan por correo electr\u00f3nico. Se le notificar\u00e1 una vez que sus expedientes est\u00e9n listos para [\u2026]<\/p>","protected":false},"author":3,"featured_media":0,"parent":0,"menu_order":0,"comment_status":"closed","ping_status":"closed","template":"","meta":{"_acf_changed":false,"inline_featured_image":false,"footnotes":""},"class_list":["post-1945","page","type-page","status-publish","hentry"],"acf":[],"yoast_head":"<!-- This site is optimized with the Yoast SEO plugin v26.7 - https:\/\/yoast.com\/wordpress\/plugins\/seo\/ -->\n<title>Medical Records | Complete Health<\/title>\n<meta name=\"description\" content=\"Request your medical records from Complete Health quickly and securely. Learn how to submit a records request online or by phone.\" \/>\n<meta name=\"robots\" content=\"index, follow, max-snippet:-1, max-image-preview:large, max-video-preview:-1\" \/>\n<link rel=\"canonical\" href=\"https:\/\/completehealth.com\/es\/medical-records-request\/\" \/>\n<meta property=\"og:locale\" content=\"es_MX\" \/>\n<meta property=\"og:type\" content=\"article\" \/>\n<meta property=\"og:title\" content=\"Medical Records | Complete Health\" \/>\n<meta property=\"og:description\" content=\"Request your medical records from Complete Health quickly and securely. Learn how to submit a records request online or by phone.\" \/>\n<meta property=\"og:url\" content=\"https:\/\/completehealth.com\/es\/medical-records-request\/\" \/>\n<meta property=\"og:site_name\" content=\"Complete Health\" \/>\n<meta property=\"article:modified_time\" content=\"2026-03-10T09:48:36+00:00\" \/>\n<meta name=\"twitter:card\" content=\"summary_large_image\" \/>\n<meta name=\"twitter:label1\" content=\"Tiempo de lectura\" \/>\n\t<meta name=\"twitter:data1\" content=\"1 minuto\" \/>\n<script type=\"application\/ld+json\" class=\"yoast-schema-graph\">{\"@context\":\"https:\/\/schema.org\",\"@graph\":[{\"@type\":\"WebPage\",\"@id\":\"https:\/\/completehealth.com\/medical-records-request\/\",\"url\":\"https:\/\/completehealth.com\/medical-records-request\/\",\"name\":\"Medical Records | Complete Health\",\"isPartOf\":{\"@id\":\"https:\/\/completehealth.com\/#website\"},\"primaryImageOfPage\":{\"@id\":\"https:\/\/completehealth.com\/medical-records-request\/#primaryimage\"},\"image\":{\"@id\":\"https:\/\/completehealth.com\/medical-records-request\/#primaryimage\"},\"thumbnailUrl\":\"https:\/\/completehealth.com\/wp-content\/uploads\/2025\/11\/Vector.svg\",\"datePublished\":\"2025-12-02T17:09:37+00:00\",\"dateModified\":\"2026-03-10T09:48:36+00:00\",\"description\":\"Request your medical records from Complete Health quickly and securely. Learn how to submit a records request online or by phone.\",\"breadcrumb\":{\"@id\":\"https:\/\/completehealth.com\/medical-records-request\/#breadcrumb\"},\"inLanguage\":\"es\",\"potentialAction\":[{\"@type\":\"ReadAction\",\"target\":[\"https:\/\/completehealth.com\/medical-records-request\/\"]}]},{\"@type\":\"ImageObject\",\"inLanguage\":\"es\",\"@id\":\"https:\/\/completehealth.com\/medical-records-request\/#primaryimage\",\"url\":\"https:\/\/completehealth.com\/wp-content\/uploads\/2025\/11\/Vector.svg\",\"contentUrl\":\"https:\/\/completehealth.com\/wp-content\/uploads\/2025\/11\/Vector.svg\"},{\"@type\":\"BreadcrumbList\",\"@id\":\"https:\/\/completehealth.com\/medical-records-request\/#breadcrumb\",\"itemListElement\":[{\"@type\":\"ListItem\",\"position\":1,\"name\":\"Home\",\"item\":\"https:\/\/completehealth.com\/\"},{\"@type\":\"ListItem\",\"position\":2,\"name\":\"Medical Records Request\"}]},{\"@type\":\"WebSite\",\"@id\":\"https:\/\/completehealth.com\/#website\",\"url\":\"https:\/\/completehealth.com\/\",\"name\":\"Complete Health\",\"description\":\"\",\"publisher\":{\"@id\":\"https:\/\/completehealth.com\/#organization\"},\"potentialAction\":[{\"@type\":\"SearchAction\",\"target\":{\"@type\":\"EntryPoint\",\"urlTemplate\":\"https:\/\/completehealth.com\/?s={search_term_string}\"},\"query-input\":{\"@type\":\"PropertyValueSpecification\",\"valueRequired\":true,\"valueName\":\"search_term_string\"}}],\"inLanguage\":\"es\"},{\"@type\":\"Organization\",\"@id\":\"https:\/\/completehealth.com\/#organization\",\"name\":\"Complete Health\",\"url\":\"https:\/\/completehealth.com\/\",\"logo\":{\"@type\":\"ImageObject\",\"inLanguage\":\"es\",\"@id\":\"https:\/\/completehealth.com\/#\/schema\/logo\/image\/\",\"url\":\"https:\/\/completehealth.com\/wp-content\/uploads\/2025\/11\/CompleteHealth_LogoTM_NavBar.svg\",\"contentUrl\":\"https:\/\/completehealth.com\/wp-content\/uploads\/2025\/11\/CompleteHealth_LogoTM_NavBar.svg\",\"caption\":\"Complete Health\"},\"image\":{\"@id\":\"https:\/\/completehealth.com\/#\/schema\/logo\/image\/\"}}]}<\/script>\n<!-- \/ Yoast SEO plugin. -->","yoast_head_json":{"title":"Historial m\u00e9dico | Salud completa","description":"Request your medical records from Complete Health quickly and securely. Learn how to submit a records request online or by phone.","robots":{"index":"index","follow":"follow","max-snippet":"max-snippet:-1","max-image-preview":"max-image-preview:large","max-video-preview":"max-video-preview:-1"},"canonical":"https:\/\/completehealth.com\/es\/medical-records-request\/","og_locale":"es_MX","og_type":"article","og_title":"Medical Records | Complete Health","og_description":"Request your medical records from Complete Health quickly and securely. Learn how to submit a records request online or by phone.","og_url":"https:\/\/completehealth.com\/es\/medical-records-request\/","og_site_name":"Complete Health","article_modified_time":"2026-03-10T09:48:36+00:00","twitter_card":"summary_large_image","twitter_misc":{"Tiempo de lectura":"1 minuto"},"schema":{"@context":"https:\/\/schema.org","@graph":[{"@type":"WebPage","@id":"https:\/\/completehealth.com\/medical-records-request\/","url":"https:\/\/completehealth.com\/medical-records-request\/","name":"Historial m\u00e9dico | Salud completa","isPartOf":{"@id":"https:\/\/completehealth.com\/#website"},"primaryImageOfPage":{"@id":"https:\/\/completehealth.com\/medical-records-request\/#primaryimage"},"image":{"@id":"https:\/\/completehealth.com\/medical-records-request\/#primaryimage"},"thumbnailUrl":"https:\/\/completehealth.com\/wp-content\/uploads\/2025\/11\/Vector.svg","datePublished":"2025-12-02T17:09:37+00:00","dateModified":"2026-03-10T09:48:36+00:00","description":"Request your medical records from Complete Health quickly and securely. Learn how to submit a records request online or by phone.","breadcrumb":{"@id":"https:\/\/completehealth.com\/medical-records-request\/#breadcrumb"},"inLanguage":"es","potentialAction":[{"@type":"ReadAction","target":["https:\/\/completehealth.com\/medical-records-request\/"]}]},{"@type":"ImageObject","inLanguage":"es","@id":"https:\/\/completehealth.com\/medical-records-request\/#primaryimage","url":"https:\/\/completehealth.com\/wp-content\/uploads\/2025\/11\/Vector.svg","contentUrl":"https:\/\/completehealth.com\/wp-content\/uploads\/2025\/11\/Vector.svg"},{"@type":"BreadcrumbList","@id":"https:\/\/completehealth.com\/medical-records-request\/#breadcrumb","itemListElement":[{"@type":"ListItem","position":1,"name":"Home","item":"https:\/\/completehealth.com\/"},{"@type":"ListItem","position":2,"name":"Medical Records Request"}]},{"@type":"WebSite","@id":"https:\/\/completehealth.com\/#website","url":"https:\/\/completehealth.com\/","name":"Salud completa","description":"","publisher":{"@id":"https:\/\/completehealth.com\/#organization"},"potentialAction":[{"@type":"SearchAction","target":{"@type":"EntryPoint","urlTemplate":"https:\/\/completehealth.com\/?s={search_term_string}"},"query-input":{"@type":"PropertyValueSpecification","valueRequired":true,"valueName":"search_term_string"}}],"inLanguage":"es"},{"@type":"Organization","@id":"https:\/\/completehealth.com\/#organization","name":"Salud completa","url":"https:\/\/completehealth.com\/","logo":{"@type":"ImageObject","inLanguage":"es","@id":"https:\/\/completehealth.com\/#\/schema\/logo\/image\/","url":"https:\/\/completehealth.com\/wp-content\/uploads\/2025\/11\/CompleteHealth_LogoTM_NavBar.svg","contentUrl":"https:\/\/completehealth.com\/wp-content\/uploads\/2025\/11\/CompleteHealth_LogoTM_NavBar.svg","caption":"Complete Health"},"image":{"@id":"https:\/\/completehealth.com\/#\/schema\/logo\/image\/"}}]}},"_links":{"self":[{"href":"https:\/\/completehealth.com\/es\/wp-json\/wp\/v2\/pages\/1945","targetHints":{"allow":["GET"]}}],"collection":[{"href":"https:\/\/completehealth.com\/es\/wp-json\/wp\/v2\/pages"}],"about":[{"href":"https:\/\/completehealth.com\/es\/wp-json\/wp\/v2\/types\/page"}],"author":[{"embeddable":true,"href":"https:\/\/completehealth.com\/es\/wp-json\/wp\/v2\/users\/3"}],"replies":[{"embeddable":true,"href":"https:\/\/completehealth.com\/es\/wp-json\/wp\/v2\/comments?post=1945"}],"version-history":[{"count":6,"href":"https:\/\/completehealth.com\/es\/wp-json\/wp\/v2\/pages\/1945\/revisions"}],"predecessor-version":[{"id":2540,"href":"https:\/\/completehealth.com\/es\/wp-json\/wp\/v2\/pages\/1945\/revisions\/2540"}],"wp:attachment":[{"href":"https:\/\/completehealth.com\/es\/wp-json\/wp\/v2\/media?parent=1945"}],"curies":[{"name":"wp","href":"https:\/\/api.w.org\/{rel}","templated":true}]}}