{"id":2032,"date":"2025-12-08T05:06:32","date_gmt":"2025-12-08T10:06:32","guid":{"rendered":"https:\/\/completehealth.com\/?page_id=2032"},"modified":"2026-03-10T05:48:34","modified_gmt":"2026-03-10T09:48:34","slug":"accepted-insurances","status":"publish","type":"page","link":"https:\/\/completehealth.com\/es\/accepted-insurances\/","title":{"rendered":"Seguros aceptados"},"content":{"rendered":"<div class=\"wp-block-group container pt-3 breadcrumbs pb-0\"><div class=\"wp-block-group__inner-container is-layout-constrained wp-block-group-is-layout-constrained\"><nav aria-label=\"Ruta de navegaci\u00f3n\" class=\"thg-breadcrumb d-flex align-items-center\" itemscope itemtype=\"http:\/\/schema.org\/BreadcrumbList\"><div itemprop=\"itemListElement\" itemscope itemtype=\"http:\/\/schema.org\/ListItem\"><a itemprop=\"item\" class=\"breadcrumb-path\" href=\"https:\/\/completehealth.com\/es\"><span itemprop=\"name\">Inicio<\/span><\/a><meta itemprop=\"position\" content=\"1\" \/><\/div><span class=\"breadcrumb-divider\"> &gt; <\/span><\/nav>\n\n\n\n<hr class=\"wp-block-separator has-alpha-channel-opacity\"\/>\n<\/div><\/div>\n\n\n\n<div class=\"wp-block-group container post-title py-5 py-sm-7\"><div class=\"wp-block-group__inner-container is-layout-constrained wp-block-group-is-layout-constrained\">\n<h1 class=\"wp-block-heading fs-45\">Seguros aceptados<\/h1>\n\n\n\n<p class=\"w-100 w-sm-50\">Nuestras cl\u00ednicas aceptan el Medicare tradicional y varios planes Medicare Advantage, entre los que se incluyen:<\/p>\n<\/div><\/div>\n\n\n\n<div class=\"wp-block-group container\"><div class=\"wp-block-group__inner-container is-layout-constrained wp-block-group-is-layout-constrained\">\n<h2 class=\"wp-block-heading has-text-align-left fs-45\">Alabama<\/h2>\n\n\n\n<div class=\"wp-block-columns is-layout-flex wp-container-core-columns-is-layout-9d6595d7 wp-block-columns-is-layout-flex\">\n<div class=\"wp-block-column is-layout-flow wp-block-column-is-layout-flow\">\n<h3 class=\"wp-block-heading\">Planes comerciales<\/h3>\n\n\n\n<ul class=\"wp-block-list\">\n<li>Aetna<\/li>\n\n\n\n<li>Recursos alternativos de seguros<\/li>\n\n\n\n<li>Cruz Azul<\/li>\n\n\n\n<li>Cigna\n<ul class=\"wp-block-list\">\n<li>Plan de acceso abierto<\/li>\n\n\n\n<li>PPO<\/li>\n\n\n\n<li>Organizaci\u00f3n de atenci\u00f3n m\u00e9dica administrada<\/li>\n<\/ul>\n<\/li>\n\n\n\n<li>CuraeChoice<\/li>\n\n\n\n<li>Soluciones para los costos de salud<\/li>\n\n\n\n<li>Operarios de correo (NALC)\/Multiplan<\/li>\n\n\n\n<li>Redes PHCS (Sistemas de Salud Privados)\/Multiplan\/Beech Street<\/li>\n\n\n\n<li>Prime Healthcare<\/li>\n\n\n\n<li>Beneficios de Sana Direct<\/li>\n\n\n\n<li>Tricare\/CHAMPVA\/Tricare Prime (servicio activo con remisi\u00f3n)<\/li>\n\n\n\n<li>United Healthcare<\/li>\n\n\n\n<li>VIVA Salud<\/li>\n<\/ul>\n<\/div>\n\n\n\n<div class=\"wp-block-column is-layout-flow wp-block-column-is-layout-flow\">\n<h3 class=\"wp-block-heading\">Planes Medicare Advantage<\/h3>\n\n\n\n<ul class=\"wp-block-list\">\n<li>Plan Medicare Advantage de Aetna<\/li>\n\n\n\n<li>Blue Cross Blue Shield de Alabama<\/li>\n\n\n\n<li>Cigna Medicare Advantage (antes HealthSpring)\n<ul class=\"wp-block-list\">\n<li>DSNP<\/li>\n<\/ul>\n<\/li>\n\n\n\n<li>HealthChoice PPO<\/li>\n\n\n\n<li>Humana Medicare Advantage<\/li>\n\n\n\n<li>United Healthcare Medicare Advantage<\/li>\n\n\n\n<li>VIVA Salud<\/li>\n<\/ul>\n\n\n\n<h3 class=\"wp-block-heading\">Seguro m\u00e9dico federal<\/h3>\n\n\n\n<ul class=\"wp-block-list\">\n<li>Medicare tradicional<\/li>\n\n\n\n<li>Todos los planes complementarios de Medicare<\/li>\n\n\n\n<li>Tricare para toda la vida&nbsp;<\/li>\n\n\n\n<li>Seguro m\u00e9dico ferroviario<\/li>\n\n\n\n<li>Plan de jubilaci\u00f3n de la UMWA (Sindicato de Mineros Unidos)<\/li>\n<\/ul>\n<\/div>\n<\/div>\n\n\n\n<p><em>Los planes est\u00e1n sujetos a cambios en cualquier momento y deben utilizarse \u00fanicamente como referencia general.<\/em><\/p>\n<\/div><\/div>\n\n\n\n<div class=\"wp-block-group container py-5 py-sm-7\"><div class=\"wp-block-group__inner-container is-layout-constrained wp-block-group-is-layout-constrained\">\n<hr class=\"wp-block-separator has-alpha-channel-opacity\"\/>\n\n\n\n<h2 class=\"wp-block-heading has-text-align-left fs-45 mt-5\">Florida<\/h2>\n\n\n\n<div class=\"wp-block-columns is-layout-flex wp-container-core-columns-is-layout-9d6595d7 wp-block-columns-is-layout-flex\">\n<div class=\"wp-block-column is-layout-flow wp-block-column-is-layout-flow\">\n<h3 class=\"wp-block-heading\">Planes comerciales<\/h3>\n\n\n\n<ul class=\"wp-block-list\">\n<li>Plan para empleados de AdventHealth, administrado a trav\u00e9s de Aetna.<\/li>\n\n\n\n<li>Aetna<\/li>\n\n\n\n<li>Cigna Comercial<\/li>\n\n\n\n<li>Planes de salud de Florida (FHCP) Comerciales<\/li>\n\n\n\n<li>Planes de salud Health First (a trav\u00e9s del plan Adventhealth)<\/li>\n\n\n\n<li>Socios Directos<\/li>\n\n\n\n<li>Redes PHCS (Sistemas de Salud Privados)\/Multiplan\/Beech Street<\/li>\n\n\n\n<li>Beneficios de Sana Direct<\/li>\n\n\n\n<li>Tricare\n<ul class=\"wp-block-list\">\n<li>Seleccionar<\/li>\n\n\n\n<li>Principal<\/li>\n\n\n\n<li>Jubilado<\/li>\n\n\n\n<li>De por vida<\/li>\n<\/ul>\n<\/li>\n\n\n\n<li>United Healthcare Comercial\/Intercambio<\/li>\n\n\n\n<li>Red de Salud de Volusia\/ Triple Options<\/li>\n<\/ul>\n<\/div>\n\n\n\n<div class=\"wp-block-column is-layout-flow wp-block-column-is-layout-flow\">\n<h3 class=\"wp-block-heading\">Planes Medicare Advantage<\/h3>\n\n\n\n<ul class=\"wp-block-list\">\n<li>Aetna<\/li>\n\n\n\n<li>Cigna HealthSpring\n<ul class=\"wp-block-list\">\n<li>Medicare Advantage HMO<\/li>\n\n\n\n<li>DSNP<\/li>\n\n\n\n<li>Medicare Advantage PPO<\/li>\n<\/ul>\n<\/li>\n\n\n\n<li>Florida Blue Medicare PPO<\/li>\n\n\n\n<li>Salud Libre\n<ul class=\"wp-block-list\">\n<li>Medicare Advantage<\/li>\n\n\n\n<li>DSNP<\/li>\n\n\n\n<li>CSNP&nbsp;<\/li>\n<\/ul>\n<\/li>\n\n\n\n<li>Humana\n<ul class=\"wp-block-list\">\n<li>Gold Plus HMO<\/li>\n\n\n\n<li>PPO de elecci\u00f3n<\/li>\n<\/ul>\n<\/li>\n\n\n\n<li>Optimum HealthCare Medicare Advantage<\/li>\n<\/ul>\n\n\n\n<h3 class=\"wp-block-heading\">Seguro m\u00e9dico federal<\/h3>\n\n\n\n<ul class=\"wp-block-list\">\n<li>Medicare tradicional<\/li>\n\n\n\n<li>Todos los planes complementarios de Medicare<\/li>\n<\/ul>\n<\/div>\n<\/div>\n\n\n\n<p><em>Los planes est\u00e1n sujetos a cambios en cualquier momento y deben utilizarse \u00fanicamente como referencia general.<\/em><\/p>\n<\/div><\/div>\n\n\n\n<div class=\"wp-block-group container pb-5 pb-sm-7\"><div class=\"wp-block-group__inner-container is-layout-constrained wp-block-group-is-layout-constrained\">\n<hr class=\"wp-block-separator has-alpha-channel-opacity\"\/>\n\n\n\n<h2 class=\"wp-block-heading has-text-align-left fs-45 mt-5\">Colorado<\/h2>\n\n\n\n<div class=\"wp-block-columns is-layout-flex wp-container-core-columns-is-layout-9d6595d7 wp-block-columns-is-layout-flex\">\n<div class=\"wp-block-column is-layout-flow wp-block-column-is-layout-flow\">\n<h3 class=\"wp-block-heading\">Medicare Advantage<\/h3>\n\n\n\n<ul class=\"wp-block-list\">\n<li>UnitedHealthcare<\/li>\n<\/ul>\n\n\n\n<h3 class=\"wp-block-heading\">Seguro m\u00e9dico federal<\/h3>\n\n\n\n<ul class=\"wp-block-list\">\n<li>Aetna<\/li>\n\n\n\n<li>Himno<\/li>\n\n\n\n<li>Cigna<\/li>\n\n\n\n<li>Seleccionar Salud<\/li>\n<\/ul>\n\n\n\n<h3 class=\"wp-block-heading\">Medicaid<\/h3>\n\n\n\n<ul class=\"wp-block-list\">\n<li>Colorado Access, PCMP (Partners in Health location only)<\/li>\n\n\n\n<li>Colorado Access Child Health Plans Plus<\/li>\n\n\n\n<li>Colorado Community Health Alliance (Arvada, Lakewood, and Westminster locations only)<\/li>\n<\/ul>\n<\/div>\n\n\n\n<div class=\"wp-block-column is-layout-flow wp-block-column-is-layout-flow\">\n<h3 class=\"wp-block-heading\">Comercial<\/h3>\n\n\n\n<ul class=\"wp-block-list\">\n<li>Aetna<\/li>\n\n\n\n<li>Primera salud<\/li>\n\n\n\n<li>Anthem BlueCross Blue Shield<\/li>\n\n\n\n<li>Centivo<\/li>\n\n\n\n<li>Cigna<\/li>\n\n\n\n<li>EEOIC \u2013 Programa de Energ\u00eda<\/li>\n\n\n\n<li>Plan de valor asociado de Common Spirit (MHN)<\/li>\n\n\n\n<li>Plan Colorado Doctors (Common Spirit MHN\/UnitedHealthcare)<\/li>\n\n\n\n<li>Secretar\u00eda de Trabajo<\/li>\n\n\n\n<li>Plan m\u00e9dico Denver Health: solo Highpoint POS (Aetna)<\/li>\n\n\n\n<li>First Health (Aetna)<\/li>\n\n\n\n<li>Kaiser Permanente \u2013 PPO y EPO<\/li>\n\n\n\n<li>MultiPlan - Claritev<\/li>\n\n\n\n<li>Programa de Compensaci\u00f3n para Trabajadores de Oficina (OWCP)<\/li>\n\n\n\n<li>Seleccionar Salud (sin Medicaid)<\/li>\n\n\n\n<li>TriWest (solo W-Este)<\/li>\n\n\n\n<li>UnitedHealthcare<\/li>\n<\/ul>\n<\/div>\n<\/div>\n\n\n\n<p><em>Los planes est\u00e1n sujetos a cambios en cualquier momento y deben utilizarse \u00fanicamente como referencia general.<\/em><\/p>\n<\/div><\/div>","protected":false},"excerpt":{"rendered":"<p>Seguros aceptados Nuestras cl\u00ednicas aceptan Medicare tradicional y varios planes Medicare Advantage, entre los que se incluyen: Planes comerciales de Alabama Planes Medicare Advantage Los planes Medicare est\u00e1n sujetos a cambios en cualquier momento y deben utilizarse \u00fanicamente como referencia general. Planes comerciales de Florida Planes Medicare Advantage Los planes Medicare est\u00e1n sujetos a cambios en cualquier momento y deben [\u2026]<\/p>","protected":false},"author":3,"featured_media":0,"parent":0,"menu_order":0,"comment_status":"closed","ping_status":"closed","template":"","meta":{"_acf_changed":false,"inline_featured_image":false,"footnotes":""},"class_list":["post-2032","page","type-page","status-publish","hentry"],"acf":[],"yoast_head":"<!-- This site is optimized with the Yoast SEO plugin v26.7 - https:\/\/yoast.com\/wordpress\/plugins\/seo\/ -->\n<title>Insurance Options at Complete Health Primary Care Clinics<\/title>\n<meta name=\"description\" content=\"Complete Health accepts most Medicare and Medicare Advantage plans. View a full list of accepted insurances to confirm your coverage before scheduling.\" \/>\n<meta name=\"robots\" content=\"index, follow, max-snippet:-1, max-image-preview:large, max-video-preview:-1\" \/>\n<link rel=\"canonical\" href=\"https:\/\/completehealth.com\/es\/accepted-insurances\/\" \/>\n<meta property=\"og:locale\" content=\"es_MX\" \/>\n<meta property=\"og:type\" content=\"article\" \/>\n<meta property=\"og:title\" content=\"Insurance Options at Complete Health Primary Care Clinics\" \/>\n<meta property=\"og:description\" content=\"Complete Health accepts most Medicare and Medicare Advantage plans. View a full list of accepted insurances to confirm your coverage before scheduling.\" \/>\n<meta property=\"og:url\" content=\"https:\/\/completehealth.com\/es\/accepted-insurances\/\" \/>\n<meta property=\"og:site_name\" content=\"Complete Health\" \/>\n<meta property=\"article:modified_time\" content=\"2026-03-10T09:48:34+00:00\" \/>\n<meta name=\"twitter:card\" content=\"summary_large_image\" \/>\n<meta name=\"twitter:label1\" content=\"Tiempo de lectura\" \/>\n\t<meta name=\"twitter:data1\" content=\"2 minutos\" \/>\n<script type=\"application\/ld+json\" class=\"yoast-schema-graph\">{\"@context\":\"https:\/\/schema.org\",\"@graph\":[{\"@type\":\"WebPage\",\"@id\":\"https:\/\/completehealth.com\/accepted-insurances\/\",\"url\":\"https:\/\/completehealth.com\/accepted-insurances\/\",\"name\":\"Insurance Options at Complete Health Primary Care Clinics\",\"isPartOf\":{\"@id\":\"https:\/\/completehealth.com\/#website\"},\"datePublished\":\"2025-12-08T10:06:32+00:00\",\"dateModified\":\"2026-03-10T09:48:34+00:00\",\"description\":\"Complete Health accepts most Medicare and Medicare Advantage plans. View a full list of accepted insurances to confirm your coverage before scheduling.\",\"breadcrumb\":{\"@id\":\"https:\/\/completehealth.com\/accepted-insurances\/#breadcrumb\"},\"inLanguage\":\"es\",\"potentialAction\":[{\"@type\":\"ReadAction\",\"target\":[\"https:\/\/completehealth.com\/accepted-insurances\/\"]}]},{\"@type\":\"BreadcrumbList\",\"@id\":\"https:\/\/completehealth.com\/accepted-insurances\/#breadcrumb\",\"itemListElement\":[{\"@type\":\"ListItem\",\"position\":1,\"name\":\"Home\",\"item\":\"https:\/\/completehealth.com\/\"},{\"@type\":\"ListItem\",\"position\":2,\"name\":\"Accepted Insurances\"}]},{\"@type\":\"WebSite\",\"@id\":\"https:\/\/completehealth.com\/#website\",\"url\":\"https:\/\/completehealth.com\/\",\"name\":\"Complete Health\",\"description\":\"\",\"publisher\":{\"@id\":\"https:\/\/completehealth.com\/#organization\"},\"potentialAction\":[{\"@type\":\"SearchAction\",\"target\":{\"@type\":\"EntryPoint\",\"urlTemplate\":\"https:\/\/completehealth.com\/?s={search_term_string}\"},\"query-input\":{\"@type\":\"PropertyValueSpecification\",\"valueRequired\":true,\"valueName\":\"search_term_string\"}}],\"inLanguage\":\"es\"},{\"@type\":\"Organization\",\"@id\":\"https:\/\/completehealth.com\/#organization\",\"name\":\"Complete Health\",\"url\":\"https:\/\/completehealth.com\/\",\"logo\":{\"@type\":\"ImageObject\",\"inLanguage\":\"es\",\"@id\":\"https:\/\/completehealth.com\/#\/schema\/logo\/image\/\",\"url\":\"https:\/\/completehealth.com\/wp-content\/uploads\/2025\/11\/CompleteHealth_LogoTM_NavBar.svg\",\"contentUrl\":\"https:\/\/completehealth.com\/wp-content\/uploads\/2025\/11\/CompleteHealth_LogoTM_NavBar.svg\",\"caption\":\"Complete Health\"},\"image\":{\"@id\":\"https:\/\/completehealth.com\/#\/schema\/logo\/image\/\"}}]}<\/script>\n<!-- \/ Yoast SEO plugin. -->","yoast_head_json":{"title":"Opciones de seguro en las cl\u00ednicas de atenci\u00f3n primaria Complete Health","description":"Complete Health accepts most Medicare and Medicare Advantage plans. View a full list of accepted insurances to confirm your coverage before scheduling.","robots":{"index":"index","follow":"follow","max-snippet":"max-snippet:-1","max-image-preview":"max-image-preview:large","max-video-preview":"max-video-preview:-1"},"canonical":"https:\/\/completehealth.com\/es\/accepted-insurances\/","og_locale":"es_MX","og_type":"article","og_title":"Insurance Options at Complete Health Primary Care Clinics","og_description":"Complete Health accepts most Medicare and Medicare Advantage plans. View a full list of accepted insurances to confirm your coverage before scheduling.","og_url":"https:\/\/completehealth.com\/es\/accepted-insurances\/","og_site_name":"Complete Health","article_modified_time":"2026-03-10T09:48:34+00:00","twitter_card":"summary_large_image","twitter_misc":{"Tiempo de lectura":"2 minutos"},"schema":{"@context":"https:\/\/schema.org","@graph":[{"@type":"WebPage","@id":"https:\/\/completehealth.com\/accepted-insurances\/","url":"https:\/\/completehealth.com\/accepted-insurances\/","name":"Opciones de seguro en las cl\u00ednicas de atenci\u00f3n primaria Complete Health","isPartOf":{"@id":"https:\/\/completehealth.com\/#website"},"datePublished":"2025-12-08T10:06:32+00:00","dateModified":"2026-03-10T09:48:34+00:00","description":"Complete Health accepts most Medicare and Medicare Advantage plans. View a full list of accepted insurances to confirm your coverage before scheduling.","breadcrumb":{"@id":"https:\/\/completehealth.com\/accepted-insurances\/#breadcrumb"},"inLanguage":"es","potentialAction":[{"@type":"ReadAction","target":["https:\/\/completehealth.com\/accepted-insurances\/"]}]},{"@type":"BreadcrumbList","@id":"https:\/\/completehealth.com\/accepted-insurances\/#breadcrumb","itemListElement":[{"@type":"ListItem","position":1,"name":"Home","item":"https:\/\/completehealth.com\/"},{"@type":"ListItem","position":2,"name":"Accepted Insurances"}]},{"@type":"WebSite","@id":"https:\/\/completehealth.com\/#website","url":"https:\/\/completehealth.com\/","name":"Salud completa","description":"","publisher":{"@id":"https:\/\/completehealth.com\/#organization"},"potentialAction":[{"@type":"SearchAction","target":{"@type":"EntryPoint","urlTemplate":"https:\/\/completehealth.com\/?s={search_term_string}"},"query-input":{"@type":"PropertyValueSpecification","valueRequired":true,"valueName":"search_term_string"}}],"inLanguage":"es"},{"@type":"Organization","@id":"https:\/\/completehealth.com\/#organization","name":"Salud completa","url":"https:\/\/completehealth.com\/","logo":{"@type":"ImageObject","inLanguage":"es","@id":"https:\/\/completehealth.com\/#\/schema\/logo\/image\/","url":"https:\/\/completehealth.com\/wp-content\/uploads\/2025\/11\/CompleteHealth_LogoTM_NavBar.svg","contentUrl":"https:\/\/completehealth.com\/wp-content\/uploads\/2025\/11\/CompleteHealth_LogoTM_NavBar.svg","caption":"Complete Health"},"image":{"@id":"https:\/\/completehealth.com\/#\/schema\/logo\/image\/"}}]}},"_links":{"self":[{"href":"https:\/\/completehealth.com\/es\/wp-json\/wp\/v2\/pages\/2032","targetHints":{"allow":["GET"]}}],"collection":[{"href":"https:\/\/completehealth.com\/es\/wp-json\/wp\/v2\/pages"}],"about":[{"href":"https:\/\/completehealth.com\/es\/wp-json\/wp\/v2\/types\/page"}],"author":[{"embeddable":true,"href":"https:\/\/completehealth.com\/es\/wp-json\/wp\/v2\/users\/3"}],"replies":[{"embeddable":true,"href":"https:\/\/completehealth.com\/es\/wp-json\/wp\/v2\/comments?post=2032"}],"version-history":[{"count":10,"href":"https:\/\/completehealth.com\/es\/wp-json\/wp\/v2\/pages\/2032\/revisions"}],"predecessor-version":[{"id":4591,"href":"https:\/\/completehealth.com\/es\/wp-json\/wp\/v2\/pages\/2032\/revisions\/4591"}],"wp:attachment":[{"href":"https:\/\/completehealth.com\/es\/wp-json\/wp\/v2\/media?parent=2032"}],"curies":[{"name":"wp","href":"https:\/\/api.w.org\/{rel}","templated":true}]}}