{"id":2927,"date":"2025-12-18T10:36:26","date_gmt":"2025-12-18T15:36:26","guid":{"rendered":"https:\/\/completehealth.com\/?page_id=2927"},"modified":"2026-03-10T05:48:27","modified_gmt":"2026-03-10T09:48:27","slug":"patient-engagement-centers","status":"publish","type":"page","link":"https:\/\/completehealth.com\/es\/patient-engagement-centers\/","title":{"rendered":"Centros de participaci\u00f3n del paciente"},"content":{"rendered":"<div class=\"wp-block-group container pt-3 breadcrumbs pb-0\"><div class=\"wp-block-group__inner-container is-layout-constrained wp-block-group-is-layout-constrained\"><nav aria-label=\"Ruta de navegaci\u00f3n\" class=\"thg-breadcrumb d-flex align-items-center\" itemscope itemtype=\"http:\/\/schema.org\/BreadcrumbList\"><div itemprop=\"itemListElement\" itemscope itemtype=\"http:\/\/schema.org\/ListItem\"><a itemprop=\"item\" class=\"breadcrumb-path\" href=\"https:\/\/completehealth.com\/es\"><span itemprop=\"name\">Inicio<\/span><\/a><meta itemprop=\"position\" content=\"1\" \/><\/div><span class=\"breadcrumb-divider\"> &gt; <\/span><\/nav>\n\n\n\n<hr class=\"wp-block-separator has-alpha-channel-opacity\"\/>\n<\/div><\/div>\n\n\n\n<div class=\"wp-block-group container pt-5 pt-sm-7\"><div class=\"wp-block-group__inner-container is-layout-constrained wp-block-group-is-layout-constrained\">\n<div class=\"wp-block-columns is-layout-flex wp-container-core-columns-is-layout-9d6595d7 wp-block-columns-is-layout-flex\">\n<div class=\"wp-block-column is-layout-flow wp-block-column-is-layout-flow\">\n<h1 class=\"wp-block-heading fs-45\">Centros de participaci\u00f3n del paciente<\/h1>\n\n\n\n<h2 class=\"wp-block-heading\">Recursos exclusivos sobre salud y eventos mensuales.<\/h2>\n\n\n\n<p>\u00danase a otros pacientes de Complete Health en uno de nuestros Centros de Participaci\u00f3n del Paciente para tomar un caf\u00e9, jugar una partida de ajedrez o asistir a una clase o evento.<\/p>\n\n\n\n<p>Otras actividades incluyen:<\/p>\n\n\n\n<ul class=\"wp-block-list\">\n<li>Clases de cocina saludable<\/li>\n\n\n\n<li>Juegos de mesa<\/li>\n\n\n\n<li>Eventos sociales<\/li>\n\n\n\n<li>Educaci\u00f3n sobre salud y bienestar<\/li>\n\n\n\n<li>Celebraciones mensuales de cumplea\u00f1os<\/li>\n\n\n\n<li>Durante el horario de atenci\u00f3n, se ofrece caf\u00e9, refrescos y comida para llevar de cortes\u00eda.<\/li>\n\n\n\n<li>Los miembros del equipo de Servicios para Miembros en el lugar est\u00e1n disponibles para revisar sus beneficios y ayudarle a aprovecharlos al m\u00e1ximo.<\/li>\n<\/ul>\n\n\n\n<p><br>El acceso al Centro de Participaci\u00f3n del Paciente est\u00e1 disponible para los pacientes con planes de seguro Medicare Advantage y Medicare.<\/p>\n<\/div>\n\n\n\n<div class=\"wp-block-column is-layout-flow wp-block-column-is-layout-flow\">\n<figure class=\"wp-block-image size-full\"><img loading=\"lazy\" decoding=\"async\" width=\"1024\" height=\"683\" src=\"https:\/\/completehealth.com\/wp-content\/uploads\/2025\/12\/PEC-Photo-1024x683-1.jpg\" alt=\"\" class=\"wp-image-2928\" srcset=\"https:\/\/completehealth.com\/wp-content\/uploads\/2025\/12\/PEC-Photo-1024x683-1.jpg 1024w, https:\/\/completehealth.com\/wp-content\/uploads\/2025\/12\/PEC-Photo-1024x683-1-300x200.jpg 300w, https:\/\/completehealth.com\/wp-content\/uploads\/2025\/12\/PEC-Photo-1024x683-1-768x512.jpg 768w\" sizes=\"auto, (max-width: 1024px) 100vw, 1024px\" \/><\/figure>\n<\/div>\n<\/div>\n<\/div><\/div>\n\n\n\n<div class=\"wp-block-group container locations-provider-info py-5 py-sm-7\"><div class=\"wp-block-group__inner-container is-layout-constrained wp-block-group-is-layout-constrained\">\n<h2 class=\"wp-block-heading fs-45\">Ubicaciones del Centro de Participaci\u00f3n del Paciente<\/h2>\n\n\n<div class=\"row global-locations justify-content-center\"><div class=\"col-lg-6 col-md-6 col-sm-12\"><div class=\"thg-global-item id-247\" \r\n                data-location=\"Complete Health \u2013 Pell City\" \r\n                data-procedure=\"Primary Care,Medicare Navigation,Chronic Care Management,Health Education,Transitional Care,Palliative Care,Transportation and Social Work,Same-Day Sick Visits,Telehealth\"\r\n                data-street=\"74 Plaza Drive\"\r\n                data-zipcode=\"\"\r\n                data-state=\"Alabama\">                                    <div class=\"thg-global-image\">\r\n                        <a href=\"https:\/\/completehealth.com\/es\/locations\/complete-health-pell-city\/\">\r\n                            <img decoding=\"async\" src=\"https:\/\/completehealth.com\/wp-content\/uploads\/2025\/12\/Pell-City-1.webp\" alt=\"Complete Health \u2013 Pell City\">\r\n                        <\/a>\r\n                        <\/div>\r\n                                <div class=\"thg-global-content\">\r\n            \r\n                <h3><a href=\"https:\/\/completehealth.com\/es\/locations\/complete-health-pell-city\/\">Salud completa \u2013 Pell City<\/a><\/h3>\r\n\r\n                        <div class=\"description-location global-description\"><p>Cl\u00ednica de Pell City: ubicada en el lado norte de Jeanne Pruett Drive, junto a Plaza Drive.<\/p>\n<p>La cl\u00ednica Pell City se encuentra en 74 Plaza Drive, en la zona norte de Pell City, Alabama. Esta cl\u00ednica cuenta con m\u00e9dicos de atenci\u00f3n primaria certificados y enfermeros practicantes certificados, y ofrece muchos servicios diferentes, entre los que se incluyen atenci\u00f3n primaria, diagn\u00f3stico por imagen, atenci\u00f3n de urgencias y una farmacia, lo que facilita la obtenci\u00f3n de la atenci\u00f3n que necesita.<\/p>\n<p>Se puede acceder a esta cl\u00ednica desde la I-20 o por Martin Street (US 231, AL-15). Con su amplia oferta de servicios m\u00e9dicos, este edificio es el lugar ideal para satisfacer una gran variedad de necesidades m\u00e9dicas.<\/p>\n<p>\u00bfNecesita un proveedor de atenci\u00f3n primaria calificado y certificado por la junta para uno o todos los miembros de su familia? La ubicaci\u00f3n de Pell City es perfecta para atender todas las necesidades de su familia. Llame hoy mismo a la cl\u00ednica Complete Health de Pell City para programar una cita. Si nuestra oficina de Pell City no es la ubicaci\u00f3n m\u00e1s conveniente para usted, busque la cl\u00ednica de atenci\u00f3n primaria m\u00e1s cercana.<\/p>\n<\/div><p style=\"display:none;\" class=\"location-procedure\">Atenci\u00f3n primaria, orientaci\u00f3n sobre Medicare, gesti\u00f3n de cuidados cr\u00f3nicos, educaci\u00f3n sanitaria, cuidados transitorios, cuidados paliativos, transporte y trabajo social, visitas m\u00e9dicas el mismo d\u00eda, telesalud.<\/p><p class=\"location-full-address\"><i class=\"fa-solid fa-location-dot me-2\"><\/i>74 Plaza Drive, Pell City, Alabama, 35125<\/p><p class=\"location-phone\"><i class=\"fa-solid fa-phone me-2\"><\/i><a href=\"tel:(205) 814-9284\"> (205) 814-9284<\/a><\/p>                    <a href=\"https:\/\/completehealth.com\/es\/locations\/complete-health-pell-city\/\" aria-label=\"Ver ubicaci\u00f3n\" class=\"btn view-location\">Ver ubicaci\u00f3n<\/a>\r\n                                    <\/div>\r\n\r\n                \r\n                            <\/div>       \r\n        <\/div> <!-- End of the column -->\r\n    <div class=\"col-lg-6 col-md-6 col-sm-12\"><div class=\"thg-global-item id-249\" \r\n                data-location=\"Complete Health \u2013 Simon-Williamson\" \r\n                data-procedure=\"Primary Care,Medicare Navigation,Chronic Care Management,Health Education,Transitional Care,Palliative Care,Transportation and Social Work,Same-Day Sick Visits,Telehealth\"\r\n                data-street=\"832 Princeton Avenue SW\"\r\n                data-zipcode=\"\"\r\n                data-state=\"Alabama\">                                    <div class=\"thg-global-image\">\r\n                        <a href=\"https:\/\/completehealth.com\/es\/locations\/complete-health-simon-williamson\/\">\r\n                            <img decoding=\"async\" src=\"https:\/\/completehealth.com\/wp-content\/uploads\/2025\/12\/Simon-Williamson-1.webp\" alt=\"Complete Health \u2013 Simon-Williamson\">\r\n                        <\/a>\r\n                        <\/div>\r\n                                <div class=\"thg-global-content\">\r\n            \r\n                <h3><a href=\"https:\/\/completehealth.com\/es\/locations\/complete-health-simon-williamson\/\">Salud completa \u2013 Simon-Williamson<\/a><\/h3>\r\n\r\n                        <div class=\"description-location global-description\"><p>Servicios adicionales en la Cl\u00ednica Simon-Williamson<\/p>\n<p>Diagn\u00f3stico e imagenolog\u00eda<br \/>\nNuestros servicios de diagn\u00f3stico e imagen ofrecen precisi\u00f3n y claridad en la atenci\u00f3n m\u00e9dica. Con la \u00faltima tecnolog\u00eda y profesionales cualificados, garantizamos diagn\u00f3sticos precisos y una planificaci\u00f3n eficaz del tratamiento.<\/p>\n<p>Atenci\u00f3n de urgencia<br \/>\nNuestros servicios de atenci\u00f3n de urgencia ofrecen una atenci\u00f3n r\u00e1pida y especializada cuando m\u00e1s la necesita. Nuestro equipo especializado est\u00e1 preparado para tratar una amplia gama de afecciones m\u00e9dicas que no ponen en peligro la vida.<\/p>\n<p>Complete Health - Simon-Williamson se encuentra en Princeton Ave, muy cerca del Princeton Baptist Medical Center.<\/p>\n<p>La Cl\u00ednica Simon-Williamson est\u00e1 ubicada en 832 Princeton Avenue SW, en la parte suroeste de Birmingham, Alabama. Esta cl\u00ednica se encuentra en el lado derecho de la calle, frente al Centro M\u00e9dico Bautista Princeton. Est\u00e1 justo enfrente del Baptist Cancer Center. Esta oficina cuenta con m\u00e9dicos certificados en medicina familiar e interna y especialistas en oftalmolog\u00eda y podolog\u00eda. Se puede llegar f\u00e1cilmente desde la I-65, la 3rd Street (US 11) o Lomb Avenue. Tambi\u00e9n est\u00e1 convenientemente situada junto a muchas cl\u00ednicas m\u00e9dicas especializadas y ofrece una amplia gama de servicios de salud.<\/p>\n<p>Si vive o trabaja en la zona suroeste de Birmingham y necesita un m\u00e9dico de cabecera cualificado y certificado por la junta para uno o todos los miembros de su familia, llame hoy mismo a la cl\u00ednica Simon-Williamson de Complete Health para concertar una cita.<\/p>\n<\/div><p style=\"display:none;\" class=\"location-procedure\">Atenci\u00f3n primaria, orientaci\u00f3n sobre Medicare, gesti\u00f3n de cuidados cr\u00f3nicos, educaci\u00f3n sanitaria, cuidados transitorios, cuidados paliativos, transporte y trabajo social, visitas m\u00e9dicas el mismo d\u00eda, telesalud.<\/p><p class=\"location-full-address\"><i class=\"fa-solid fa-location-dot me-2\"><\/i>832 Princeton Avenue SW, Birmingham, Alabama, 35211<\/p><p class=\"location-phone\"><i class=\"fa-solid fa-phone me-2\"><\/i><a href=\"tel:(205) 206-8200\"> (205) 206-8200<\/a><\/p>                    <a href=\"https:\/\/completehealth.com\/es\/locations\/complete-health-simon-williamson\/\" aria-label=\"Ver ubicaci\u00f3n\" class=\"btn view-location\">Ver ubicaci\u00f3n<\/a>\r\n                                    <\/div>\r\n\r\n                \r\n                            <\/div>       \r\n        <\/div> <!-- End of the column -->\r\n     \r\n    <\/div>  <!-- End of the row  -->\r\n\r\n        \n<\/div><\/div>","protected":false},"excerpt":{"rendered":"<p>Centros de participaci\u00f3n de pacientes Recursos de salud exclusivos y eventos mensuales \u00danase a otros pacientes de Complete Health en uno de nuestros Centros de participaci\u00f3n de pacientes para tomar un caf\u00e9, jugar al ajedrez o asistir a una clase o evento. Otras actividades incluyen: El acceso al Centro de participaci\u00f3n de pacientes est\u00e1 disponible para pacientes con planes de seguro Medicare Advantage y Medicare. Participaci\u00f3n de pacientes [\u2026]<\/p>","protected":false},"author":3,"featured_media":0,"parent":0,"menu_order":0,"comment_status":"closed","ping_status":"closed","template":"","meta":{"_acf_changed":false,"inline_featured_image":false,"footnotes":""},"class_list":["post-2927","page","type-page","status-publish","hentry"],"acf":[],"yoast_head":"<!-- This site is optimized with the Yoast SEO plugin v26.7 - https:\/\/yoast.com\/wordpress\/plugins\/seo\/ -->\n<title>Patient Engagement Center<\/title>\n<meta name=\"description\" content=\"Complete Health Patient Engagement Centers provide dedicated support to help seniors navigate care, Medicare benefits, and health resources.\" \/>\n<meta name=\"robots\" content=\"index, follow, max-snippet:-1, max-image-preview:large, max-video-preview:-1\" \/>\n<link rel=\"canonical\" href=\"https:\/\/completehealth.com\/es\/patient-engagement-centers\/\" \/>\n<meta property=\"og:locale\" content=\"es_MX\" \/>\n<meta property=\"og:type\" content=\"article\" \/>\n<meta property=\"og:title\" content=\"Patient Engagement Center\" \/>\n<meta property=\"og:description\" content=\"Complete Health Patient Engagement Centers provide dedicated support to help seniors navigate care, Medicare benefits, and health resources.\" \/>\n<meta property=\"og:url\" content=\"https:\/\/completehealth.com\/es\/patient-engagement-centers\/\" \/>\n<meta property=\"og:site_name\" content=\"Complete Health\" \/>\n<meta property=\"article:modified_time\" content=\"2026-03-10T09:48:27+00:00\" \/>\n<meta property=\"og:image\" content=\"https:\/\/completehealth.com\/wp-content\/uploads\/2025\/12\/PEC-Photo-1024x683-1.jpg\" \/>\n\t<meta property=\"og:image:width\" content=\"1024\" \/>\n\t<meta property=\"og:image:height\" content=\"683\" \/>\n\t<meta property=\"og:image:type\" content=\"image\/jpeg\" \/>\n<meta name=\"twitter:card\" content=\"summary_large_image\" \/>\n<meta name=\"twitter:label1\" content=\"Tiempo de lectura\" \/>\n\t<meta name=\"twitter:data1\" content=\"1 minuto\" \/>\n<script type=\"application\/ld+json\" class=\"yoast-schema-graph\">{\"@context\":\"https:\/\/schema.org\",\"@graph\":[{\"@type\":\"WebPage\",\"@id\":\"https:\/\/completehealth.com\/patient-engagement-centers\/\",\"url\":\"https:\/\/completehealth.com\/patient-engagement-centers\/\",\"name\":\"Patient Engagement Center\",\"isPartOf\":{\"@id\":\"https:\/\/completehealth.com\/#website\"},\"primaryImageOfPage\":{\"@id\":\"https:\/\/completehealth.com\/patient-engagement-centers\/#primaryimage\"},\"image\":{\"@id\":\"https:\/\/completehealth.com\/patient-engagement-centers\/#primaryimage\"},\"thumbnailUrl\":\"https:\/\/completehealth.com\/wp-content\/uploads\/2025\/12\/PEC-Photo-1024x683-1.jpg\",\"datePublished\":\"2025-12-18T15:36:26+00:00\",\"dateModified\":\"2026-03-10T09:48:27+00:00\",\"description\":\"Complete Health Patient Engagement Centers provide dedicated support to help seniors navigate care, Medicare benefits, and health resources.\",\"breadcrumb\":{\"@id\":\"https:\/\/completehealth.com\/patient-engagement-centers\/#breadcrumb\"},\"inLanguage\":\"es\",\"potentialAction\":[{\"@type\":\"ReadAction\",\"target\":[\"https:\/\/completehealth.com\/patient-engagement-centers\/\"]}]},{\"@type\":\"ImageObject\",\"inLanguage\":\"es\",\"@id\":\"https:\/\/completehealth.com\/patient-engagement-centers\/#primaryimage\",\"url\":\"https:\/\/completehealth.com\/wp-content\/uploads\/2025\/12\/PEC-Photo-1024x683-1.jpg\",\"contentUrl\":\"https:\/\/completehealth.com\/wp-content\/uploads\/2025\/12\/PEC-Photo-1024x683-1.jpg\"},{\"@type\":\"BreadcrumbList\",\"@id\":\"https:\/\/completehealth.com\/patient-engagement-centers\/#breadcrumb\",\"itemListElement\":[{\"@type\":\"ListItem\",\"position\":1,\"name\":\"Home\",\"item\":\"https:\/\/completehealth.com\/\"},{\"@type\":\"ListItem\",\"position\":2,\"name\":\"Patient Engagement Centers\"}]},{\"@type\":\"WebSite\",\"@id\":\"https:\/\/completehealth.com\/#website\",\"url\":\"https:\/\/completehealth.com\/\",\"name\":\"Complete Health\",\"description\":\"\",\"publisher\":{\"@id\":\"https:\/\/completehealth.com\/#organization\"},\"potentialAction\":[{\"@type\":\"SearchAction\",\"target\":{\"@type\":\"EntryPoint\",\"urlTemplate\":\"https:\/\/completehealth.com\/?s={search_term_string}\"},\"query-input\":{\"@type\":\"PropertyValueSpecification\",\"valueRequired\":true,\"valueName\":\"search_term_string\"}}],\"inLanguage\":\"es\"},{\"@type\":\"Organization\",\"@id\":\"https:\/\/completehealth.com\/#organization\",\"name\":\"Complete Health\",\"url\":\"https:\/\/completehealth.com\/\",\"logo\":{\"@type\":\"ImageObject\",\"inLanguage\":\"es\",\"@id\":\"https:\/\/completehealth.com\/#\/schema\/logo\/image\/\",\"url\":\"https:\/\/completehealth.com\/wp-content\/uploads\/2025\/11\/CompleteHealth_LogoTM_NavBar.svg\",\"contentUrl\":\"https:\/\/completehealth.com\/wp-content\/uploads\/2025\/11\/CompleteHealth_LogoTM_NavBar.svg\",\"caption\":\"Complete Health\"},\"image\":{\"@id\":\"https:\/\/completehealth.com\/#\/schema\/logo\/image\/\"}}]}<\/script>\n<!-- \/ Yoast SEO plugin. -->","yoast_head_json":{"title":"Centro de Participaci\u00f3n del Paciente","description":"Complete Health Patient Engagement Centers provide dedicated support to help seniors navigate care, Medicare benefits, and health resources.","robots":{"index":"index","follow":"follow","max-snippet":"max-snippet:-1","max-image-preview":"max-image-preview:large","max-video-preview":"max-video-preview:-1"},"canonical":"https:\/\/completehealth.com\/es\/patient-engagement-centers\/","og_locale":"es_MX","og_type":"article","og_title":"Patient Engagement Center","og_description":"Complete Health Patient Engagement Centers provide dedicated support to help seniors navigate care, Medicare benefits, and health resources.","og_url":"https:\/\/completehealth.com\/es\/patient-engagement-centers\/","og_site_name":"Complete Health","article_modified_time":"2026-03-10T09:48:27+00:00","og_image":[{"width":1024,"height":683,"url":"https:\/\/completehealth.com\/wp-content\/uploads\/2025\/12\/PEC-Photo-1024x683-1.jpg","type":"image\/jpeg"}],"twitter_card":"summary_large_image","twitter_misc":{"Tiempo de lectura":"1 minuto"},"schema":{"@context":"https:\/\/schema.org","@graph":[{"@type":"WebPage","@id":"https:\/\/completehealth.com\/patient-engagement-centers\/","url":"https:\/\/completehealth.com\/patient-engagement-centers\/","name":"Centro de Participaci\u00f3n del Paciente","isPartOf":{"@id":"https:\/\/completehealth.com\/#website"},"primaryImageOfPage":{"@id":"https:\/\/completehealth.com\/patient-engagement-centers\/#primaryimage"},"image":{"@id":"https:\/\/completehealth.com\/patient-engagement-centers\/#primaryimage"},"thumbnailUrl":"https:\/\/completehealth.com\/wp-content\/uploads\/2025\/12\/PEC-Photo-1024x683-1.jpg","datePublished":"2025-12-18T15:36:26+00:00","dateModified":"2026-03-10T09:48:27+00:00","description":"Complete Health Patient Engagement Centers provide dedicated support to help seniors navigate care, Medicare benefits, and health resources.","breadcrumb":{"@id":"https:\/\/completehealth.com\/patient-engagement-centers\/#breadcrumb"},"inLanguage":"es","potentialAction":[{"@type":"ReadAction","target":["https:\/\/completehealth.com\/patient-engagement-centers\/"]}]},{"@type":"ImageObject","inLanguage":"es","@id":"https:\/\/completehealth.com\/patient-engagement-centers\/#primaryimage","url":"https:\/\/completehealth.com\/wp-content\/uploads\/2025\/12\/PEC-Photo-1024x683-1.jpg","contentUrl":"https:\/\/completehealth.com\/wp-content\/uploads\/2025\/12\/PEC-Photo-1024x683-1.jpg"},{"@type":"BreadcrumbList","@id":"https:\/\/completehealth.com\/patient-engagement-centers\/#breadcrumb","itemListElement":[{"@type":"ListItem","position":1,"name":"Home","item":"https:\/\/completehealth.com\/"},{"@type":"ListItem","position":2,"name":"Patient Engagement Centers"}]},{"@type":"WebSite","@id":"https:\/\/completehealth.com\/#website","url":"https:\/\/completehealth.com\/","name":"Salud completa","description":"","publisher":{"@id":"https:\/\/completehealth.com\/#organization"},"potentialAction":[{"@type":"SearchAction","target":{"@type":"EntryPoint","urlTemplate":"https:\/\/completehealth.com\/?s={search_term_string}"},"query-input":{"@type":"PropertyValueSpecification","valueRequired":true,"valueName":"search_term_string"}}],"inLanguage":"es"},{"@type":"Organization","@id":"https:\/\/completehealth.com\/#organization","name":"Salud completa","url":"https:\/\/completehealth.com\/","logo":{"@type":"ImageObject","inLanguage":"es","@id":"https:\/\/completehealth.com\/#\/schema\/logo\/image\/","url":"https:\/\/completehealth.com\/wp-content\/uploads\/2025\/11\/CompleteHealth_LogoTM_NavBar.svg","contentUrl":"https:\/\/completehealth.com\/wp-content\/uploads\/2025\/11\/CompleteHealth_LogoTM_NavBar.svg","caption":"Complete Health"},"image":{"@id":"https:\/\/completehealth.com\/#\/schema\/logo\/image\/"}}]}},"_links":{"self":[{"href":"https:\/\/completehealth.com\/es\/wp-json\/wp\/v2\/pages\/2927","targetHints":{"allow":["GET"]}}],"collection":[{"href":"https:\/\/completehealth.com\/es\/wp-json\/wp\/v2\/pages"}],"about":[{"href":"https:\/\/completehealth.com\/es\/wp-json\/wp\/v2\/types\/page"}],"author":[{"embeddable":true,"href":"https:\/\/completehealth.com\/es\/wp-json\/wp\/v2\/users\/3"}],"replies":[{"embeddable":true,"href":"https:\/\/completehealth.com\/es\/wp-json\/wp\/v2\/comments?post=2927"}],"version-history":[{"count":8,"href":"https:\/\/completehealth.com\/es\/wp-json\/wp\/v2\/pages\/2927\/revisions"}],"predecessor-version":[{"id":2937,"href":"https:\/\/completehealth.com\/es\/wp-json\/wp\/v2\/pages\/2927\/revisions\/2937"}],"wp:attachment":[{"href":"https:\/\/completehealth.com\/es\/wp-json\/wp\/v2\/media?parent=2927"}],"curies":[{"name":"wp","href":"https:\/\/api.w.org\/{rel}","templated":true}]}}