{"id":2943,"date":"2025-12-18T10:48:40","date_gmt":"2025-12-18T15:48:40","guid":{"rendered":"https:\/\/completehealth.com\/?page_id=2943"},"modified":"2026-03-10T05:48:16","modified_gmt":"2026-03-10T09:48:16","slug":"accountable-care","status":"publish","type":"page","link":"https:\/\/completehealth.com\/es\/accountable-care\/","title":{"rendered":"Atenci\u00f3n m\u00e9dica integral y responsable"},"content":{"rendered":"<div class=\"wp-block-group container pt-3 breadcrumbs pb-0\"><div class=\"wp-block-group__inner-container is-layout-constrained wp-block-group-is-layout-constrained\"><nav aria-label=\"Ruta de navegaci\u00f3n\" class=\"thg-breadcrumb d-flex align-items-center\" itemscope itemtype=\"http:\/\/schema.org\/BreadcrumbList\"><div itemprop=\"itemListElement\" itemscope itemtype=\"http:\/\/schema.org\/ListItem\"><a itemprop=\"item\" class=\"breadcrumb-path\" href=\"https:\/\/completehealth.com\/es\"><span itemprop=\"name\">Inicio<\/span><\/a><meta itemprop=\"position\" content=\"1\" \/><\/div><span class=\"breadcrumb-divider\"> &gt; <\/span><\/nav>\n\n\n\n<hr class=\"wp-block-separator has-alpha-channel-opacity\"\/>\n<\/div><\/div>\n\n\n\n<div class=\"wp-block-group container py-4 page-menu\"><div class=\"wp-block-group__inner-container is-layout-constrained wp-block-group-is-layout-constrained\">\n        <div class=\"desktop-menu-container\"><ul id=\"menu-accountable-care\" class=\"thg-theme-menu desktop-menu\"><li id=\"menu-item-2951\" class=\"menu-item menu-item-type-post_type menu-item-object-page menu-item-2951\"><a href=\"https:\/\/completehealth.com\/es\/accountable-care\/\">Atenci\u00f3n m\u00e9dica integral y responsable<\/a><\/li>\n<li id=\"menu-item-2954\" class=\"menu-item menu-item-type-post_type menu-item-object-page menu-item-2954\"><a href=\"https:\/\/completehealth.com\/es\/accountable-care\/medicare-beneficiary\/\">Beneficiario de Medicare<\/a><\/li>\n<li id=\"menu-item-2953\" class=\"menu-item menu-item-type-post_type menu-item-object-page menu-item-2953\"><a href=\"https:\/\/completehealth.com\/es\/accountable-care\/provider-information\/\">Informaci\u00f3n del proveedor<\/a><\/li>\n<li id=\"menu-item-2952\" class=\"menu-item menu-item-type-post_type menu-item-object-page menu-item-2952\"><a href=\"https:\/\/completehealth.com\/es\/accountable-care\/aco-public-reporting-information\/\">Informaci\u00f3n p\u00fablica de ACO<\/a><\/li>\n<\/ul><\/div>\n            <div class=\"mobile-menu-container\">\n        <div class=\"mobile-menu-popup\">\n            <div class=\"mobile-menu-header\">\n                                <div class=\"close-btn\"><i class=\"fas fa-xmark\"><\/i><\/div>\n            <\/div>\n\n            <ul id=\"menu-accountable-care-1\" class=\"thg-theme-menu mobile-menu\"><li class=\"menu-item menu-item-type-post_type menu-item-object-page menu-item-2951\"><a href=\"https:\/\/completehealth.com\/es\/accountable-care\/\">Atenci\u00f3n m\u00e9dica integral y responsable<\/a><\/li>\n<li class=\"menu-item menu-item-type-post_type menu-item-object-page menu-item-2954\"><a href=\"https:\/\/completehealth.com\/es\/accountable-care\/medicare-beneficiary\/\">Beneficiario de Medicare<\/a><\/li>\n<li class=\"menu-item menu-item-type-post_type menu-item-object-page menu-item-2953\"><a href=\"https:\/\/completehealth.com\/es\/accountable-care\/provider-information\/\">Informaci\u00f3n del proveedor<\/a><\/li>\n<li class=\"menu-item menu-item-type-post_type menu-item-object-page menu-item-2952\"><a href=\"https:\/\/completehealth.com\/es\/accountable-care\/aco-public-reporting-information\/\">Informaci\u00f3n p\u00fablica de ACO<\/a><\/li>\n<\/ul>        <\/div>\n        <div class=\"hamburger\"><i class=\"fas fa-bars\"><\/i><\/div>\n    <\/div>\n    \n<\/div><\/div>\n\n\n\n<div class=\"wp-block-group container content-tabs py-5 py-sm-7\"><div class=\"wp-block-group__inner-container is-layout-constrained wp-block-group-is-layout-constrained\">\n<h1 class=\"wp-block-heading fs-45\">Atenci\u00f3n m\u00e9dica integral y responsable<\/h1>\n\n\n\n<div class=\"wp-block-columns is-layout-flex wp-container-core-columns-is-layout-9d6595d7 wp-block-columns-is-layout-flex\">\n<div class=\"wp-block-column is-layout-flow wp-block-column-is-layout-flow\">\n<p>Complete Health Accountable Care (CHAC) will no longer be directly participating in the Accountable Care Organization Realizing Equity, Access, and Community Health (ACO REACH) Model, effective 12\/31\/2025. This decision comes after careful consideration and evaluation of our organization&#8217;s direction and commitment to providing the highest quality care to our patients, including you.<\/p>\n\n\n\n<p>For 2026, your Complete Health primary care provider has enrolled in Rancho Health Accountable Care Organization, where our provider can continue to offer you the same level of service and benefits that you have enjoyed under CHAC. Your access and level of care will not be affected by this transition. This will be a seamless transition with your care continuing at the same level for 2026.<\/p>\n<\/div>\n\n\n\n<div class=\"wp-block-column is-layout-flow wp-block-column-is-layout-flow\">\n<figure class=\"wp-block-image size-full\"><img loading=\"lazy\" decoding=\"async\" width=\"600\" height=\"234\" src=\"https:\/\/completehealth.com\/wp-content\/uploads\/2025\/12\/CH-ACO-01.jpg\" alt=\"\" class=\"wp-image-2959\" srcset=\"https:\/\/completehealth.com\/wp-content\/uploads\/2025\/12\/CH-ACO-01.jpg 600w, https:\/\/completehealth.com\/wp-content\/uploads\/2025\/12\/CH-ACO-01-300x117.jpg 300w\" sizes=\"auto, (max-width: 600px) 100vw, 600px\" \/><\/figure>\n<\/div>\n<\/div>\n\n\n\n<h2 class=\"wp-block-heading\">What This Means for Your Care:<\/h2>\n\n\n\n<p>There will be no change in the way you access your healthcare services from your provider at Complete Health.<\/p>\n\n\n\n<p>As a beneficiary of a participating physician in the ACO REACH program you may have had access to additional Benefit Enhancements or Beneficiary Engagement Incentives implemented by CHAC. With CHAC terminating their ACO participation, those benefit enhancements and benefits engagement incentives will cease to be in effect 90 days after the 12\/31\/2025 CHAC termination date. Any services furnished under the benefit enhancement and incentives will no longer be covered by Medicare and the Beneficiary may be responsible for the payment of such services.<\/p>\n\n\n\n<p>While we are required to notify our beneficiaries of our decision to terminate CHAC from the ACO model in 2026, your Complete Health provider has joined a new ACO entity for 2026, and you may receive notification from \u201cRancho ACO,\u201d which means any benefit enhancements or incentives you utilized in 2025 with CHAC will continue in 2026 under our Rancho ACO participation. We want to remind you that these changes will not affect your ability to see your Complete Health provider with no interruption in care.<\/p>\n\n\n\n<p>All other Medicare rights and benefits will remain unchanged through this transition. You can continue to see any healthcare provider, practice, or hospital that accepts Medicare, which includes your providers at Complete Health. Your choice of healthcare providers is always up to you.<\/p>\n\n\n\n<h2 class=\"wp-block-heading\">Need More Information?<\/h2>\n\n\n\n<p>We understand that you may have questions or concerns regarding this notification. Please contact Medicare.gov or call 1-800-MEDICARE (1-800-633-4227) for more information about your Medicare options and rights. TTY users can call 1-877-486-2048. And as always, if you have questions about the care you receive from your Complete Health provider, you can contact your Complete Health clinic for more information.<\/p>\n\n\n\n<h2 class=\"wp-block-heading\">Informaci\u00f3n adicional<\/h2>\n\n\n\n<p>Para obtener m\u00e1s informaci\u00f3n comercial u operativa sobre Complete Health Accountable Care, comun\u00edquese con:<\/p>\n\n\n\n<p>Para consultas sobre operaciones comerciales y administraci\u00f3n:<\/p>\n\n\n\n<p><strong>Christian Long<\/strong><br><a href=\"mailto:christian.long@completehealth.com\">christian.long@completehealth.com<\/a><br>Complete Health Accountable Care, S.A. de C.V.<br>841 Prudential Drive, Suite 1700<br>Jacksonville, FL 32207<br>Horario de atenci\u00f3n: 9:00 a. m. \u2013 4:00 p. m.<\/p>\n\n\n\n<p>Tambi\u00e9n puede ponerse en contacto con su proveedor. O llame a Medicare al:<br><a href=\"tel:+18006334227\">1-800-MEDICARE<\/a>&nbsp;(1-800-633-4227)<br>Los usuarios de TTY deben llamar al:&nbsp;<a href=\"tel:+18774862048\">1-877-486-2048<\/a><\/p>\n\n\n\n<p><strong>L\u00ednea directa de ACO<\/strong><br>Para reportar problemas, llame al:&nbsp;<a href=\"tel:+18003881563\">1-800-388-1563<\/a><\/p>\n\n\n\n<p class=\"w-100 w-sm-50\"><strong>L\u00ednea directa de cumplimiento de ACO<\/strong><br>Complete Health ofrece una l\u00ednea de cumplimiento para denunciar posibles conductas indebidas u obtener orientaci\u00f3n sobre cuestiones \u00e9ticas. Puede enviar una solicitud en <a href=\"https:\/\/completehealthhotline.com\/\">https:\/\/completehealthhotline.com\/<\/a> o llamando al <a href=\"tel:+18668427132\">(866) 842-7132<\/a>.<\/p>\n<\/div><\/div>","protected":false},"excerpt":{"rendered":"<p>Complete Health Accountable Care Complete Health Accountable Care (CHAC) will no longer be directly participating in the Accountable Care Organization Realizing Equity, Access, and Community Health (ACO REACH) Model, effective 12\/31\/2025. This decision comes after careful consideration and evaluation of our organization&#8217;s direction and commitment to providing the highest quality care to our patients, including [&hellip;]<\/p>","protected":false},"author":3,"featured_media":0,"parent":0,"menu_order":0,"comment_status":"closed","ping_status":"closed","template":"","meta":{"_acf_changed":false,"inline_featured_image":false,"footnotes":""},"class_list":["post-2943","page","type-page","status-publish","hentry"],"acf":[],"yoast_head":"<!-- This site is optimized with the Yoast SEO plugin v26.7 - https:\/\/yoast.com\/wordpress\/plugins\/seo\/ -->\n<title>Complete Health Accountable Care | Complete Health<\/title>\n<meta name=\"description\" content=\"Complete Health operates an Accountable Care Organization focused on improving care quality and coordination for Medicare beneficiaries.\" \/>\n<meta name=\"robots\" content=\"index, follow, max-snippet:-1, max-image-preview:large, max-video-preview:-1\" \/>\n<link rel=\"canonical\" href=\"https:\/\/completehealth.com\/es\/accountable-care\/\" \/>\n<meta property=\"og:locale\" content=\"es_MX\" \/>\n<meta property=\"og:type\" content=\"article\" \/>\n<meta property=\"og:title\" content=\"Complete Health Accountable Care | Complete Health\" \/>\n<meta property=\"og:description\" content=\"Complete Health operates an Accountable Care Organization focused on improving care quality and coordination for Medicare beneficiaries.\" \/>\n<meta property=\"og:url\" content=\"https:\/\/completehealth.com\/es\/accountable-care\/\" \/>\n<meta property=\"og:site_name\" content=\"Complete Health\" \/>\n<meta property=\"article:modified_time\" content=\"2026-03-10T09:48:16+00:00\" \/>\n<meta property=\"og:image\" content=\"https:\/\/completehealth.com\/wp-content\/uploads\/2025\/12\/CH-ACO-01.jpg\" \/>\n\t<meta property=\"og:image:width\" content=\"600\" \/>\n\t<meta property=\"og:image:height\" content=\"234\" \/>\n\t<meta property=\"og:image:type\" content=\"image\/jpeg\" \/>\n<meta name=\"twitter:card\" content=\"summary_large_image\" \/>\n<meta name=\"twitter:label1\" content=\"Tiempo de lectura\" \/>\n\t<meta name=\"twitter:data1\" content=\"3 minutos\" \/>\n<script type=\"application\/ld+json\" class=\"yoast-schema-graph\">{\"@context\":\"https:\/\/schema.org\",\"@graph\":[{\"@type\":\"WebPage\",\"@id\":\"https:\/\/completehealth.com\/accountable-care\/\",\"url\":\"https:\/\/completehealth.com\/accountable-care\/\",\"name\":\"Complete Health Accountable Care | Complete Health\",\"isPartOf\":{\"@id\":\"https:\/\/completehealth.com\/#website\"},\"primaryImageOfPage\":{\"@id\":\"https:\/\/completehealth.com\/accountable-care\/#primaryimage\"},\"image\":{\"@id\":\"https:\/\/completehealth.com\/accountable-care\/#primaryimage\"},\"thumbnailUrl\":\"https:\/\/completehealth.com\/wp-content\/uploads\/2025\/12\/CH-ACO-01.jpg\",\"datePublished\":\"2025-12-18T15:48:40+00:00\",\"dateModified\":\"2026-03-10T09:48:16+00:00\",\"description\":\"Complete Health operates an Accountable Care Organization focused on improving care quality and coordination for Medicare beneficiaries.\",\"breadcrumb\":{\"@id\":\"https:\/\/completehealth.com\/accountable-care\/#breadcrumb\"},\"inLanguage\":\"es\",\"potentialAction\":[{\"@type\":\"ReadAction\",\"target\":[\"https:\/\/completehealth.com\/accountable-care\/\"]}]},{\"@type\":\"ImageObject\",\"inLanguage\":\"es\",\"@id\":\"https:\/\/completehealth.com\/accountable-care\/#primaryimage\",\"url\":\"https:\/\/completehealth.com\/wp-content\/uploads\/2025\/12\/CH-ACO-01.jpg\",\"contentUrl\":\"https:\/\/completehealth.com\/wp-content\/uploads\/2025\/12\/CH-ACO-01.jpg\"},{\"@type\":\"BreadcrumbList\",\"@id\":\"https:\/\/completehealth.com\/accountable-care\/#breadcrumb\",\"itemListElement\":[{\"@type\":\"ListItem\",\"position\":1,\"name\":\"Home\",\"item\":\"https:\/\/completehealth.com\/\"},{\"@type\":\"ListItem\",\"position\":2,\"name\":\"Complete Health Accountable Care\"}]},{\"@type\":\"WebSite\",\"@id\":\"https:\/\/completehealth.com\/#website\",\"url\":\"https:\/\/completehealth.com\/\",\"name\":\"Complete Health\",\"description\":\"\",\"publisher\":{\"@id\":\"https:\/\/completehealth.com\/#organization\"},\"potentialAction\":[{\"@type\":\"SearchAction\",\"target\":{\"@type\":\"EntryPoint\",\"urlTemplate\":\"https:\/\/completehealth.com\/?s={search_term_string}\"},\"query-input\":{\"@type\":\"PropertyValueSpecification\",\"valueRequired\":true,\"valueName\":\"search_term_string\"}}],\"inLanguage\":\"es\"},{\"@type\":\"Organization\",\"@id\":\"https:\/\/completehealth.com\/#organization\",\"name\":\"Complete Health\",\"url\":\"https:\/\/completehealth.com\/\",\"logo\":{\"@type\":\"ImageObject\",\"inLanguage\":\"es\",\"@id\":\"https:\/\/completehealth.com\/#\/schema\/logo\/image\/\",\"url\":\"https:\/\/completehealth.com\/wp-content\/uploads\/2025\/11\/CompleteHealth_LogoTM_NavBar.svg\",\"contentUrl\":\"https:\/\/completehealth.com\/wp-content\/uploads\/2025\/11\/CompleteHealth_LogoTM_NavBar.svg\",\"caption\":\"Complete Health\"},\"image\":{\"@id\":\"https:\/\/completehealth.com\/#\/schema\/logo\/image\/\"}}]}<\/script>\n<!-- \/ Yoast SEO plugin. -->","yoast_head_json":{"title":"Atenci\u00f3n m\u00e9dica integral y responsable | Complete Health","description":"Complete Health operates an Accountable Care Organization focused on improving care quality and coordination for Medicare beneficiaries.","robots":{"index":"index","follow":"follow","max-snippet":"max-snippet:-1","max-image-preview":"max-image-preview:large","max-video-preview":"max-video-preview:-1"},"canonical":"https:\/\/completehealth.com\/es\/accountable-care\/","og_locale":"es_MX","og_type":"article","og_title":"Complete Health Accountable Care | Complete Health","og_description":"Complete Health operates an Accountable Care Organization focused on improving care quality and coordination for Medicare beneficiaries.","og_url":"https:\/\/completehealth.com\/es\/accountable-care\/","og_site_name":"Complete Health","article_modified_time":"2026-03-10T09:48:16+00:00","og_image":[{"width":600,"height":234,"url":"https:\/\/completehealth.com\/wp-content\/uploads\/2025\/12\/CH-ACO-01.jpg","type":"image\/jpeg"}],"twitter_card":"summary_large_image","twitter_misc":{"Tiempo de lectura":"3 minutos"},"schema":{"@context":"https:\/\/schema.org","@graph":[{"@type":"WebPage","@id":"https:\/\/completehealth.com\/accountable-care\/","url":"https:\/\/completehealth.com\/accountable-care\/","name":"Atenci\u00f3n m\u00e9dica integral y responsable | Complete Health","isPartOf":{"@id":"https:\/\/completehealth.com\/#website"},"primaryImageOfPage":{"@id":"https:\/\/completehealth.com\/accountable-care\/#primaryimage"},"image":{"@id":"https:\/\/completehealth.com\/accountable-care\/#primaryimage"},"thumbnailUrl":"https:\/\/completehealth.com\/wp-content\/uploads\/2025\/12\/CH-ACO-01.jpg","datePublished":"2025-12-18T15:48:40+00:00","dateModified":"2026-03-10T09:48:16+00:00","description":"Complete Health operates an Accountable Care Organization focused on improving care quality and coordination for Medicare beneficiaries.","breadcrumb":{"@id":"https:\/\/completehealth.com\/accountable-care\/#breadcrumb"},"inLanguage":"es","potentialAction":[{"@type":"ReadAction","target":["https:\/\/completehealth.com\/accountable-care\/"]}]},{"@type":"ImageObject","inLanguage":"es","@id":"https:\/\/completehealth.com\/accountable-care\/#primaryimage","url":"https:\/\/completehealth.com\/wp-content\/uploads\/2025\/12\/CH-ACO-01.jpg","contentUrl":"https:\/\/completehealth.com\/wp-content\/uploads\/2025\/12\/CH-ACO-01.jpg"},{"@type":"BreadcrumbList","@id":"https:\/\/completehealth.com\/accountable-care\/#breadcrumb","itemListElement":[{"@type":"ListItem","position":1,"name":"Home","item":"https:\/\/completehealth.com\/"},{"@type":"ListItem","position":2,"name":"Complete Health Accountable Care"}]},{"@type":"WebSite","@id":"https:\/\/completehealth.com\/#website","url":"https:\/\/completehealth.com\/","name":"Salud completa","description":"","publisher":{"@id":"https:\/\/completehealth.com\/#organization"},"potentialAction":[{"@type":"SearchAction","target":{"@type":"EntryPoint","urlTemplate":"https:\/\/completehealth.com\/?s={search_term_string}"},"query-input":{"@type":"PropertyValueSpecification","valueRequired":true,"valueName":"search_term_string"}}],"inLanguage":"es"},{"@type":"Organization","@id":"https:\/\/completehealth.com\/#organization","name":"Salud completa","url":"https:\/\/completehealth.com\/","logo":{"@type":"ImageObject","inLanguage":"es","@id":"https:\/\/completehealth.com\/#\/schema\/logo\/image\/","url":"https:\/\/completehealth.com\/wp-content\/uploads\/2025\/11\/CompleteHealth_LogoTM_NavBar.svg","contentUrl":"https:\/\/completehealth.com\/wp-content\/uploads\/2025\/11\/CompleteHealth_LogoTM_NavBar.svg","caption":"Complete Health"},"image":{"@id":"https:\/\/completehealth.com\/#\/schema\/logo\/image\/"}}]}},"_links":{"self":[{"href":"https:\/\/completehealth.com\/es\/wp-json\/wp\/v2\/pages\/2943","targetHints":{"allow":["GET"]}}],"collection":[{"href":"https:\/\/completehealth.com\/es\/wp-json\/wp\/v2\/pages"}],"about":[{"href":"https:\/\/completehealth.com\/es\/wp-json\/wp\/v2\/types\/page"}],"author":[{"embeddable":true,"href":"https:\/\/completehealth.com\/es\/wp-json\/wp\/v2\/users\/3"}],"replies":[{"embeddable":true,"href":"https:\/\/completehealth.com\/es\/wp-json\/wp\/v2\/comments?post=2943"}],"version-history":[{"count":11,"href":"https:\/\/completehealth.com\/es\/wp-json\/wp\/v2\/pages\/2943\/revisions"}],"predecessor-version":[{"id":4946,"href":"https:\/\/completehealth.com\/es\/wp-json\/wp\/v2\/pages\/2943\/revisions\/4946"}],"wp:attachment":[{"href":"https:\/\/completehealth.com\/es\/wp-json\/wp\/v2\/media?parent=2943"}],"curies":[{"name":"wp","href":"https:\/\/api.w.org\/{rel}","templated":true}]}}