{"id":2945,"date":"2025-12-18T10:49:00","date_gmt":"2025-12-18T15:49:00","guid":{"rendered":"https:\/\/completehealth.com\/?page_id=2945"},"modified":"2026-03-10T05:48:24","modified_gmt":"2026-03-10T09:48:24","slug":"medicare-beneficiary","status":"publish","type":"page","link":"https:\/\/completehealth.com\/es\/accountable-care\/medicare-beneficiary\/","title":{"rendered":"Beneficiario de Medicare"},"content":{"rendered":"<div class=\"wp-block-group container pt-3 breadcrumbs pb-0\"><div class=\"wp-block-group__inner-container is-layout-constrained wp-block-group-is-layout-constrained\"><nav aria-label=\"Ruta de navegaci\u00f3n\" class=\"thg-breadcrumb d-flex align-items-center\" itemscope itemtype=\"http:\/\/schema.org\/BreadcrumbList\"><div itemprop=\"itemListElement\" itemscope itemtype=\"http:\/\/schema.org\/ListItem\"><a itemprop=\"item\" class=\"breadcrumb-path\" href=\"https:\/\/completehealth.com\/es\"><span itemprop=\"name\">Inicio<\/span><\/a><meta itemprop=\"position\" content=\"1\" \/><\/div><span class=\"breadcrumb-divider\"> &gt; <\/span><\/nav>\n\n\n\n<hr class=\"wp-block-separator has-alpha-channel-opacity\"\/>\n<\/div><\/div>\n\n\n\n<div class=\"wp-block-group container py-4 page-menu\"><div class=\"wp-block-group__inner-container is-layout-constrained wp-block-group-is-layout-constrained\">\n        <div class=\"desktop-menu-container\"><ul id=\"menu-accountable-care\" class=\"thg-theme-menu desktop-menu\"><li id=\"menu-item-2951\" class=\"menu-item menu-item-type-post_type menu-item-object-page menu-item-2951\"><a href=\"https:\/\/completehealth.com\/es\/accountable-care\/\">Atenci\u00f3n m\u00e9dica integral y responsable<\/a><\/li>\n<li id=\"menu-item-2954\" class=\"menu-item menu-item-type-post_type menu-item-object-page menu-item-2954\"><a href=\"https:\/\/completehealth.com\/es\/accountable-care\/medicare-beneficiary\/\">Beneficiario de Medicare<\/a><\/li>\n<li id=\"menu-item-2953\" class=\"menu-item menu-item-type-post_type menu-item-object-page menu-item-2953\"><a href=\"https:\/\/completehealth.com\/es\/accountable-care\/provider-information\/\">Informaci\u00f3n del proveedor<\/a><\/li>\n<li id=\"menu-item-2952\" class=\"menu-item menu-item-type-post_type menu-item-object-page menu-item-2952\"><a href=\"https:\/\/completehealth.com\/es\/accountable-care\/aco-public-reporting-information\/\">Informaci\u00f3n p\u00fablica de ACO<\/a><\/li>\n<\/ul><\/div>\n            <div class=\"mobile-menu-container\">\n        <div class=\"mobile-menu-popup\">\n            <div class=\"mobile-menu-header\">\n                                <div class=\"close-btn\"><i class=\"fas fa-xmark\"><\/i><\/div>\n            <\/div>\n\n            <ul id=\"menu-accountable-care-1\" class=\"thg-theme-menu mobile-menu\"><li class=\"menu-item menu-item-type-post_type menu-item-object-page menu-item-2951\"><a href=\"https:\/\/completehealth.com\/es\/accountable-care\/\">Atenci\u00f3n m\u00e9dica integral y responsable<\/a><\/li>\n<li class=\"menu-item menu-item-type-post_type menu-item-object-page menu-item-2954\"><a href=\"https:\/\/completehealth.com\/es\/accountable-care\/medicare-beneficiary\/\">Beneficiario de Medicare<\/a><\/li>\n<li class=\"menu-item menu-item-type-post_type menu-item-object-page menu-item-2953\"><a href=\"https:\/\/completehealth.com\/es\/accountable-care\/provider-information\/\">Informaci\u00f3n del proveedor<\/a><\/li>\n<li class=\"menu-item menu-item-type-post_type menu-item-object-page menu-item-2952\"><a href=\"https:\/\/completehealth.com\/es\/accountable-care\/aco-public-reporting-information\/\">Informaci\u00f3n p\u00fablica de ACO<\/a><\/li>\n<\/ul>        <\/div>\n        <div class=\"hamburger\"><i class=\"fas fa-bars\"><\/i><\/div>\n    <\/div>\n    \n<\/div><\/div>\n\n\n\n<div class=\"wp-block-group container content-tabs py-5 py-sm-7\"><div class=\"wp-block-group__inner-container is-layout-constrained wp-block-group-is-layout-constrained\">\n<h1 class=\"wp-block-heading fs-45\">Beneficiario de Medicare<\/h1>\n\n\n\n<h2 class=\"wp-block-heading\">\u00bfQu\u00e9 puedo esperar si mi m\u00e9dico participa en el Modelo de Atenci\u00f3n M\u00e9dica Responsable de Complete Health?<\/h2>\n\n\n\n<p>Puede esperar que su m\u00e9dico coordine su atenci\u00f3n con especialistas y otros proveedores de servicios m\u00e9dicos de su comunidad para asegurarse de que reciba la atenci\u00f3n adecuada en el momento adecuado. Incluso puede disfrutar de beneficios y mejoras adicionales. Por ejemplo, en el caso de personas con afecciones complejas, el m\u00e9dico puede presentarle a un coordinador de atenci\u00f3n, sin costo adicional, para ayudarle a mantener su salud en \u00f3ptimas condiciones.<\/p>\n\n\n\n<p>A continuaci\u00f3n se incluye informaci\u00f3n adicional sobre la ACO proporcionada por los Centros de Servicios de Medicare y Medicaid.<\/p>\n\n\n\n<h3 class=\"wp-block-heading\">Informaci\u00f3n para los beneficiarios de Medicare Fee-For-Service, tambi\u00e9n conocido como Original Medicare, cuyo m\u00e9dico participa en Complete Health Accountable Care:<\/h3>\n\n\n\n<p>El modelo de Organizaci\u00f3n de Atenci\u00f3n Responsable de la Entidad Contratante Directa de Medicare fue establecido por los Centros de Servicios de Medicare y Medicaid para ayudar a los proveedores de atenci\u00f3n m\u00e9dica a coordinar m\u00e1s estrechamente la atenci\u00f3n de sus beneficiarios entre s\u00ed y asegurarse de que reciban la atenci\u00f3n adecuada en el momento adecuado.<\/p>\n\n\n\n<p>Sus beneficios de Medicare siguen siendo los mismos, independientemente de si acude a un m\u00e9dico que participa en Complete Health Accountable Care o no. Eso significa que no hay cambios en el costo ni en la cobertura. No se le est\u00e1 inscribiendo en un plan Medicare Advantage ni en una Organizaci\u00f3n para el Mantenimiento de la Salud (HMO), y esto no cambia su cobertura complementaria de Medicare. Usted puede seguir acudiendo a cualquier m\u00e9dico o hospital que acepte Medicare.<\/p>\n\n\n\n<p>Su m\u00e9dico de cabecera puede seguir recomend\u00e1ndole que acuda a determinados proveedores para sus necesidades de salud espec\u00edficas, pero siempre es usted quien decide a qu\u00e9 m\u00e9dicos acudir o a qu\u00e9 hospitales acudir.<\/p>\n\n\n\n<p>Aunque sus beneficios siguen siendo los mismos, es posible que experimente nuevas recompensas y mejoras en su atenci\u00f3n debido a la participaci\u00f3n de su m\u00e9dico en un modelo de organizaci\u00f3n de atenci\u00f3n responsable de la entidad contratante directa de Medicare.<\/p>\n\n\n\n<h3 class=\"wp-block-heading\">Mejoras para los beneficiarios<\/h3>\n\n\n\n<p>Puede obtener m\u00e1s informaci\u00f3n sobre estas iniciativas visitando la siguiente p\u00e1gina web:<br><a href=\"https:\/\/innovation.cms.gov\/innovation-models\/direct-contracting-model-options\">https:\/\/innovation.cms.gov\/innovation-models\/direct-contracting-model-options<\/a><\/p>\n\n\n\n<p>Para obtener m\u00e1s informaci\u00f3n sobre Complete Health Accountable Care, comun\u00edquese con uno de nuestros representantes de atenci\u00f3n al miembro de Medicare. Puede buscar a su representante por el nombre o la ubicaci\u00f3n de su proveedor a continuaci\u00f3n.<\/p>\n\n\n\n<p>Horario de atenci\u00f3n: 9:00 a. m. \u2013 4:00 p. m.<\/p>\n\n\n\n<p><strong>Complete Health Accountable Care, S.A. de C.V.<\/strong><br>841 Prudential Drive, Suite 1700<br>Jacksonville, FL 32207<\/p>\n\n\n\n<p>Tambi\u00e9n puede ponerse en contacto con su proveedor. O llame a Medicare al:<br><a href=\"tel:+18006334227\">1-800-MEDICARE<\/a> (1-800-633-4227)<br>Los usuarios de TTY deben llamar al: <a href=\"tel:+18774862048\">1-877-486-2048<\/a><\/p>\n\n\n\n<p><strong>L\u00ednea directa de cumplimiento de ACO<\/strong><br>Complete Health ofrece una l\u00ednea de cumplimiento para denunciar posibles conductas indebidas u obtener orientaci\u00f3n sobre cuestiones \u00e9ticas. Puede enviar una solicitud en <a href=\"https:\/\/completehealthhotline.com\/\">https:\/\/completehealthhotline.com\/<\/a> o llamando al <a href=\"tel:+18668427132\">(866) 842-7132<\/a>.<\/p>\n<\/div><\/div>","protected":false},"excerpt":{"rendered":"<p>Beneficiario de Medicare \u00bfQu\u00e9 puedo esperar si mi m\u00e9dico participa en el Modelo de Atenci\u00f3n M\u00e9dica Responsable Completa? Puede esperar que su m\u00e9dico coordine su atenci\u00f3n con especialistas y otros proveedores de servicios m\u00e9dicos de su comunidad para asegurarse de que reciba la atenci\u00f3n adecuada en el momento adecuado. Incluso puede obtener beneficios adicionales [\u2026]<\/p>","protected":false},"author":3,"featured_media":0,"parent":2943,"menu_order":0,"comment_status":"closed","ping_status":"closed","template":"","meta":{"_acf_changed":false,"inline_featured_image":false,"footnotes":""},"class_list":["post-2945","page","type-page","status-publish","hentry"],"acf":[],"yoast_head":"<!-- This site is optimized with the Yoast SEO plugin v26.7 - https:\/\/yoast.com\/wordpress\/plugins\/seo\/ -->\n<title>Medicare Beneficiary | Complete Health<\/title>\n<meta name=\"description\" content=\"Information for Medicare beneficiaries participating in the Complete Health ACO, including rights, care coordination, and how the program works.\" \/>\n<meta name=\"robots\" content=\"index, follow, max-snippet:-1, max-image-preview:large, max-video-preview:-1\" \/>\n<link rel=\"canonical\" href=\"https:\/\/completehealth.com\/es\/accountable-care\/medicare-beneficiary\/\" \/>\n<meta property=\"og:locale\" content=\"es_MX\" \/>\n<meta property=\"og:type\" content=\"article\" \/>\n<meta property=\"og:title\" content=\"Medicare Beneficiary | Complete Health\" \/>\n<meta property=\"og:description\" content=\"Information for Medicare beneficiaries participating in the Complete Health ACO, including rights, care coordination, and how the program works.\" \/>\n<meta property=\"og:url\" content=\"https:\/\/completehealth.com\/es\/accountable-care\/medicare-beneficiary\/\" \/>\n<meta property=\"og:site_name\" content=\"Complete Health\" \/>\n<meta property=\"article:modified_time\" content=\"2026-03-10T09:48:24+00:00\" \/>\n<meta name=\"twitter:card\" content=\"summary_large_image\" \/>\n<script type=\"application\/ld+json\" class=\"yoast-schema-graph\">{\"@context\":\"https:\/\/schema.org\",\"@graph\":[{\"@type\":\"WebPage\",\"@id\":\"https:\/\/completehealth.com\/accountable-care\/medicare-beneficiary\/\",\"url\":\"https:\/\/completehealth.com\/accountable-care\/medicare-beneficiary\/\",\"name\":\"Medicare Beneficiary | Complete Health\",\"isPartOf\":{\"@id\":\"https:\/\/completehealth.com\/#website\"},\"datePublished\":\"2025-12-18T15:49:00+00:00\",\"dateModified\":\"2026-03-10T09:48:24+00:00\",\"description\":\"Information for Medicare beneficiaries participating in the Complete Health ACO, including rights, care coordination, and how the program works.\",\"breadcrumb\":{\"@id\":\"https:\/\/completehealth.com\/accountable-care\/medicare-beneficiary\/#breadcrumb\"},\"inLanguage\":\"es\",\"potentialAction\":[{\"@type\":\"ReadAction\",\"target\":[\"https:\/\/completehealth.com\/accountable-care\/medicare-beneficiary\/\"]}]},{\"@type\":\"BreadcrumbList\",\"@id\":\"https:\/\/completehealth.com\/accountable-care\/medicare-beneficiary\/#breadcrumb\",\"itemListElement\":[{\"@type\":\"ListItem\",\"position\":1,\"name\":\"Home\",\"item\":\"https:\/\/completehealth.com\/\"},{\"@type\":\"ListItem\",\"position\":2,\"name\":\"Complete Health Accountable Care\",\"item\":\"https:\/\/completehealth.com\/accountable-care\/\"},{\"@type\":\"ListItem\",\"position\":3,\"name\":\"Medicare Beneficiary\"}]},{\"@type\":\"WebSite\",\"@id\":\"https:\/\/completehealth.com\/#website\",\"url\":\"https:\/\/completehealth.com\/\",\"name\":\"Complete Health\",\"description\":\"\",\"publisher\":{\"@id\":\"https:\/\/completehealth.com\/#organization\"},\"potentialAction\":[{\"@type\":\"SearchAction\",\"target\":{\"@type\":\"EntryPoint\",\"urlTemplate\":\"https:\/\/completehealth.com\/?s={search_term_string}\"},\"query-input\":{\"@type\":\"PropertyValueSpecification\",\"valueRequired\":true,\"valueName\":\"search_term_string\"}}],\"inLanguage\":\"es\"},{\"@type\":\"Organization\",\"@id\":\"https:\/\/completehealth.com\/#organization\",\"name\":\"Complete Health\",\"url\":\"https:\/\/completehealth.com\/\",\"logo\":{\"@type\":\"ImageObject\",\"inLanguage\":\"es\",\"@id\":\"https:\/\/completehealth.com\/#\/schema\/logo\/image\/\",\"url\":\"https:\/\/completehealth.com\/wp-content\/uploads\/2025\/11\/CompleteHealth_LogoTM_NavBar.svg\",\"contentUrl\":\"https:\/\/completehealth.com\/wp-content\/uploads\/2025\/11\/CompleteHealth_LogoTM_NavBar.svg\",\"caption\":\"Complete Health\"},\"image\":{\"@id\":\"https:\/\/completehealth.com\/#\/schema\/logo\/image\/\"}}]}<\/script>\n<!-- \/ Yoast SEO plugin. -->","yoast_head_json":{"title":"Beneficiario de Medicare | Salud completa","description":"Information for Medicare beneficiaries participating in the Complete Health ACO, including rights, care coordination, and how the program works.","robots":{"index":"index","follow":"follow","max-snippet":"max-snippet:-1","max-image-preview":"max-image-preview:large","max-video-preview":"max-video-preview:-1"},"canonical":"https:\/\/completehealth.com\/es\/accountable-care\/medicare-beneficiary\/","og_locale":"es_MX","og_type":"article","og_title":"Medicare Beneficiary | Complete Health","og_description":"Information for Medicare beneficiaries participating in the Complete Health ACO, including rights, care coordination, and how the program works.","og_url":"https:\/\/completehealth.com\/es\/accountable-care\/medicare-beneficiary\/","og_site_name":"Complete Health","article_modified_time":"2026-03-10T09:48:24+00:00","twitter_card":"summary_large_image","schema":{"@context":"https:\/\/schema.org","@graph":[{"@type":"WebPage","@id":"https:\/\/completehealth.com\/accountable-care\/medicare-beneficiary\/","url":"https:\/\/completehealth.com\/accountable-care\/medicare-beneficiary\/","name":"Beneficiario de Medicare | Salud completa","isPartOf":{"@id":"https:\/\/completehealth.com\/#website"},"datePublished":"2025-12-18T15:49:00+00:00","dateModified":"2026-03-10T09:48:24+00:00","description":"Information for Medicare beneficiaries participating in the Complete Health ACO, including rights, care coordination, and how the program works.","breadcrumb":{"@id":"https:\/\/completehealth.com\/accountable-care\/medicare-beneficiary\/#breadcrumb"},"inLanguage":"es","potentialAction":[{"@type":"ReadAction","target":["https:\/\/completehealth.com\/accountable-care\/medicare-beneficiary\/"]}]},{"@type":"BreadcrumbList","@id":"https:\/\/completehealth.com\/accountable-care\/medicare-beneficiary\/#breadcrumb","itemListElement":[{"@type":"ListItem","position":1,"name":"Home","item":"https:\/\/completehealth.com\/"},{"@type":"ListItem","position":2,"name":"Complete Health Accountable Care","item":"https:\/\/completehealth.com\/accountable-care\/"},{"@type":"ListItem","position":3,"name":"Medicare Beneficiary"}]},{"@type":"WebSite","@id":"https:\/\/completehealth.com\/#website","url":"https:\/\/completehealth.com\/","name":"Salud completa","description":"","publisher":{"@id":"https:\/\/completehealth.com\/#organization"},"potentialAction":[{"@type":"SearchAction","target":{"@type":"EntryPoint","urlTemplate":"https:\/\/completehealth.com\/?s={search_term_string}"},"query-input":{"@type":"PropertyValueSpecification","valueRequired":true,"valueName":"search_term_string"}}],"inLanguage":"es"},{"@type":"Organization","@id":"https:\/\/completehealth.com\/#organization","name":"Salud completa","url":"https:\/\/completehealth.com\/","logo":{"@type":"ImageObject","inLanguage":"es","@id":"https:\/\/completehealth.com\/#\/schema\/logo\/image\/","url":"https:\/\/completehealth.com\/wp-content\/uploads\/2025\/11\/CompleteHealth_LogoTM_NavBar.svg","contentUrl":"https:\/\/completehealth.com\/wp-content\/uploads\/2025\/11\/CompleteHealth_LogoTM_NavBar.svg","caption":"Complete Health"},"image":{"@id":"https:\/\/completehealth.com\/#\/schema\/logo\/image\/"}}]}},"_links":{"self":[{"href":"https:\/\/completehealth.com\/es\/wp-json\/wp\/v2\/pages\/2945","targetHints":{"allow":["GET"]}}],"collection":[{"href":"https:\/\/completehealth.com\/es\/wp-json\/wp\/v2\/pages"}],"about":[{"href":"https:\/\/completehealth.com\/es\/wp-json\/wp\/v2\/types\/page"}],"author":[{"embeddable":true,"href":"https:\/\/completehealth.com\/es\/wp-json\/wp\/v2\/users\/3"}],"replies":[{"embeddable":true,"href":"https:\/\/completehealth.com\/es\/wp-json\/wp\/v2\/comments?post=2945"}],"version-history":[{"count":3,"href":"https:\/\/completehealth.com\/es\/wp-json\/wp\/v2\/pages\/2945\/revisions"}],"predecessor-version":[{"id":2973,"href":"https:\/\/completehealth.com\/es\/wp-json\/wp\/v2\/pages\/2945\/revisions\/2973"}],"up":[{"embeddable":true,"href":"https:\/\/completehealth.com\/es\/wp-json\/wp\/v2\/pages\/2943"}],"wp:attachment":[{"href":"https:\/\/completehealth.com\/es\/wp-json\/wp\/v2\/media?parent=2945"}],"curies":[{"name":"wp","href":"https:\/\/api.w.org\/{rel}","templated":true}]}}