{"id":2947,"date":"2025-12-18T10:49:14","date_gmt":"2025-12-18T15:49:14","guid":{"rendered":"https:\/\/completehealth.com\/?page_id=2947"},"modified":"2026-03-10T05:48:22","modified_gmt":"2026-03-10T09:48:22","slug":"provider-information","status":"publish","type":"page","link":"https:\/\/completehealth.com\/es\/accountable-care\/provider-information\/","title":{"rendered":"Informaci\u00f3n del proveedor"},"content":{"rendered":"<div class=\"wp-block-group container pt-3 breadcrumbs pb-0\"><div class=\"wp-block-group__inner-container is-layout-constrained wp-block-group-is-layout-constrained\"><nav aria-label=\"Ruta de navegaci\u00f3n\" class=\"thg-breadcrumb d-flex align-items-center\" itemscope itemtype=\"http:\/\/schema.org\/BreadcrumbList\"><div itemprop=\"itemListElement\" itemscope itemtype=\"http:\/\/schema.org\/ListItem\"><a itemprop=\"item\" class=\"breadcrumb-path\" href=\"https:\/\/completehealth.com\/es\"><span itemprop=\"name\">Inicio<\/span><\/a><meta itemprop=\"position\" content=\"1\" \/><\/div><span class=\"breadcrumb-divider\"> &gt; <\/span><\/nav>\n\n\n\n<hr class=\"wp-block-separator has-alpha-channel-opacity\"\/>\n<\/div><\/div>\n\n\n\n<div class=\"wp-block-group container py-4 page-menu\"><div class=\"wp-block-group__inner-container is-layout-constrained wp-block-group-is-layout-constrained\">\n        <div class=\"desktop-menu-container\"><ul id=\"menu-accountable-care\" class=\"thg-theme-menu desktop-menu\"><li id=\"menu-item-2951\" class=\"menu-item menu-item-type-post_type menu-item-object-page menu-item-2951\"><a href=\"https:\/\/completehealth.com\/es\/accountable-care\/\">Atenci\u00f3n m\u00e9dica integral y responsable<\/a><\/li>\n<li id=\"menu-item-2954\" class=\"menu-item menu-item-type-post_type menu-item-object-page menu-item-2954\"><a href=\"https:\/\/completehealth.com\/es\/accountable-care\/medicare-beneficiary\/\">Beneficiario de Medicare<\/a><\/li>\n<li id=\"menu-item-2953\" class=\"menu-item menu-item-type-post_type menu-item-object-page menu-item-2953\"><a href=\"https:\/\/completehealth.com\/es\/accountable-care\/provider-information\/\">Informaci\u00f3n del proveedor<\/a><\/li>\n<li id=\"menu-item-2952\" class=\"menu-item menu-item-type-post_type menu-item-object-page menu-item-2952\"><a href=\"https:\/\/completehealth.com\/es\/accountable-care\/aco-public-reporting-information\/\">Informaci\u00f3n p\u00fablica de ACO<\/a><\/li>\n<\/ul><\/div>\n            <div class=\"mobile-menu-container\">\n        <div class=\"mobile-menu-popup\">\n            <div class=\"mobile-menu-header\">\n                                <div class=\"close-btn\"><i class=\"fas fa-xmark\"><\/i><\/div>\n            <\/div>\n\n            <ul id=\"menu-accountable-care-1\" class=\"thg-theme-menu mobile-menu\"><li class=\"menu-item menu-item-type-post_type menu-item-object-page menu-item-2951\"><a href=\"https:\/\/completehealth.com\/es\/accountable-care\/\">Atenci\u00f3n m\u00e9dica integral y responsable<\/a><\/li>\n<li class=\"menu-item menu-item-type-post_type menu-item-object-page menu-item-2954\"><a href=\"https:\/\/completehealth.com\/es\/accountable-care\/medicare-beneficiary\/\">Beneficiario de Medicare<\/a><\/li>\n<li class=\"menu-item menu-item-type-post_type menu-item-object-page menu-item-2953\"><a href=\"https:\/\/completehealth.com\/es\/accountable-care\/provider-information\/\">Informaci\u00f3n del proveedor<\/a><\/li>\n<li class=\"menu-item menu-item-type-post_type menu-item-object-page menu-item-2952\"><a href=\"https:\/\/completehealth.com\/es\/accountable-care\/aco-public-reporting-information\/\">Informaci\u00f3n p\u00fablica de ACO<\/a><\/li>\n<\/ul>        <\/div>\n        <div class=\"hamburger\"><i class=\"fas fa-bars\"><\/i><\/div>\n    <\/div>\n    \n<\/div><\/div>\n\n\n\n<div class=\"wp-block-group container content-tabs py-5 py-sm-7\"><div class=\"wp-block-group__inner-container is-layout-constrained wp-block-group-is-layout-constrained\">\n<h1 class=\"wp-block-heading fs-45\">Informaci\u00f3n del proveedor<\/h1>\n\n\n\n<p>Los proveedores que participan en Complete Health Accountable Care, un modelo de organizaci\u00f3n de atenci\u00f3n m\u00e9dica responsable de Medicare Direct Contracting Entity, est\u00e1n a la vanguardia del movimiento para recompensar la atenci\u00f3n coordinada y de alta calidad.<\/p>\n\n\n\n<p>Como proveedor, tendr\u00e1 la oportunidad de atender de manera integral a sus pacientes de Medicare con el apoyo de programas que ayudan a mejorar la participaci\u00f3n de los beneficiarios y a reducir los costos, como un mayor acceso a centros de enfermer\u00eda especializada, servicios de telesalud e incentivos para la participaci\u00f3n de los beneficiarios.<\/p>\n\n\n\n<h3 class=\"wp-block-heading\">Informaci\u00f3n para proveedores que participan en Complete Health Accountable Care<\/h3>\n\n\n\n<p>Complete Health Accountable Care ha sido seleccionada por los Centros de Servicios de Medicare y Medicaid (CMS) para participar en el modelo de organizaci\u00f3n de atenci\u00f3n m\u00e9dica responsable (ACO) de entidad contratante directa de Medicare. Nuestra ACO se compromete a cumplir los tres objetivos establecidos por el Gobierno federal: mejorar la atenci\u00f3n a las personas, mejorar la salud de la poblaci\u00f3n y reducir el crecimiento del gasto per c\u00e1pita.<\/p>\n\n\n\n<p>A continuaci\u00f3n encontrar\u00e1 enlaces a documentos y formularios \u00fatiles:<\/p>\n\n\n\n<p><a href=\"https:\/\/www.cms.gov\/priorities\/innovation\/innovation-models\/aco-reach\">Modelo de Organizaci\u00f3n de Atenci\u00f3n Responsable de la Entidad de Contrataci\u00f3n Directa de Medicare (CMS)<\/a><\/p>\n\n\n\n<p>Para obtener m\u00e1s informaci\u00f3n sobre Complete Health Accountable Care, comun\u00edquese con:<\/p>\n\n\n\n<p><strong>Complete Health Accountable Care, S.A. de C.V.<\/strong><br>841 Prudential Drive, Suite 1700<br>Jacksonville, FL 32207<\/p>\n\n\n\n<p>Tambi\u00e9n puede ponerse en contacto con su proveedor. O llame a Medicare al:<br><a href=\"tel:+18006334227\">1-800-MEDICARE<\/a> (1-800-633-4227)<br>Los usuarios de TTY deben llamar al: <a href=\"tel:+18774862048\">1-877-486-2048<\/a><\/p>\n\n\n\n<p><strong>L\u00ednea directa de cumplimiento de ACO<\/strong><br>Complete Health ofrece una l\u00ednea de cumplimiento para denunciar posibles conductas indebidas u obtener orientaci\u00f3n sobre cuestiones \u00e9ticas. Puede enviar una solicitud en <a href=\"https:\/\/completehealthhotline.com\/\">https:\/\/completehealthhotline.com\/<\/a> o llamando al <a href=\"tel:+18668427132\">(866) 842-7132<\/a>.<\/p>\n<\/div><\/div>","protected":false},"excerpt":{"rendered":"<p>Informaci\u00f3n para proveedores Los proveedores que participan en Complete Health Accountable Care, un modelo de organizaci\u00f3n de atenci\u00f3n m\u00e9dica responsable de Medicare Direct Contracting Entity, est\u00e1n a la vanguardia del movimiento para recompensar la atenci\u00f3n coordinada y de alta calidad. Como proveedor, tendr\u00e1 la oportunidad de atender de manera integral a sus pacientes de Medicare con el apoyo de programas que ayudan a mejorar la participaci\u00f3n de los beneficiarios [\u2026]<\/p>","protected":false},"author":3,"featured_media":0,"parent":2943,"menu_order":0,"comment_status":"closed","ping_status":"closed","template":"","meta":{"_acf_changed":false,"inline_featured_image":false,"footnotes":""},"class_list":["post-2947","page","type-page","status-publish","hentry"],"acf":[],"yoast_head":"<!-- This site is optimized with the Yoast SEO plugin v26.7 - https:\/\/yoast.com\/wordpress\/plugins\/seo\/ -->\n<title>Provider Information | Complete Health<\/title>\n<meta name=\"description\" content=\"Provider information for physicians and practices participating in the Complete Health Accountable Care Organization program.\" \/>\n<meta name=\"robots\" content=\"index, follow, max-snippet:-1, max-image-preview:large, max-video-preview:-1\" \/>\n<link rel=\"canonical\" href=\"https:\/\/completehealth.com\/es\/accountable-care\/provider-information\/\" \/>\n<meta property=\"og:locale\" content=\"es_MX\" \/>\n<meta property=\"og:type\" content=\"article\" \/>\n<meta property=\"og:title\" content=\"Provider Information | Complete Health\" \/>\n<meta property=\"og:description\" content=\"Provider information for physicians and practices participating in the Complete Health Accountable Care Organization program.\" \/>\n<meta property=\"og:url\" content=\"https:\/\/completehealth.com\/es\/accountable-care\/provider-information\/\" \/>\n<meta property=\"og:site_name\" content=\"Complete Health\" \/>\n<meta property=\"article:modified_time\" content=\"2026-03-10T09:48:22+00:00\" \/>\n<meta name=\"twitter:card\" content=\"summary_large_image\" \/>\n<meta name=\"twitter:label1\" content=\"Tiempo de lectura\" \/>\n\t<meta name=\"twitter:data1\" content=\"1 minuto\" \/>\n<script type=\"application\/ld+json\" class=\"yoast-schema-graph\">{\"@context\":\"https:\/\/schema.org\",\"@graph\":[{\"@type\":\"WebPage\",\"@id\":\"https:\/\/completehealth.com\/accountable-care\/provider-information\/\",\"url\":\"https:\/\/completehealth.com\/accountable-care\/provider-information\/\",\"name\":\"Provider Information | Complete Health\",\"isPartOf\":{\"@id\":\"https:\/\/completehealth.com\/#website\"},\"datePublished\":\"2025-12-18T15:49:14+00:00\",\"dateModified\":\"2026-03-10T09:48:22+00:00\",\"description\":\"Provider information for physicians and practices participating in the Complete Health Accountable Care Organization program.\",\"breadcrumb\":{\"@id\":\"https:\/\/completehealth.com\/accountable-care\/provider-information\/#breadcrumb\"},\"inLanguage\":\"es\",\"potentialAction\":[{\"@type\":\"ReadAction\",\"target\":[\"https:\/\/completehealth.com\/accountable-care\/provider-information\/\"]}]},{\"@type\":\"BreadcrumbList\",\"@id\":\"https:\/\/completehealth.com\/accountable-care\/provider-information\/#breadcrumb\",\"itemListElement\":[{\"@type\":\"ListItem\",\"position\":1,\"name\":\"Home\",\"item\":\"https:\/\/completehealth.com\/\"},{\"@type\":\"ListItem\",\"position\":2,\"name\":\"Complete Health Accountable Care\",\"item\":\"https:\/\/completehealth.com\/accountable-care\/\"},{\"@type\":\"ListItem\",\"position\":3,\"name\":\"Provider Information\"}]},{\"@type\":\"WebSite\",\"@id\":\"https:\/\/completehealth.com\/#website\",\"url\":\"https:\/\/completehealth.com\/\",\"name\":\"Complete Health\",\"description\":\"\",\"publisher\":{\"@id\":\"https:\/\/completehealth.com\/#organization\"},\"potentialAction\":[{\"@type\":\"SearchAction\",\"target\":{\"@type\":\"EntryPoint\",\"urlTemplate\":\"https:\/\/completehealth.com\/?s={search_term_string}\"},\"query-input\":{\"@type\":\"PropertyValueSpecification\",\"valueRequired\":true,\"valueName\":\"search_term_string\"}}],\"inLanguage\":\"es\"},{\"@type\":\"Organization\",\"@id\":\"https:\/\/completehealth.com\/#organization\",\"name\":\"Complete Health\",\"url\":\"https:\/\/completehealth.com\/\",\"logo\":{\"@type\":\"ImageObject\",\"inLanguage\":\"es\",\"@id\":\"https:\/\/completehealth.com\/#\/schema\/logo\/image\/\",\"url\":\"https:\/\/completehealth.com\/wp-content\/uploads\/2025\/11\/CompleteHealth_LogoTM_NavBar.svg\",\"contentUrl\":\"https:\/\/completehealth.com\/wp-content\/uploads\/2025\/11\/CompleteHealth_LogoTM_NavBar.svg\",\"caption\":\"Complete Health\"},\"image\":{\"@id\":\"https:\/\/completehealth.com\/#\/schema\/logo\/image\/\"}}]}<\/script>\n<!-- \/ Yoast SEO plugin. -->","yoast_head_json":{"title":"Informaci\u00f3n del proveedor | Complete Health","description":"Provider information for physicians and practices participating in the Complete Health Accountable Care Organization program.","robots":{"index":"index","follow":"follow","max-snippet":"max-snippet:-1","max-image-preview":"max-image-preview:large","max-video-preview":"max-video-preview:-1"},"canonical":"https:\/\/completehealth.com\/es\/accountable-care\/provider-information\/","og_locale":"es_MX","og_type":"article","og_title":"Provider Information | Complete Health","og_description":"Provider information for physicians and practices participating in the Complete Health Accountable Care Organization program.","og_url":"https:\/\/completehealth.com\/es\/accountable-care\/provider-information\/","og_site_name":"Complete Health","article_modified_time":"2026-03-10T09:48:22+00:00","twitter_card":"summary_large_image","twitter_misc":{"Tiempo de lectura":"1 minuto"},"schema":{"@context":"https:\/\/schema.org","@graph":[{"@type":"WebPage","@id":"https:\/\/completehealth.com\/accountable-care\/provider-information\/","url":"https:\/\/completehealth.com\/accountable-care\/provider-information\/","name":"Informaci\u00f3n del proveedor | Complete Health","isPartOf":{"@id":"https:\/\/completehealth.com\/#website"},"datePublished":"2025-12-18T15:49:14+00:00","dateModified":"2026-03-10T09:48:22+00:00","description":"Provider information for physicians and practices participating in the Complete Health Accountable Care Organization program.","breadcrumb":{"@id":"https:\/\/completehealth.com\/accountable-care\/provider-information\/#breadcrumb"},"inLanguage":"es","potentialAction":[{"@type":"ReadAction","target":["https:\/\/completehealth.com\/accountable-care\/provider-information\/"]}]},{"@type":"BreadcrumbList","@id":"https:\/\/completehealth.com\/accountable-care\/provider-information\/#breadcrumb","itemListElement":[{"@type":"ListItem","position":1,"name":"Home","item":"https:\/\/completehealth.com\/"},{"@type":"ListItem","position":2,"name":"Complete Health Accountable Care","item":"https:\/\/completehealth.com\/accountable-care\/"},{"@type":"ListItem","position":3,"name":"Provider Information"}]},{"@type":"WebSite","@id":"https:\/\/completehealth.com\/#website","url":"https:\/\/completehealth.com\/","name":"Salud completa","description":"","publisher":{"@id":"https:\/\/completehealth.com\/#organization"},"potentialAction":[{"@type":"SearchAction","target":{"@type":"EntryPoint","urlTemplate":"https:\/\/completehealth.com\/?s={search_term_string}"},"query-input":{"@type":"PropertyValueSpecification","valueRequired":true,"valueName":"search_term_string"}}],"inLanguage":"es"},{"@type":"Organization","@id":"https:\/\/completehealth.com\/#organization","name":"Salud completa","url":"https:\/\/completehealth.com\/","logo":{"@type":"ImageObject","inLanguage":"es","@id":"https:\/\/completehealth.com\/#\/schema\/logo\/image\/","url":"https:\/\/completehealth.com\/wp-content\/uploads\/2025\/11\/CompleteHealth_LogoTM_NavBar.svg","contentUrl":"https:\/\/completehealth.com\/wp-content\/uploads\/2025\/11\/CompleteHealth_LogoTM_NavBar.svg","caption":"Complete Health"},"image":{"@id":"https:\/\/completehealth.com\/#\/schema\/logo\/image\/"}}]}},"_links":{"self":[{"href":"https:\/\/completehealth.com\/es\/wp-json\/wp\/v2\/pages\/2947","targetHints":{"allow":["GET"]}}],"collection":[{"href":"https:\/\/completehealth.com\/es\/wp-json\/wp\/v2\/pages"}],"about":[{"href":"https:\/\/completehealth.com\/es\/wp-json\/wp\/v2\/types\/page"}],"author":[{"embeddable":true,"href":"https:\/\/completehealth.com\/es\/wp-json\/wp\/v2\/users\/3"}],"replies":[{"embeddable":true,"href":"https:\/\/completehealth.com\/es\/wp-json\/wp\/v2\/comments?post=2947"}],"version-history":[{"count":3,"href":"https:\/\/completehealth.com\/es\/wp-json\/wp\/v2\/pages\/2947\/revisions"}],"predecessor-version":[{"id":2974,"href":"https:\/\/completehealth.com\/es\/wp-json\/wp\/v2\/pages\/2947\/revisions\/2974"}],"up":[{"embeddable":true,"href":"https:\/\/completehealth.com\/es\/wp-json\/wp\/v2\/pages\/2943"}],"wp:attachment":[{"href":"https:\/\/completehealth.com\/es\/wp-json\/wp\/v2\/media?parent=2947"}],"curies":[{"name":"wp","href":"https:\/\/api.w.org\/{rel}","templated":true}]}}