{"id":2949,"date":"2025-12-18T10:49:27","date_gmt":"2025-12-18T15:49:27","guid":{"rendered":"https:\/\/completehealth.com\/?page_id=2949"},"modified":"2026-03-10T05:48:19","modified_gmt":"2026-03-10T09:48:19","slug":"aco-public-reporting-information","status":"publish","type":"page","link":"https:\/\/completehealth.com\/es\/accountable-care\/aco-public-reporting-information\/","title":{"rendered":"Informaci\u00f3n p\u00fablica de ACO"},"content":{"rendered":"<div class=\"wp-block-group container pt-3 breadcrumbs pb-0\"><div class=\"wp-block-group__inner-container is-layout-constrained wp-block-group-is-layout-constrained\"><nav aria-label=\"Ruta de navegaci\u00f3n\" class=\"thg-breadcrumb d-flex align-items-center\" itemscope itemtype=\"http:\/\/schema.org\/BreadcrumbList\"><div itemprop=\"itemListElement\" itemscope itemtype=\"http:\/\/schema.org\/ListItem\"><a itemprop=\"item\" class=\"breadcrumb-path\" href=\"https:\/\/completehealth.com\/es\"><span itemprop=\"name\">Inicio<\/span><\/a><meta itemprop=\"position\" content=\"1\" \/><\/div><span class=\"breadcrumb-divider\"> &gt; <\/span><\/nav>\n\n\n\n<hr class=\"wp-block-separator has-alpha-channel-opacity\"\/>\n<\/div><\/div>\n\n\n\n<div class=\"wp-block-group container py-4 page-menu\"><div class=\"wp-block-group__inner-container is-layout-constrained wp-block-group-is-layout-constrained\">\n        <div class=\"desktop-menu-container\"><ul id=\"menu-accountable-care\" class=\"thg-theme-menu desktop-menu\"><li id=\"menu-item-2951\" class=\"menu-item menu-item-type-post_type menu-item-object-page menu-item-2951\"><a href=\"https:\/\/completehealth.com\/es\/accountable-care\/\">Atenci\u00f3n m\u00e9dica integral y responsable<\/a><\/li>\n<li id=\"menu-item-2954\" class=\"menu-item menu-item-type-post_type menu-item-object-page menu-item-2954\"><a href=\"https:\/\/completehealth.com\/es\/accountable-care\/medicare-beneficiary\/\">Beneficiario de Medicare<\/a><\/li>\n<li id=\"menu-item-2953\" class=\"menu-item menu-item-type-post_type menu-item-object-page menu-item-2953\"><a href=\"https:\/\/completehealth.com\/es\/accountable-care\/provider-information\/\">Informaci\u00f3n del proveedor<\/a><\/li>\n<li id=\"menu-item-2952\" class=\"menu-item menu-item-type-post_type menu-item-object-page menu-item-2952\"><a href=\"https:\/\/completehealth.com\/es\/accountable-care\/aco-public-reporting-information\/\">Informaci\u00f3n p\u00fablica de ACO<\/a><\/li>\n<\/ul><\/div>\n            <div class=\"mobile-menu-container\">\n        <div class=\"mobile-menu-popup\">\n            <div class=\"mobile-menu-header\">\n                                <div class=\"close-btn\"><i class=\"fas fa-xmark\"><\/i><\/div>\n            <\/div>\n\n            <ul id=\"menu-accountable-care-1\" class=\"thg-theme-menu mobile-menu\"><li class=\"menu-item menu-item-type-post_type menu-item-object-page menu-item-2951\"><a href=\"https:\/\/completehealth.com\/es\/accountable-care\/\">Atenci\u00f3n m\u00e9dica integral y responsable<\/a><\/li>\n<li class=\"menu-item menu-item-type-post_type menu-item-object-page menu-item-2954\"><a href=\"https:\/\/completehealth.com\/es\/accountable-care\/medicare-beneficiary\/\">Beneficiario de Medicare<\/a><\/li>\n<li class=\"menu-item menu-item-type-post_type menu-item-object-page menu-item-2953\"><a href=\"https:\/\/completehealth.com\/es\/accountable-care\/provider-information\/\">Informaci\u00f3n del proveedor<\/a><\/li>\n<li class=\"menu-item menu-item-type-post_type menu-item-object-page menu-item-2952\"><a href=\"https:\/\/completehealth.com\/es\/accountable-care\/aco-public-reporting-information\/\">Informaci\u00f3n p\u00fablica de ACO<\/a><\/li>\n<\/ul>        <\/div>\n        <div class=\"hamburger\"><i class=\"fas fa-bars\"><\/i><\/div>\n    <\/div>\n    \n<\/div><\/div>\n\n\n\n<div class=\"wp-block-group container content-tabs py-5 py-sm-7\"><div class=\"wp-block-group__inner-container is-layout-constrained wp-block-group-is-layout-constrained\">\n<h1 class=\"wp-block-heading fs-45\">Informaci\u00f3n p\u00fablica de ACO<\/h1>\n\n\n\n<h3 class=\"wp-block-heading\">Nombre y ubicaci\u00f3n de la ACO<\/h3>\n\n\n\n<p><strong>Complete Health Accountable Care, S.A. de C.V.<\/strong><br>841 Prudential Drive, Suite 1700<br>Jacksonville, FL 32207<\/p>\n\n\n\n<h3 class=\"wp-block-heading\">Contacto comercial principal de ACO<\/h3>\n\n\n\n<p>Christian Long<br><a href=\"mailto:accountablecare@completehealth.com\">accountablecare@completehealth.com<\/a><\/p>\n\n\n\n<h3 class=\"wp-block-heading\">Informaci\u00f3n sobre la organizaci\u00f3n<\/h3>\n\n\n\n<p><a href=\"\/wp-content\/uploads\/2026\/01\/ACO-Participants.pdf\" target=\"_blank\" rel=\"noreferrer noopener\">Participantes de ACO<\/a> (Haga clic en el enlace para ver la lista de todos nuestros proveedores de atenci\u00f3n primaria y ubicaciones).<\/p>\n\n\n\n<p><a href=\"\/wp-content\/uploads\/2026\/01\/ACO-Preferred-Providers.pdf\" target=\"_blank\" rel=\"noreferrer noopener\">Proveedores preferidos de ACO <\/a>(Haga clic en el enlace para ver la lista de todos nuestros proveedores y ubicaciones preferidos).<\/p>\n\n\n\n<h3 class=\"wp-block-heading\">Empresas conjuntas<\/h3>\n\n\n\n<p>Ning\u00fan participante de la ACO participa en una empresa conjunta entre profesionales de la ACO y proveedores preferidos.<\/p>\n\n\n\n<h3 class=\"wp-block-heading\">Liderazgo cl\u00ednico y administrativo de las ACO<\/h3>\n\n\n\n<figure class=\"wp-block-table\"><table class=\"has-fixed-layout\"><tbody><tr><td>NOMBRE<\/td><td>POSICI\u00d3N<\/td><td>EMPRESA<\/td><\/tr><tr><td>John Farley, doctor en medicina<\/td><td>Director m\u00e9dico<\/td><td>Salud completa<\/td><\/tr><tr><td>Roberta Verville<\/td><td>Responsable de cumplimiento normativo<\/td><td>Salud completa<\/td><\/tr><tr><td>Victoria Wilson<\/td><td>Responsable de control y mejora de la calidad<\/td><td>Salud completa<\/td><\/tr><\/tbody><\/table><\/figure>\n\n\n\n<h3 class=\"wp-block-heading\">\u00d3rgano rector de la ACO<\/h3>\n\n\n\n<figure class=\"wp-block-table\"><table class=\"has-fixed-layout\"><tbody><tr><td>NOMBRE<\/td><td>T\u00cdTULO DEL PUESTO<\/td><td>NOMBRE LEGAL DE LA EMPRESA PARTICIPANTE EN LA ACO\/DBA, SI PROCEDE<\/td><\/tr><tr><td>John Farley, doctor en medicina<\/td><td>Proveedor designado participante de DC<\/td><td>Atenci\u00f3n m\u00e9dica integral y responsable<\/td><\/tr><tr><td>Stephen Giorgianni, DO<\/td><td>Proveedor participante de DC<\/td><td>Atenci\u00f3n m\u00e9dica integral y responsable<\/td><\/tr><tr><td>Christian Long<\/td><td>Miembro del consejo<\/td><td>Atenci\u00f3n m\u00e9dica integral y responsable<\/td><\/tr><tr><td>L.M. Hall<\/td><td>Defensor de los beneficiarios y consumidores de Medicare<\/td><td><\/td><\/tr><tr><td>M. Gast<\/td><td>Defensor del Consumidor<\/td><td><\/td><\/tr><\/tbody><\/table><\/figure>\n\n\n\n<figure class=\"wp-block-table my-5\"><table class=\"has-fixed-layout\"><tbody><tr><td>COMIT\u00c9S ASOCIADOS Y LIDERAZGO DE LOS COMIT\u00c9S<\/td><\/tr><tr><td>Comit\u00e9 de Finanzas: Claude Chevance<\/td><\/tr><tr><td>Comit\u00e9 de Iniciativas de Calidad: John Farley, MD<\/td><\/tr><tr><td>Comit\u00e9 de Cumplimiento: Roberta Verville<\/td><\/tr><\/tbody><\/table><\/figure>\n\n\n\n<figure class=\"wp-block-table my-5\"><table class=\"has-fixed-layout\"><tbody><tr><td>IMPORTE DE LAS GANANCIAS\/P\u00c9RDIDAS COMPARTIDAS<\/td><\/tr><tr><td>Ahorros compartidos para el a\u00f1o fiscal 2023: $20,486,268<\/td><\/tr><tr><td>Ahorros compartidos para el a\u00f1o fiscal 2022: $10,398,005<\/td><\/tr><tr><td>Ahorros compartidos para el a\u00f1o fiscal 2021: $918 853<\/td><\/tr><\/tbody><\/table><\/figure>\n\n\n\n<figure class=\"wp-block-table\"><table class=\"has-fixed-layout\"><tbody><tr><td>C\u00d3MO SE DISTRIBUYEN LOS AHORROS COMPARTIDOS<\/td><\/tr><tr><td>Proporci\u00f3n invertida en infraestructura: 40%<\/td><\/tr><tr><td>Proporci\u00f3n invertida en procesos y recursos de atenci\u00f3n redise\u00f1ados: 20%<\/td><\/tr><tr><td>Proporci\u00f3n de distribuci\u00f3n a los participantes de la ACO: 40%<\/td><\/tr><\/tbody><\/table><\/figure>\n\n\n\n<h3 class=\"wp-block-heading\">Resultados de desempe\u00f1o de calidad<\/h3>\n\n\n\n<figure class=\"wp-block-table\"><table class=\"has-fixed-layout\"><tbody><tr><td>M\u00e9trica de calidad<\/td><td>Resultados de 2021<\/td><td>Resultados de 2022<\/td><td>Resultados de 2023<\/td><\/tr><tr><td><strong>Puntuaci\u00f3n total de calidad general<\/strong><\/td><td><strong>100.0%<\/strong><\/td><td><strong>100.0%<\/strong><\/td><td><strong>100.0%<\/strong><\/td><\/tr><tr><td><strong>Puntuaci\u00f3n de readmisiones por todas las afecciones (ACR) estandarizada por riesgo.<\/strong> Una puntuaci\u00f3n m\u00e1s baja (\u2193) indica un mejor rendimiento.<\/td><td>15.54<\/td><td>14.87<\/td><td>15.09<\/td><\/tr><tr><td><strong>Puntuaci\u00f3n UAMCC (por cada 100 personas-a\u00f1o) de ingresos hospitalarios no planificados por cualquier causa, estandarizados seg\u00fan el riesgo, en pacientes con m\u00faltiples afecciones cr\u00f3nicas.<\/strong> Una puntuaci\u00f3n m\u00e1s baja (\u2193) indica un mejor rendimiento.<\/td><td>28.58<\/td><td>29.94<\/td><td>28.95<\/td><\/tr><tr><td>Seguimiento oportuno tras exacerbaciones agudas de enfermedades cr\u00f3nicas (TFU).<br>&nbsp;<\/td><td>N\/A<\/td><td>N\/A<\/td><td>73.53<\/td><\/tr><\/tbody><\/table><\/figure>\n<\/div><\/div>","protected":false},"excerpt":{"rendered":"<p>Informaci\u00f3n p\u00fablica sobre la ACO Nombre y ubicaci\u00f3n de la ACO Complete Health Accountable Care LLC 841 Prudential Drive, Suite 1700 Jacksonville, FL 32207 Contacto comercial principal de la ACO Christian Longaccountablecare@completehealth.com Informaci\u00f3n sobre la organizaci\u00f3n Participantes en la ACO (Haga clic en el enlace para ver la lista de todos nuestros proveedores de atenci\u00f3n primaria y sus ubicaciones) Proveedores preferidos de la ACO (Haga clic en el enlace para ver la lista de todos nuestros proveedores preferidos [\u2026]<\/p>","protected":false},"author":3,"featured_media":0,"parent":2943,"menu_order":0,"comment_status":"closed","ping_status":"closed","template":"","meta":{"_acf_changed":false,"inline_featured_image":false,"footnotes":""},"class_list":["post-2949","page","type-page","status-publish","hentry"],"acf":[],"yoast_head":"<!-- This site is optimized with the Yoast SEO plugin v26.7 - https:\/\/yoast.com\/wordpress\/plugins\/seo\/ -->\n<title>ACO Public Reporting Information | Complete Health<\/title>\n<meta name=\"description\" content=\"Complete Health ACO public reporting information, including quality performance data required under CMS guidelines for accountable care organizations.\" \/>\n<meta name=\"robots\" content=\"index, follow, max-snippet:-1, max-image-preview:large, max-video-preview:-1\" \/>\n<link rel=\"canonical\" href=\"https:\/\/completehealth.com\/es\/accountable-care\/aco-public-reporting-information\/\" \/>\n<meta property=\"og:locale\" content=\"es_MX\" \/>\n<meta property=\"og:type\" content=\"article\" \/>\n<meta property=\"og:title\" content=\"ACO Public Reporting Information | Complete Health\" \/>\n<meta property=\"og:description\" content=\"Complete Health ACO public reporting information, including quality performance data required under CMS guidelines for accountable care organizations.\" \/>\n<meta property=\"og:url\" content=\"https:\/\/completehealth.com\/es\/accountable-care\/aco-public-reporting-information\/\" \/>\n<meta property=\"og:site_name\" content=\"Complete Health\" \/>\n<meta property=\"article:modified_time\" content=\"2026-03-10T09:48:19+00:00\" \/>\n<meta name=\"twitter:card\" content=\"summary_large_image\" \/>\n<meta name=\"twitter:label1\" content=\"Tiempo de lectura\" \/>\n\t<meta name=\"twitter:data1\" content=\"2 minutos\" \/>\n<script type=\"application\/ld+json\" class=\"yoast-schema-graph\">{\"@context\":\"https:\/\/schema.org\",\"@graph\":[{\"@type\":\"WebPage\",\"@id\":\"https:\/\/completehealth.com\/accountable-care\/aco-public-reporting-information\/\",\"url\":\"https:\/\/completehealth.com\/accountable-care\/aco-public-reporting-information\/\",\"name\":\"ACO Public Reporting Information | Complete Health\",\"isPartOf\":{\"@id\":\"https:\/\/completehealth.com\/#website\"},\"datePublished\":\"2025-12-18T15:49:27+00:00\",\"dateModified\":\"2026-03-10T09:48:19+00:00\",\"description\":\"Complete Health ACO public reporting information, including quality performance data required under CMS guidelines for accountable care organizations.\",\"breadcrumb\":{\"@id\":\"https:\/\/completehealth.com\/accountable-care\/aco-public-reporting-information\/#breadcrumb\"},\"inLanguage\":\"es\",\"potentialAction\":[{\"@type\":\"ReadAction\",\"target\":[\"https:\/\/completehealth.com\/accountable-care\/aco-public-reporting-information\/\"]}]},{\"@type\":\"BreadcrumbList\",\"@id\":\"https:\/\/completehealth.com\/accountable-care\/aco-public-reporting-information\/#breadcrumb\",\"itemListElement\":[{\"@type\":\"ListItem\",\"position\":1,\"name\":\"Home\",\"item\":\"https:\/\/completehealth.com\/\"},{\"@type\":\"ListItem\",\"position\":2,\"name\":\"Complete Health Accountable Care\",\"item\":\"https:\/\/completehealth.com\/accountable-care\/\"},{\"@type\":\"ListItem\",\"position\":3,\"name\":\"ACO Public Reporting Information\"}]},{\"@type\":\"WebSite\",\"@id\":\"https:\/\/completehealth.com\/#website\",\"url\":\"https:\/\/completehealth.com\/\",\"name\":\"Complete Health\",\"description\":\"\",\"publisher\":{\"@id\":\"https:\/\/completehealth.com\/#organization\"},\"potentialAction\":[{\"@type\":\"SearchAction\",\"target\":{\"@type\":\"EntryPoint\",\"urlTemplate\":\"https:\/\/completehealth.com\/?s={search_term_string}\"},\"query-input\":{\"@type\":\"PropertyValueSpecification\",\"valueRequired\":true,\"valueName\":\"search_term_string\"}}],\"inLanguage\":\"es\"},{\"@type\":\"Organization\",\"@id\":\"https:\/\/completehealth.com\/#organization\",\"name\":\"Complete Health\",\"url\":\"https:\/\/completehealth.com\/\",\"logo\":{\"@type\":\"ImageObject\",\"inLanguage\":\"es\",\"@id\":\"https:\/\/completehealth.com\/#\/schema\/logo\/image\/\",\"url\":\"https:\/\/completehealth.com\/wp-content\/uploads\/2025\/11\/CompleteHealth_LogoTM_NavBar.svg\",\"contentUrl\":\"https:\/\/completehealth.com\/wp-content\/uploads\/2025\/11\/CompleteHealth_LogoTM_NavBar.svg\",\"caption\":\"Complete Health\"},\"image\":{\"@id\":\"https:\/\/completehealth.com\/#\/schema\/logo\/image\/\"}}]}<\/script>\n<!-- \/ Yoast SEO plugin. -->","yoast_head_json":{"title":"Informaci\u00f3n p\u00fablica de ACO | Complete Health","description":"Complete Health ACO public reporting information, including quality performance data required under CMS guidelines for accountable care organizations.","robots":{"index":"index","follow":"follow","max-snippet":"max-snippet:-1","max-image-preview":"max-image-preview:large","max-video-preview":"max-video-preview:-1"},"canonical":"https:\/\/completehealth.com\/es\/accountable-care\/aco-public-reporting-information\/","og_locale":"es_MX","og_type":"article","og_title":"ACO Public Reporting Information | Complete Health","og_description":"Complete Health ACO public reporting information, including quality performance data required under CMS guidelines for accountable care organizations.","og_url":"https:\/\/completehealth.com\/es\/accountable-care\/aco-public-reporting-information\/","og_site_name":"Complete Health","article_modified_time":"2026-03-10T09:48:19+00:00","twitter_card":"summary_large_image","twitter_misc":{"Tiempo de lectura":"2 minutos"},"schema":{"@context":"https:\/\/schema.org","@graph":[{"@type":"WebPage","@id":"https:\/\/completehealth.com\/accountable-care\/aco-public-reporting-information\/","url":"https:\/\/completehealth.com\/accountable-care\/aco-public-reporting-information\/","name":"Informaci\u00f3n p\u00fablica de ACO | Complete Health","isPartOf":{"@id":"https:\/\/completehealth.com\/#website"},"datePublished":"2025-12-18T15:49:27+00:00","dateModified":"2026-03-10T09:48:19+00:00","description":"Complete Health ACO public reporting information, including quality performance data required under CMS guidelines for accountable care organizations.","breadcrumb":{"@id":"https:\/\/completehealth.com\/accountable-care\/aco-public-reporting-information\/#breadcrumb"},"inLanguage":"es","potentialAction":[{"@type":"ReadAction","target":["https:\/\/completehealth.com\/accountable-care\/aco-public-reporting-information\/"]}]},{"@type":"BreadcrumbList","@id":"https:\/\/completehealth.com\/accountable-care\/aco-public-reporting-information\/#breadcrumb","itemListElement":[{"@type":"ListItem","position":1,"name":"Home","item":"https:\/\/completehealth.com\/"},{"@type":"ListItem","position":2,"name":"Complete Health Accountable Care","item":"https:\/\/completehealth.com\/accountable-care\/"},{"@type":"ListItem","position":3,"name":"ACO Public Reporting Information"}]},{"@type":"WebSite","@id":"https:\/\/completehealth.com\/#website","url":"https:\/\/completehealth.com\/","name":"Salud completa","description":"","publisher":{"@id":"https:\/\/completehealth.com\/#organization"},"potentialAction":[{"@type":"SearchAction","target":{"@type":"EntryPoint","urlTemplate":"https:\/\/completehealth.com\/?s={search_term_string}"},"query-input":{"@type":"PropertyValueSpecification","valueRequired":true,"valueName":"search_term_string"}}],"inLanguage":"es"},{"@type":"Organization","@id":"https:\/\/completehealth.com\/#organization","name":"Salud completa","url":"https:\/\/completehealth.com\/","logo":{"@type":"ImageObject","inLanguage":"es","@id":"https:\/\/completehealth.com\/#\/schema\/logo\/image\/","url":"https:\/\/completehealth.com\/wp-content\/uploads\/2025\/11\/CompleteHealth_LogoTM_NavBar.svg","contentUrl":"https:\/\/completehealth.com\/wp-content\/uploads\/2025\/11\/CompleteHealth_LogoTM_NavBar.svg","caption":"Complete Health"},"image":{"@id":"https:\/\/completehealth.com\/#\/schema\/logo\/image\/"}}]}},"_links":{"self":[{"href":"https:\/\/completehealth.com\/es\/wp-json\/wp\/v2\/pages\/2949","targetHints":{"allow":["GET"]}}],"collection":[{"href":"https:\/\/completehealth.com\/es\/wp-json\/wp\/v2\/pages"}],"about":[{"href":"https:\/\/completehealth.com\/es\/wp-json\/wp\/v2\/types\/page"}],"author":[{"embeddable":true,"href":"https:\/\/completehealth.com\/es\/wp-json\/wp\/v2\/users\/3"}],"replies":[{"embeddable":true,"href":"https:\/\/completehealth.com\/es\/wp-json\/wp\/v2\/comments?post=2949"}],"version-history":[{"count":6,"href":"https:\/\/completehealth.com\/es\/wp-json\/wp\/v2\/pages\/2949\/revisions"}],"predecessor-version":[{"id":4590,"href":"https:\/\/completehealth.com\/es\/wp-json\/wp\/v2\/pages\/2949\/revisions\/4590"}],"up":[{"embeddable":true,"href":"https:\/\/completehealth.com\/es\/wp-json\/wp\/v2\/pages\/2943"}],"wp:attachment":[{"href":"https:\/\/completehealth.com\/es\/wp-json\/wp\/v2\/media?parent=2949"}],"curies":[{"name":"wp","href":"https:\/\/api.w.org\/{rel}","templated":true}]}}