{"id":2979,"date":"2025-12-22T04:41:26","date_gmt":"2025-12-22T09:41:26","guid":{"rendered":"https:\/\/completehealth.com\/?page_id=2979"},"modified":"2026-03-10T05:48:14","modified_gmt":"2026-03-10T09:48:14","slug":"medicare-savings-programs","status":"publish","type":"page","link":"https:\/\/completehealth.com\/es\/medicare-savings-programs\/","title":{"rendered":"Programas de ahorro de Medicare"},"content":{"rendered":"<div class=\"wp-block-group container pt-3 breadcrumbs pb-0\"><div class=\"wp-block-group__inner-container is-layout-constrained wp-block-group-is-layout-constrained\"><nav aria-label=\"Ruta de navegaci\u00f3n\" class=\"thg-breadcrumb d-flex align-items-center\" itemscope itemtype=\"http:\/\/schema.org\/BreadcrumbList\"><div itemprop=\"itemListElement\" itemscope itemtype=\"http:\/\/schema.org\/ListItem\"><a itemprop=\"item\" class=\"breadcrumb-path\" href=\"https:\/\/completehealth.com\/es\"><span itemprop=\"name\">Inicio<\/span><\/a><meta itemprop=\"position\" content=\"1\" \/><\/div><span class=\"breadcrumb-divider\"> &gt; <\/span><\/nav>\n\n\n\n<hr class=\"wp-block-separator has-alpha-channel-opacity\"\/>\n<\/div><\/div>\n\n\n\n<div class=\"wp-block-group container py-5 py-sm-7\"><div class=\"wp-block-group__inner-container is-layout-constrained wp-block-group-is-layout-constrained\">\n<h1 class=\"wp-block-heading fs-45\">Per\u00edodo de inscripci\u00f3n anual de Medicare<\/h1>\n\n\n\n<div class=\"wp-block-columns is-layout-flex wp-container-core-columns-is-layout-9d6595d7 wp-block-columns-is-layout-flex\">\n<div class=\"wp-block-column is-layout-flow wp-block-column-is-layout-flow\" style=\"flex-basis:66.66%\">\n<p>Medicare y Medicaid son dos programas de cobertura m\u00e9dica con nombres similares, pero son programas diferentes en cuanto a los requisitos para acceder a ellos y a su funcionamiento.<\/p>\n\n\n\n<p>Medicare es un programa nacional de seguro m\u00e9dico para personas mayores de 65 a\u00f1os y personas con discapacidad. La elegibilidad para Medicare se basa en la edad o la condici\u00f3n de discapacidad de la persona y su historial laboral registrado en la Administraci\u00f3n del Seguro Social. La elegibilidad para Medicare no se basa en los ingresos ni en los bienes de la persona.<\/p>\n<\/div>\n\n\n\n<div class=\"wp-block-column is-layout-flow wp-block-column-is-layout-flow\" style=\"flex-basis:33.33%\"><div class=\"wp-block-image\">\n<figure class=\"aligncenter size-full is-resized\"><img loading=\"lazy\" decoding=\"async\" width=\"524\" height=\"394\" src=\"https:\/\/completehealth.com\/wp-content\/uploads\/2025\/12\/Medicare-Emblem-700x394-1.png\" alt=\"\" class=\"wp-image-2980\" style=\"width:200px\" srcset=\"https:\/\/completehealth.com\/wp-content\/uploads\/2025\/12\/Medicare-Emblem-700x394-1.png 524w, https:\/\/completehealth.com\/wp-content\/uploads\/2025\/12\/Medicare-Emblem-700x394-1-300x226.png 300w\" sizes=\"auto, (max-width: 524px) 100vw, 524px\" \/><\/figure><\/div><\/div>\n<\/div>\n\n\n\n<h2 class=\"wp-block-heading has-text-align-center mt-5\">Click the button below for your state to learn more about its Medicare Savings Program.<\/h2>\n\n\n\n<div class=\"wp-block-columns is-layout-flex wp-container-core-columns-is-layout-9d6595d7 wp-block-columns-is-layout-flex\">\n<div class=\"wp-block-column is-layout-flow wp-block-column-is-layout-flow\"><div class=\"wp-block-image\">\n<figure class=\"aligncenter size-large is-resized\"><img loading=\"lazy\" decoding=\"async\" width=\"1024\" height=\"1024\" src=\"https:\/\/completehealth.com\/wp-content\/uploads\/2025\/12\/AL-Savings-1024x1024.png\" alt=\"\" class=\"wp-image-2981\" style=\"width:300px\" srcset=\"https:\/\/completehealth.com\/wp-content\/uploads\/2025\/12\/AL-Savings-1024x1024.png 1024w, https:\/\/completehealth.com\/wp-content\/uploads\/2025\/12\/AL-Savings-300x300.png 300w, https:\/\/completehealth.com\/wp-content\/uploads\/2025\/12\/AL-Savings-150x150.png 150w, https:\/\/completehealth.com\/wp-content\/uploads\/2025\/12\/AL-Savings-768x768.png 768w, https:\/\/completehealth.com\/wp-content\/uploads\/2025\/12\/AL-Savings.png 1080w\" sizes=\"auto, (max-width: 1024px) 100vw, 1024px\" \/><\/figure><\/div>\n\n\n<div class=\"wp-block-buttons is-content-justification-center is-layout-flex wp-container-core-buttons-is-layout-16018d1d wp-block-buttons-is-layout-flex\">\n<div class=\"wp-block-button red-btn\"><a class=\"wp-block-button__link wp-element-button\" href=\"https:\/\/medicaid.alabama.gov\/content\/3.0_Apply\/3.2_Qualifying\/3.2.6_Help_Paying_Medicare.aspx\" target=\"_blank\" rel=\"noreferrer noopener\">Alabama<\/a><\/div>\n<\/div>\n<\/div>\n\n\n\n<div class=\"wp-block-column is-layout-flow wp-block-column-is-layout-flow\"><div class=\"wp-block-image\">\n<figure class=\"aligncenter size-large is-resized\"><img loading=\"lazy\" decoding=\"async\" width=\"1024\" height=\"1024\" src=\"https:\/\/completehealth.com\/wp-content\/uploads\/2025\/12\/FL-Savings-1024x1024.png\" alt=\"\" class=\"wp-image-2982\" style=\"width:300px\" srcset=\"https:\/\/completehealth.com\/wp-content\/uploads\/2025\/12\/FL-Savings-1024x1024.png 1024w, https:\/\/completehealth.com\/wp-content\/uploads\/2025\/12\/FL-Savings-300x300.png 300w, https:\/\/completehealth.com\/wp-content\/uploads\/2025\/12\/FL-Savings-150x150.png 150w, https:\/\/completehealth.com\/wp-content\/uploads\/2025\/12\/FL-Savings-768x768.png 768w, https:\/\/completehealth.com\/wp-content\/uploads\/2025\/12\/FL-Savings.png 1080w\" sizes=\"auto, (max-width: 1024px) 100vw, 1024px\" \/><\/figure><\/div>\n\n\n<div class=\"wp-block-buttons is-content-justification-center is-layout-flex wp-container-core-buttons-is-layout-16018d1d wp-block-buttons-is-layout-flex\">\n<div class=\"wp-block-button red-btn\"><a class=\"wp-block-button__link wp-element-button\" href=\"https:\/\/www.medicare.gov\/basics\/costs\/help\/medicare-savings-programs\" target=\"_blank\" rel=\"noreferrer noopener\">Florida<\/a><\/div>\n<\/div>\n<\/div>\n<\/div>\n<\/div><\/div>","protected":false},"excerpt":{"rendered":"<p>Per\u00edodo de inscripci\u00f3n anual de Medicare Medicare y Medicaid son dos programas de cobertura m\u00e9dica con nombres similares, pero son programas diferentes en cuanto a los requisitos para acceder a ellos y a su funcionamiento. Medicare es un programa nacional de seguro m\u00e9dico para personas mayores de 65 a\u00f1os y personas con discapacidad. Los requisitos para acceder a Medicare se basan en [\u2026]<\/p>","protected":false},"author":3,"featured_media":0,"parent":0,"menu_order":0,"comment_status":"closed","ping_status":"closed","template":"","meta":{"_acf_changed":false,"inline_featured_image":false,"footnotes":""},"class_list":["post-2979","page","type-page","status-publish","hentry"],"acf":[],"yoast_head":"<!-- This site is optimized with the Yoast SEO plugin v26.7 - https:\/\/yoast.com\/wordpress\/plugins\/seo\/ -->\n<title>Medicare Savings Programs | Complete Health<\/title>\n<meta name=\"description\" content=\"Complete Health helps Medicare-eligible seniors explore savings programs that may reduce premiums, deductibles, and out-of-pocket healthcare costs.\" \/>\n<meta name=\"robots\" content=\"index, follow, max-snippet:-1, max-image-preview:large, max-video-preview:-1\" \/>\n<link rel=\"canonical\" href=\"https:\/\/completehealth.com\/es\/medicare-savings-programs\/\" \/>\n<meta property=\"og:locale\" content=\"es_MX\" \/>\n<meta property=\"og:type\" content=\"article\" \/>\n<meta property=\"og:title\" content=\"Medicare Savings Programs | Complete Health\" \/>\n<meta property=\"og:description\" content=\"Complete Health helps Medicare-eligible seniors explore savings programs that may reduce premiums, deductibles, and out-of-pocket healthcare costs.\" \/>\n<meta property=\"og:url\" content=\"https:\/\/completehealth.com\/es\/medicare-savings-programs\/\" \/>\n<meta property=\"og:site_name\" content=\"Complete Health\" \/>\n<meta property=\"article:modified_time\" content=\"2026-03-10T09:48:14+00:00\" \/>\n<meta property=\"og:image\" content=\"https:\/\/completehealth.com\/wp-content\/uploads\/2025\/12\/Medicare-Emblem-700x394-1.png\" \/>\n\t<meta property=\"og:image:width\" content=\"524\" \/>\n\t<meta property=\"og:image:height\" content=\"394\" \/>\n\t<meta property=\"og:image:type\" content=\"image\/png\" \/>\n<meta name=\"twitter:card\" content=\"summary_large_image\" \/>\n<script type=\"application\/ld+json\" class=\"yoast-schema-graph\">{\"@context\":\"https:\/\/schema.org\",\"@graph\":[{\"@type\":\"WebPage\",\"@id\":\"https:\/\/completehealth.com\/medicare-savings-programs\/\",\"url\":\"https:\/\/completehealth.com\/medicare-savings-programs\/\",\"name\":\"Medicare Savings Programs | Complete Health\",\"isPartOf\":{\"@id\":\"https:\/\/completehealth.com\/#website\"},\"primaryImageOfPage\":{\"@id\":\"https:\/\/completehealth.com\/medicare-savings-programs\/#primaryimage\"},\"image\":{\"@id\":\"https:\/\/completehealth.com\/medicare-savings-programs\/#primaryimage\"},\"thumbnailUrl\":\"https:\/\/completehealth.com\/wp-content\/uploads\/2025\/12\/Medicare-Emblem-700x394-1.png\",\"datePublished\":\"2025-12-22T09:41:26+00:00\",\"dateModified\":\"2026-03-10T09:48:14+00:00\",\"description\":\"Complete Health helps Medicare-eligible seniors explore savings programs that may reduce premiums, deductibles, and out-of-pocket healthcare costs.\",\"breadcrumb\":{\"@id\":\"https:\/\/completehealth.com\/medicare-savings-programs\/#breadcrumb\"},\"inLanguage\":\"es\",\"potentialAction\":[{\"@type\":\"ReadAction\",\"target\":[\"https:\/\/completehealth.com\/medicare-savings-programs\/\"]}]},{\"@type\":\"ImageObject\",\"inLanguage\":\"es\",\"@id\":\"https:\/\/completehealth.com\/medicare-savings-programs\/#primaryimage\",\"url\":\"https:\/\/completehealth.com\/wp-content\/uploads\/2025\/12\/Medicare-Emblem-700x394-1.png\",\"contentUrl\":\"https:\/\/completehealth.com\/wp-content\/uploads\/2025\/12\/Medicare-Emblem-700x394-1.png\"},{\"@type\":\"BreadcrumbList\",\"@id\":\"https:\/\/completehealth.com\/medicare-savings-programs\/#breadcrumb\",\"itemListElement\":[{\"@type\":\"ListItem\",\"position\":1,\"name\":\"Home\",\"item\":\"https:\/\/completehealth.com\/\"},{\"@type\":\"ListItem\",\"position\":2,\"name\":\"Medicare Savings Programs\"}]},{\"@type\":\"WebSite\",\"@id\":\"https:\/\/completehealth.com\/#website\",\"url\":\"https:\/\/completehealth.com\/\",\"name\":\"Complete Health\",\"description\":\"\",\"publisher\":{\"@id\":\"https:\/\/completehealth.com\/#organization\"},\"potentialAction\":[{\"@type\":\"SearchAction\",\"target\":{\"@type\":\"EntryPoint\",\"urlTemplate\":\"https:\/\/completehealth.com\/?s={search_term_string}\"},\"query-input\":{\"@type\":\"PropertyValueSpecification\",\"valueRequired\":true,\"valueName\":\"search_term_string\"}}],\"inLanguage\":\"es\"},{\"@type\":\"Organization\",\"@id\":\"https:\/\/completehealth.com\/#organization\",\"name\":\"Complete Health\",\"url\":\"https:\/\/completehealth.com\/\",\"logo\":{\"@type\":\"ImageObject\",\"inLanguage\":\"es\",\"@id\":\"https:\/\/completehealth.com\/#\/schema\/logo\/image\/\",\"url\":\"https:\/\/completehealth.com\/wp-content\/uploads\/2025\/11\/CompleteHealth_LogoTM_NavBar.svg\",\"contentUrl\":\"https:\/\/completehealth.com\/wp-content\/uploads\/2025\/11\/CompleteHealth_LogoTM_NavBar.svg\",\"caption\":\"Complete Health\"},\"image\":{\"@id\":\"https:\/\/completehealth.com\/#\/schema\/logo\/image\/\"}}]}<\/script>\n<!-- \/ Yoast SEO plugin. -->","yoast_head_json":{"title":"Programas de ahorro de Medicare | Complete Health","description":"Complete Health helps Medicare-eligible seniors explore savings programs that may reduce premiums, deductibles, and out-of-pocket healthcare costs.","robots":{"index":"index","follow":"follow","max-snippet":"max-snippet:-1","max-image-preview":"max-image-preview:large","max-video-preview":"max-video-preview:-1"},"canonical":"https:\/\/completehealth.com\/es\/medicare-savings-programs\/","og_locale":"es_MX","og_type":"article","og_title":"Medicare Savings Programs | Complete Health","og_description":"Complete Health helps Medicare-eligible seniors explore savings programs that may reduce premiums, deductibles, and out-of-pocket healthcare costs.","og_url":"https:\/\/completehealth.com\/es\/medicare-savings-programs\/","og_site_name":"Complete Health","article_modified_time":"2026-03-10T09:48:14+00:00","og_image":[{"width":524,"height":394,"url":"https:\/\/completehealth.com\/wp-content\/uploads\/2025\/12\/Medicare-Emblem-700x394-1.png","type":"image\/png"}],"twitter_card":"summary_large_image","schema":{"@context":"https:\/\/schema.org","@graph":[{"@type":"WebPage","@id":"https:\/\/completehealth.com\/medicare-savings-programs\/","url":"https:\/\/completehealth.com\/medicare-savings-programs\/","name":"Programas de ahorro de Medicare | Complete Health","isPartOf":{"@id":"https:\/\/completehealth.com\/#website"},"primaryImageOfPage":{"@id":"https:\/\/completehealth.com\/medicare-savings-programs\/#primaryimage"},"image":{"@id":"https:\/\/completehealth.com\/medicare-savings-programs\/#primaryimage"},"thumbnailUrl":"https:\/\/completehealth.com\/wp-content\/uploads\/2025\/12\/Medicare-Emblem-700x394-1.png","datePublished":"2025-12-22T09:41:26+00:00","dateModified":"2026-03-10T09:48:14+00:00","description":"Complete Health helps Medicare-eligible seniors explore savings programs that may reduce premiums, deductibles, and out-of-pocket healthcare costs.","breadcrumb":{"@id":"https:\/\/completehealth.com\/medicare-savings-programs\/#breadcrumb"},"inLanguage":"es","potentialAction":[{"@type":"ReadAction","target":["https:\/\/completehealth.com\/medicare-savings-programs\/"]}]},{"@type":"ImageObject","inLanguage":"es","@id":"https:\/\/completehealth.com\/medicare-savings-programs\/#primaryimage","url":"https:\/\/completehealth.com\/wp-content\/uploads\/2025\/12\/Medicare-Emblem-700x394-1.png","contentUrl":"https:\/\/completehealth.com\/wp-content\/uploads\/2025\/12\/Medicare-Emblem-700x394-1.png"},{"@type":"BreadcrumbList","@id":"https:\/\/completehealth.com\/medicare-savings-programs\/#breadcrumb","itemListElement":[{"@type":"ListItem","position":1,"name":"Home","item":"https:\/\/completehealth.com\/"},{"@type":"ListItem","position":2,"name":"Medicare Savings Programs"}]},{"@type":"WebSite","@id":"https:\/\/completehealth.com\/#website","url":"https:\/\/completehealth.com\/","name":"Salud completa","description":"","publisher":{"@id":"https:\/\/completehealth.com\/#organization"},"potentialAction":[{"@type":"SearchAction","target":{"@type":"EntryPoint","urlTemplate":"https:\/\/completehealth.com\/?s={search_term_string}"},"query-input":{"@type":"PropertyValueSpecification","valueRequired":true,"valueName":"search_term_string"}}],"inLanguage":"es"},{"@type":"Organization","@id":"https:\/\/completehealth.com\/#organization","name":"Salud completa","url":"https:\/\/completehealth.com\/","logo":{"@type":"ImageObject","inLanguage":"es","@id":"https:\/\/completehealth.com\/#\/schema\/logo\/image\/","url":"https:\/\/completehealth.com\/wp-content\/uploads\/2025\/11\/CompleteHealth_LogoTM_NavBar.svg","contentUrl":"https:\/\/completehealth.com\/wp-content\/uploads\/2025\/11\/CompleteHealth_LogoTM_NavBar.svg","caption":"Complete Health"},"image":{"@id":"https:\/\/completehealth.com\/#\/schema\/logo\/image\/"}}]}},"_links":{"self":[{"href":"https:\/\/completehealth.com\/es\/wp-json\/wp\/v2\/pages\/2979","targetHints":{"allow":["GET"]}}],"collection":[{"href":"https:\/\/completehealth.com\/es\/wp-json\/wp\/v2\/pages"}],"about":[{"href":"https:\/\/completehealth.com\/es\/wp-json\/wp\/v2\/types\/page"}],"author":[{"embeddable":true,"href":"https:\/\/completehealth.com\/es\/wp-json\/wp\/v2\/users\/3"}],"replies":[{"embeddable":true,"href":"https:\/\/completehealth.com\/es\/wp-json\/wp\/v2\/comments?post=2979"}],"version-history":[{"count":7,"href":"https:\/\/completehealth.com\/es\/wp-json\/wp\/v2\/pages\/2979\/revisions"}],"predecessor-version":[{"id":4928,"href":"https:\/\/completehealth.com\/es\/wp-json\/wp\/v2\/pages\/2979\/revisions\/4928"}],"wp:attachment":[{"href":"https:\/\/completehealth.com\/es\/wp-json\/wp\/v2\/media?parent=2979"}],"curies":[{"name":"wp","href":"https:\/\/api.w.org\/{rel}","templated":true}]}}