{"id":4477,"date":"2026-01-06T13:04:03","date_gmt":"2026-01-06T18:04:03","guid":{"rendered":"https:\/\/completehealth.com\/?page_id=4477"},"modified":"2026-03-10T05:48:04","modified_gmt":"2026-03-10T09:48:04","slug":"rocky-mountain-primary-care-is-now-complete-health","status":"publish","type":"page","link":"https:\/\/completehealth.com\/es\/rocky-mountain-primary-care-is-now-complete-health\/","title":{"rendered":"Rocky Mountain Primary Care ahora es Complete Health."},"content":{"rendered":"<div class=\"wp-block-group container pt-3 breadcrumbs pb-0\"><div class=\"wp-block-group__inner-container is-layout-constrained wp-block-group-is-layout-constrained\"><nav aria-label=\"Ruta de navegaci\u00f3n\" class=\"thg-breadcrumb d-flex align-items-center\" itemscope itemtype=\"http:\/\/schema.org\/BreadcrumbList\"><div itemprop=\"itemListElement\" itemscope itemtype=\"http:\/\/schema.org\/ListItem\"><a itemprop=\"item\" class=\"breadcrumb-path\" href=\"https:\/\/completehealth.com\/es\"><span itemprop=\"name\">Inicio<\/span><\/a><meta itemprop=\"position\" content=\"1\" \/><\/div><span class=\"breadcrumb-divider\"> &gt; <\/span><\/nav>\n\n\n\n<hr class=\"wp-block-separator has-alpha-channel-opacity\"\/>\n<\/div><\/div>\n\n\n\n<div class=\"wp-block-group container py-5 py-sm-7\"><div class=\"wp-block-group__inner-container is-layout-constrained wp-block-group-is-layout-constrained\">\n<h1 class=\"wp-block-heading fs-45\">Rocky Mountain Primary Care ahora es Complete Health.<\/h1>\n\n\n\n<div class=\"wp-block-columns is-layout-flex wp-container-core-columns-is-layout-9d6595d7 wp-block-columns-is-layout-flex\">\n<div class=\"wp-block-column is-layout-flow wp-block-column-is-layout-flow\">\n<h3 class=\"wp-block-heading\">Nuestro nombre est\u00e1 cambiando. Su atenci\u00f3n para personas mayores no.<\/h3>\n\n\n\n<p>Junto con nuestro nuevo nombre, le ofrecemos nuevas formas de programar visitas y hacernos llegar sus preguntas. Todo lo dem\u00e1s sigue igual: el mismo equipo de atenci\u00f3n m\u00e9dica, la misma ubicaci\u00f3n de la oficina. Usted cuenta con los m\u00e9dicos que conoce y aprecia, adem\u00e1s del apoyo adicional que se merece.<\/p>\n\n\n\n<p>Haga clic a continuaci\u00f3n para encontrar la cl\u00ednica m\u00e1s cercana a usted.<\/p>\n\n\n\n<div class=\"wp-block-buttons is-layout-flex wp-block-buttons-is-layout-flex\">\n<div class=\"wp-block-button red-btn\"><a class=\"wp-block-button__link wp-element-button\" href=\"\/es\/locations\/?state=colorado\">Encuentre la cl\u00ednica m\u00e1s cercana a usted.<\/a><\/div>\n<\/div>\n<\/div>\n\n\n\n<div class=\"wp-block-column is-layout-flow wp-block-column-is-layout-flow\">\n<figure class=\"wp-block-image size-large\"><img loading=\"lazy\" decoding=\"async\" width=\"1024\" height=\"833\" src=\"https:\/\/completehealth.com\/wp-content\/uploads\/2025\/12\/Screenshot-2025-12-23-at-12.32.00-1024x833.png\" alt=\"\" class=\"wp-image-3012\" srcset=\"https:\/\/completehealth.com\/wp-content\/uploads\/2025\/12\/Screenshot-2025-12-23-at-12.32.00-1024x833.png 1024w, https:\/\/completehealth.com\/wp-content\/uploads\/2025\/12\/Screenshot-2025-12-23-at-12.32.00-300x244.png 300w, https:\/\/completehealth.com\/wp-content\/uploads\/2025\/12\/Screenshot-2025-12-23-at-12.32.00-768x625.png 768w, https:\/\/completehealth.com\/wp-content\/uploads\/2025\/12\/Screenshot-2025-12-23-at-12.32.00.png 1254w\" sizes=\"auto, (max-width: 1024px) 100vw, 1024px\" \/><\/figure>\n<\/div>\n<\/div>\n<\/div><\/div>\n\n\n\n<div class=\"wp-block-group py-xl-7 py-5\"><div class=\"wp-block-group__inner-container is-layout-constrained wp-block-group-is-layout-constrained\">\n<div class=\"wp-block-columns container is-layout-flex wp-container-core-columns-is-layout-9d6595d7 wp-block-columns-is-layout-flex\">\n<div class=\"wp-block-column is-layout-flow wp-block-column-is-layout-flow\">\n<h2 class=\"wp-block-heading has-text-align-center fs-45 pb-6\">Lo que dicen nuestros pacientes.<\/h2>\n\n\n<div class=\"row global-testimonials justify-content-center\"><div class=\"col-lg-4\"><div class=\"thg-global-item id-12\">\r\n        <!-- Div 1: Logo and Stars -->\r\n        <div class=\"testimonial-header\">\r\n            <img decoding=\"async\" src=\"https:\/\/completehealth.com\/wp-content\/uploads\/2025\/11\/google-icon.png\" alt=\"Google\" class=\"source-logo\" width=\"25px\" height=\"25px\"><div class=\"stars-wrapper\"><i class=\"fa fa-star\" aria-hidden=\"true\"><\/i><i class=\"fa fa-star\" aria-hidden=\"true\"><\/i><i class=\"fa fa-star\" aria-hidden=\"true\"><\/i><i class=\"fa fa-star\" aria-hidden=\"true\"><\/i><i class=\"fa fa-star\" aria-hidden=\"true\"><\/i><span class=\"rating\">5.0<\/span> <\/div>        <\/div>\r\n\r\n        <!-- Div 2: Testimonial Content -->\r\n        <div class=\"testimonial-body\">\r\n            <p class=\"testimonial_content\">Every one was friendly and professional. Ther is not a long wait time. Everything is explained to your satisfaction before leaving. Thank you Dr. Patton...<\/p>\r\n        <\/div>\r\n\r\n        <!-- Div 3: Testimonial Name and Date -->\r\n        <div class=\"testimonial-footer\">\r\n            <h3 class=\"testimonial_title\">Elizabeth R.<\/h3>\r\n            <p class=\"testimonial_date\">Mar 31, 2026<\/p>\r\n        <\/div>\r\n        <\/div>\r\n    <\/div>\r\n    <div class=\"col-lg-4\"><div class=\"thg-global-item id-12\">\r\n        <!-- Div 1: Logo and Stars -->\r\n        <div class=\"testimonial-header\">\r\n            <img decoding=\"async\" src=\"https:\/\/completehealth.com\/wp-content\/uploads\/2025\/11\/google-icon.png\" alt=\"Google\" class=\"source-logo\" width=\"25px\" height=\"25px\"><div class=\"stars-wrapper\"><i class=\"fa fa-star\" aria-hidden=\"true\"><\/i><i class=\"fa fa-star\" aria-hidden=\"true\"><\/i><i class=\"fa fa-star\" aria-hidden=\"true\"><\/i><i class=\"fa fa-star\" aria-hidden=\"true\"><\/i><i class=\"fa fa-star\" aria-hidden=\"true\"><\/i><span class=\"rating\">5.0<\/span> <\/div>        <\/div>\r\n\r\n        <!-- Div 2: Testimonial Content -->\r\n        <div class=\"testimonial-body\">\r\n            <p class=\"testimonial_content\">Very caring. Knowledgeable and professional. She likes to see her own patients and does not have a Nurse practitioner. She has provided awesome care to...<\/p>\r\n        <\/div>\r\n\r\n        <!-- Div 3: Testimonial Name and Date -->\r\n        <div class=\"testimonial-footer\">\r\n            <h3 class=\"testimonial_title\">Dorothy K.<\/h3>\r\n            <p class=\"testimonial_date\">Mar 31, 2026<\/p>\r\n        <\/div>\r\n        <\/div>\r\n    <\/div>\r\n    <div class=\"col-lg-4\"><div class=\"thg-global-item id-12\">\r\n        <!-- Div 1: Logo and Stars -->\r\n        <div class=\"testimonial-header\">\r\n            <img decoding=\"async\" src=\"https:\/\/completehealth.com\/wp-content\/uploads\/2025\/11\/google-icon.png\" alt=\"Google\" class=\"source-logo\" width=\"25px\" height=\"25px\"><div class=\"stars-wrapper\"><i class=\"fa fa-star\" aria-hidden=\"true\"><\/i><i class=\"fa fa-star\" aria-hidden=\"true\"><\/i><i class=\"fa fa-star\" aria-hidden=\"true\"><\/i><i class=\"fa fa-star\" aria-hidden=\"true\"><\/i><i class=\"fa fa-star\" aria-hidden=\"true\"><\/i><span class=\"rating\">5.0<\/span> <\/div>        <\/div>\r\n\r\n        <!-- Div 2: Testimonial Content -->\r\n        <div class=\"testimonial-body\">\r\n            <p class=\"testimonial_content\">A Great place to go to see a doctor or nurse<\/p>\r\n        <\/div>\r\n\r\n        <!-- Div 3: Testimonial Name and Date -->\r\n        <div class=\"testimonial-footer\">\r\n            <h3 class=\"testimonial_title\">Deborah C.<\/h3>\r\n            <p class=\"testimonial_date\">Mar 30, 2026<\/p>\r\n        <\/div>\r\n        <\/div>\r\n    <\/div>\r\n    <div class=\"col-lg-4\"><div class=\"thg-global-item id-12\">\r\n        <!-- Div 1: Logo and Stars -->\r\n        <div class=\"testimonial-header\">\r\n            <img decoding=\"async\" src=\"https:\/\/completehealth.com\/wp-content\/uploads\/2025\/11\/google-icon.png\" alt=\"Google\" class=\"source-logo\" width=\"25px\" height=\"25px\"><div class=\"stars-wrapper\"><i class=\"fa fa-star\" aria-hidden=\"true\"><\/i><i class=\"fa fa-star\" aria-hidden=\"true\"><\/i><i class=\"fa fa-star\" aria-hidden=\"true\"><\/i><i class=\"fa fa-star\" aria-hidden=\"true\"><\/i><i class=\"fa fa-star\" aria-hidden=\"true\"><\/i><span class=\"rating\">5.0<\/span> <\/div>        <\/div>\r\n\r\n        <!-- Div 2: Testimonial Content -->\r\n        <div class=\"testimonial-body\">\r\n            <p class=\"testimonial_content\">My 1st visit to her office. She listens and asks questions. My appointment went well. All my concerns were addressed. Office staff were kind and...<\/p>\r\n        <\/div>\r\n\r\n        <!-- Div 3: Testimonial Name and Date -->\r\n        <div class=\"testimonial-footer\">\r\n            <h3 class=\"testimonial_title\">Bob_the_photog H.<\/h3>\r\n            <p class=\"testimonial_date\">Mar 29, 2026<\/p>\r\n        <\/div>\r\n        <\/div>\r\n    <\/div>\r\n    <div class=\"col-lg-4\"><div class=\"thg-global-item id-12\">\r\n        <!-- Div 1: Logo and Stars -->\r\n        <div class=\"testimonial-header\">\r\n            <img decoding=\"async\" src=\"https:\/\/completehealth.com\/wp-content\/uploads\/2025\/11\/google-icon.png\" alt=\"Google\" class=\"source-logo\" width=\"25px\" height=\"25px\"><div class=\"stars-wrapper\"><i class=\"fa fa-star\" aria-hidden=\"true\"><\/i><i class=\"fa fa-star\" aria-hidden=\"true\"><\/i><i class=\"fa fa-star\" aria-hidden=\"true\"><\/i><i class=\"fa fa-star\" aria-hidden=\"true\"><\/i><i class=\"fa fa-star\" aria-hidden=\"true\"><\/i><span class=\"rating\">5.0<\/span> <\/div>        <\/div>\r\n\r\n        <!-- Div 2: Testimonial Content -->\r\n        <div class=\"testimonial-body\">\r\n            <p class=\"testimonial_content\">Dr. M was very thorough & listened & acted on all necessary script refills & referral . Also sent a summary of her actions:)<\/p>\r\n        <\/div>\r\n\r\n        <!-- Div 3: Testimonial Name and Date -->\r\n        <div class=\"testimonial-footer\">\r\n            <h3 class=\"testimonial_title\">Marybeth T.<\/h3>\r\n            <p class=\"testimonial_date\">Mar 29, 2026<\/p>\r\n        <\/div>\r\n        <\/div>\r\n    <\/div>\r\n    <div class=\"col-lg-4\"><div class=\"thg-global-item id-12\">\r\n        <!-- Div 1: Logo and Stars -->\r\n        <div class=\"testimonial-header\">\r\n            <img decoding=\"async\" src=\"https:\/\/completehealth.com\/wp-content\/uploads\/2025\/11\/google-icon.png\" alt=\"Google\" class=\"source-logo\" width=\"25px\" height=\"25px\"><div class=\"stars-wrapper\"><i class=\"fa fa-star\" aria-hidden=\"true\"><\/i><i class=\"fa fa-star\" aria-hidden=\"true\"><\/i><i class=\"fa fa-star\" aria-hidden=\"true\"><\/i><i class=\"fa fa-star\" aria-hidden=\"true\"><\/i><i class=\"fa fa-star\" aria-hidden=\"true\"><\/i><span class=\"rating\">5.0<\/span> <\/div>        <\/div>\r\n\r\n        <!-- Div 2: Testimonial Content -->\r\n        <div class=\"testimonial-body\">\r\n            <p class=\"testimonial_content\">Dr. Southworth is a wonderful, caring doctor. He is well rounded and always mindful of my concerns. I am glad he is my doctor. Being...<\/p>\r\n        <\/div>\r\n\r\n        <!-- Div 3: Testimonial Name and Date -->\r\n        <div class=\"testimonial-footer\">\r\n            <h3 class=\"testimonial_title\">Keith M.<\/h3>\r\n            <p class=\"testimonial_date\">Mar 29, 2026<\/p>\r\n        <\/div>\r\n        <\/div>\r\n    <\/div>\r\n     \r\n    <\/div>  <!-- End of the row  -->\r\n\r\n        \n\n\n\n<div class=\"wp-block-buttons is-content-justification-center is-layout-flex wp-container-core-buttons-is-layout-16018d1d wp-block-buttons-is-layout-flex\">\n<div class=\"wp-block-button red-btn mt-5\"><a class=\"wp-block-button__link wp-element-button\" href=\"\/es\/patient-reviews\/\">Ver todas las rese\u00f1as<\/a><\/div>\n<\/div>\n<\/div>\n<\/div>\n<\/div><\/div>\n\n\n\n<div class=\"wp-block-group container-fluid lg py-5 py-sm-7\"><div class=\"wp-block-group__inner-container is-layout-constrained wp-block-group-is-layout-constrained\">\n<div class=\"wp-block-group container\"><div class=\"wp-block-group__inner-container is-layout-constrained wp-block-group-is-layout-constrained\">\n<h2 class=\"wp-block-heading fs-45\">Our Wraparound Care<\/h2>\n\n\n\n<p>Nuestro equipo de defensores de pacientes es su recurso para vincular su plan de salud con su proveedor de atenci\u00f3n primaria en Complete Health. Se asegurar\u00e1n de que comprenda los beneficios y servicios que tiene a su disposici\u00f3n cuando se convierta en paciente.<\/p>\n\n\n\n<div class=\"wp-block-buttons is-layout-flex wp-block-buttons-is-layout-flex\">\n<div class=\"wp-block-button red-btn\"><a class=\"wp-block-button__link wp-element-button\" href=\"\/es\/departments\/patient-advocate-team\/\">Learn More About Our Wraparound Care<\/a><\/div>\n<\/div>\n<\/div><\/div>\n<\/div><\/div>","protected":false},"excerpt":{"rendered":"<p>Rocky Mountain Primary Care ahora es Complete Health. Nuestro nombre est\u00e1 cambiando. Su atenci\u00f3n m\u00e9dica para personas mayores no. Junto con nuestro nuevo nombre, le ofrecemos nuevas formas de programar visitas y comunicarse con nosotros si tiene preguntas. Todo lo dem\u00e1s permanece igual: el mismo equipo de atenci\u00f3n m\u00e9dica, la misma ubicaci\u00f3n de la oficina. Usted cuenta con los m\u00e9dicos que conoce y aprecia, adem\u00e1s de [\u2026]<\/p>","protected":false},"author":3,"featured_media":0,"parent":0,"menu_order":0,"comment_status":"closed","ping_status":"closed","template":"","meta":{"_acf_changed":false,"inline_featured_image":false,"footnotes":""},"class_list":["post-4477","page","type-page","status-publish","hentry"],"acf":[],"yoast_head":"<!-- This site is optimized with the Yoast SEO plugin v26.7 - https:\/\/yoast.com\/wordpress\/plugins\/seo\/ -->\n<title>Rocky Mountain Primary Care is now Complete Health. | Complete Health<\/title>\n<meta name=\"description\" content=\"Rocky Mountain Primary Care has joined Complete Health, expanding senior-focused primary care services across Colorado under one trusted name.\" \/>\n<meta name=\"robots\" content=\"index, follow, max-snippet:-1, max-image-preview:large, max-video-preview:-1\" \/>\n<link rel=\"canonical\" href=\"https:\/\/completehealth.com\/es\/rocky-mountain-primary-care-is-now-complete-health\/\" \/>\n<meta property=\"og:locale\" content=\"es_MX\" \/>\n<meta property=\"og:type\" content=\"article\" \/>\n<meta property=\"og:title\" content=\"Rocky Mountain Primary Care is now Complete Health. | Complete Health\" \/>\n<meta property=\"og:description\" content=\"Rocky Mountain Primary Care has joined Complete Health, expanding senior-focused primary care services across Colorado under one trusted name.\" \/>\n<meta property=\"og:url\" content=\"https:\/\/completehealth.com\/es\/rocky-mountain-primary-care-is-now-complete-health\/\" \/>\n<meta property=\"og:site_name\" content=\"Complete Health\" \/>\n<meta property=\"article:modified_time\" content=\"2026-03-10T09:48:04+00:00\" \/>\n<meta property=\"og:image\" content=\"https:\/\/completehealth.com\/wp-content\/uploads\/2025\/12\/Screenshot-2025-12-23-at-12.32.00.png\" \/>\n\t<meta property=\"og:image:width\" content=\"1254\" \/>\n\t<meta property=\"og:image:height\" content=\"1020\" \/>\n\t<meta property=\"og:image:type\" content=\"image\/png\" \/>\n<meta name=\"twitter:card\" content=\"summary_large_image\" \/>\n<meta name=\"twitter:label1\" content=\"Tiempo de lectura\" \/>\n\t<meta name=\"twitter:data1\" content=\"1 minuto\" \/>\n<script type=\"application\/ld+json\" class=\"yoast-schema-graph\">{\"@context\":\"https:\/\/schema.org\",\"@graph\":[{\"@type\":\"WebPage\",\"@id\":\"https:\/\/completehealth.com\/rocky-mountain-primary-care-is-now-complete-health\/\",\"url\":\"https:\/\/completehealth.com\/rocky-mountain-primary-care-is-now-complete-health\/\",\"name\":\"Rocky Mountain Primary Care is now Complete Health. | Complete Health\",\"isPartOf\":{\"@id\":\"https:\/\/completehealth.com\/#website\"},\"primaryImageOfPage\":{\"@id\":\"https:\/\/completehealth.com\/rocky-mountain-primary-care-is-now-complete-health\/#primaryimage\"},\"image\":{\"@id\":\"https:\/\/completehealth.com\/rocky-mountain-primary-care-is-now-complete-health\/#primaryimage\"},\"thumbnailUrl\":\"https:\/\/completehealth.com\/wp-content\/uploads\/2025\/12\/Screenshot-2025-12-23-at-12.32.00-1024x833.png\",\"datePublished\":\"2026-01-06T18:04:03+00:00\",\"dateModified\":\"2026-03-10T09:48:04+00:00\",\"description\":\"Rocky Mountain Primary Care has joined Complete Health, expanding senior-focused primary care services across Colorado under one trusted name.\",\"breadcrumb\":{\"@id\":\"https:\/\/completehealth.com\/rocky-mountain-primary-care-is-now-complete-health\/#breadcrumb\"},\"inLanguage\":\"es\",\"potentialAction\":[{\"@type\":\"ReadAction\",\"target\":[\"https:\/\/completehealth.com\/rocky-mountain-primary-care-is-now-complete-health\/\"]}]},{\"@type\":\"ImageObject\",\"inLanguage\":\"es\",\"@id\":\"https:\/\/completehealth.com\/rocky-mountain-primary-care-is-now-complete-health\/#primaryimage\",\"url\":\"https:\/\/completehealth.com\/wp-content\/uploads\/2025\/12\/Screenshot-2025-12-23-at-12.32.00-1024x833.png\",\"contentUrl\":\"https:\/\/completehealth.com\/wp-content\/uploads\/2025\/12\/Screenshot-2025-12-23-at-12.32.00-1024x833.png\"},{\"@type\":\"BreadcrumbList\",\"@id\":\"https:\/\/completehealth.com\/rocky-mountain-primary-care-is-now-complete-health\/#breadcrumb\",\"itemListElement\":[{\"@type\":\"ListItem\",\"position\":1,\"name\":\"Home\",\"item\":\"https:\/\/completehealth.com\/\"},{\"@type\":\"ListItem\",\"position\":2,\"name\":\"Rocky Mountain Primary Care is now Complete Health.\"}]},{\"@type\":\"WebSite\",\"@id\":\"https:\/\/completehealth.com\/#website\",\"url\":\"https:\/\/completehealth.com\/\",\"name\":\"Complete Health\",\"description\":\"\",\"publisher\":{\"@id\":\"https:\/\/completehealth.com\/#organization\"},\"potentialAction\":[{\"@type\":\"SearchAction\",\"target\":{\"@type\":\"EntryPoint\",\"urlTemplate\":\"https:\/\/completehealth.com\/?s={search_term_string}\"},\"query-input\":{\"@type\":\"PropertyValueSpecification\",\"valueRequired\":true,\"valueName\":\"search_term_string\"}}],\"inLanguage\":\"es\"},{\"@type\":\"Organization\",\"@id\":\"https:\/\/completehealth.com\/#organization\",\"name\":\"Complete Health\",\"url\":\"https:\/\/completehealth.com\/\",\"logo\":{\"@type\":\"ImageObject\",\"inLanguage\":\"es\",\"@id\":\"https:\/\/completehealth.com\/#\/schema\/logo\/image\/\",\"url\":\"https:\/\/completehealth.com\/wp-content\/uploads\/2025\/11\/CompleteHealth_LogoTM_NavBar.svg\",\"contentUrl\":\"https:\/\/completehealth.com\/wp-content\/uploads\/2025\/11\/CompleteHealth_LogoTM_NavBar.svg\",\"caption\":\"Complete Health\"},\"image\":{\"@id\":\"https:\/\/completehealth.com\/#\/schema\/logo\/image\/\"}}]}<\/script>\n<!-- \/ Yoast SEO plugin. -->","yoast_head_json":{"title":"Rocky Mountain Primary Care ahora es Complete Health. | Complete Health","description":"Rocky Mountain Primary Care has joined Complete Health, expanding senior-focused primary care services across Colorado under one trusted name.","robots":{"index":"index","follow":"follow","max-snippet":"max-snippet:-1","max-image-preview":"max-image-preview:large","max-video-preview":"max-video-preview:-1"},"canonical":"https:\/\/completehealth.com\/es\/rocky-mountain-primary-care-is-now-complete-health\/","og_locale":"es_MX","og_type":"article","og_title":"Rocky Mountain Primary Care is now Complete Health. | Complete Health","og_description":"Rocky Mountain Primary Care has joined Complete Health, expanding senior-focused primary care services across Colorado under one trusted name.","og_url":"https:\/\/completehealth.com\/es\/rocky-mountain-primary-care-is-now-complete-health\/","og_site_name":"Complete Health","article_modified_time":"2026-03-10T09:48:04+00:00","og_image":[{"width":1254,"height":1020,"url":"https:\/\/completehealth.com\/wp-content\/uploads\/2025\/12\/Screenshot-2025-12-23-at-12.32.00.png","type":"image\/png"}],"twitter_card":"summary_large_image","twitter_misc":{"Tiempo de lectura":"1 minuto"},"schema":{"@context":"https:\/\/schema.org","@graph":[{"@type":"WebPage","@id":"https:\/\/completehealth.com\/rocky-mountain-primary-care-is-now-complete-health\/","url":"https:\/\/completehealth.com\/rocky-mountain-primary-care-is-now-complete-health\/","name":"Rocky Mountain Primary Care ahora es Complete Health. | Complete Health","isPartOf":{"@id":"https:\/\/completehealth.com\/#website"},"primaryImageOfPage":{"@id":"https:\/\/completehealth.com\/rocky-mountain-primary-care-is-now-complete-health\/#primaryimage"},"image":{"@id":"https:\/\/completehealth.com\/rocky-mountain-primary-care-is-now-complete-health\/#primaryimage"},"thumbnailUrl":"https:\/\/completehealth.com\/wp-content\/uploads\/2025\/12\/Screenshot-2025-12-23-at-12.32.00-1024x833.png","datePublished":"2026-01-06T18:04:03+00:00","dateModified":"2026-03-10T09:48:04+00:00","description":"Rocky Mountain Primary Care has joined Complete Health, expanding senior-focused primary care services across Colorado under one trusted name.","breadcrumb":{"@id":"https:\/\/completehealth.com\/rocky-mountain-primary-care-is-now-complete-health\/#breadcrumb"},"inLanguage":"es","potentialAction":[{"@type":"ReadAction","target":["https:\/\/completehealth.com\/rocky-mountain-primary-care-is-now-complete-health\/"]}]},{"@type":"ImageObject","inLanguage":"es","@id":"https:\/\/completehealth.com\/rocky-mountain-primary-care-is-now-complete-health\/#primaryimage","url":"https:\/\/completehealth.com\/wp-content\/uploads\/2025\/12\/Screenshot-2025-12-23-at-12.32.00-1024x833.png","contentUrl":"https:\/\/completehealth.com\/wp-content\/uploads\/2025\/12\/Screenshot-2025-12-23-at-12.32.00-1024x833.png"},{"@type":"BreadcrumbList","@id":"https:\/\/completehealth.com\/rocky-mountain-primary-care-is-now-complete-health\/#breadcrumb","itemListElement":[{"@type":"ListItem","position":1,"name":"Home","item":"https:\/\/completehealth.com\/"},{"@type":"ListItem","position":2,"name":"Rocky Mountain Primary Care is now Complete Health."}]},{"@type":"WebSite","@id":"https:\/\/completehealth.com\/#website","url":"https:\/\/completehealth.com\/","name":"Salud completa","description":"","publisher":{"@id":"https:\/\/completehealth.com\/#organization"},"potentialAction":[{"@type":"SearchAction","target":{"@type":"EntryPoint","urlTemplate":"https:\/\/completehealth.com\/?s={search_term_string}"},"query-input":{"@type":"PropertyValueSpecification","valueRequired":true,"valueName":"search_term_string"}}],"inLanguage":"es"},{"@type":"Organization","@id":"https:\/\/completehealth.com\/#organization","name":"Salud completa","url":"https:\/\/completehealth.com\/","logo":{"@type":"ImageObject","inLanguage":"es","@id":"https:\/\/completehealth.com\/#\/schema\/logo\/image\/","url":"https:\/\/completehealth.com\/wp-content\/uploads\/2025\/11\/CompleteHealth_LogoTM_NavBar.svg","contentUrl":"https:\/\/completehealth.com\/wp-content\/uploads\/2025\/11\/CompleteHealth_LogoTM_NavBar.svg","caption":"Complete Health"},"image":{"@id":"https:\/\/completehealth.com\/#\/schema\/logo\/image\/"}}]}},"_links":{"self":[{"href":"https:\/\/completehealth.com\/es\/wp-json\/wp\/v2\/pages\/4477","targetHints":{"allow":["GET"]}}],"collection":[{"href":"https:\/\/completehealth.com\/es\/wp-json\/wp\/v2\/pages"}],"about":[{"href":"https:\/\/completehealth.com\/es\/wp-json\/wp\/v2\/types\/page"}],"author":[{"embeddable":true,"href":"https:\/\/completehealth.com\/es\/wp-json\/wp\/v2\/users\/3"}],"replies":[{"embeddable":true,"href":"https:\/\/completehealth.com\/es\/wp-json\/wp\/v2\/comments?post=4477"}],"version-history":[{"count":5,"href":"https:\/\/completehealth.com\/es\/wp-json\/wp\/v2\/pages\/4477\/revisions"}],"predecessor-version":[{"id":4930,"href":"https:\/\/completehealth.com\/es\/wp-json\/wp\/v2\/pages\/4477\/revisions\/4930"}],"wp:attachment":[{"href":"https:\/\/completehealth.com\/es\/wp-json\/wp\/v2\/media?parent=4477"}],"curies":[{"name":"wp","href":"https:\/\/api.w.org\/{rel}","templated":true}]}}