{"id":4970,"date":"2026-02-17T11:19:19","date_gmt":"2026-02-17T16:19:19","guid":{"rendered":"https:\/\/completehealth.com\/?page_id=4970"},"modified":"2026-03-10T05:47:51","modified_gmt":"2026-03-10T09:47:51","slug":"birmingham-medicare-doctors","status":"publish","type":"page","link":"https:\/\/completehealth.com\/es\/birmingham-medicare-doctors\/","title":{"rendered":"M\u00e9dicos de Medicare en Birmingham"},"content":{"rendered":"<div class=\"wp-block-group container pt-3 breadcrumbs pb-0\"><div class=\"wp-block-group__inner-container is-layout-constrained wp-block-group-is-layout-constrained\"><nav aria-label=\"Ruta de navegaci\u00f3n\" class=\"thg-breadcrumb d-flex align-items-center\" itemscope itemtype=\"http:\/\/schema.org\/BreadcrumbList\"><div itemprop=\"itemListElement\" itemscope itemtype=\"http:\/\/schema.org\/ListItem\"><a itemprop=\"item\" class=\"breadcrumb-path\" href=\"https:\/\/completehealth.com\/es\"><span itemprop=\"name\">Inicio<\/span><\/a><meta itemprop=\"position\" content=\"1\" \/><\/div><span class=\"breadcrumb-divider\"> &gt; <\/span><\/nav>\n\n\n\n<hr class=\"wp-block-separator has-alpha-channel-opacity\"\/>\n<\/div><\/div>\n\n\n\n<div class=\"wp-block-group container py-5 py-sm-7\"><div class=\"wp-block-group__inner-container is-layout-constrained wp-block-group-is-layout-constrained\">\n<h1 class=\"wp-block-heading fs-45\">Atenci\u00f3n primaria en Birmingham<\/h1>\n\n\n\n<div class=\"wp-block-columns is-layout-flex wp-container-core-columns-is-layout-9d6595d7 wp-block-columns-is-layout-flex\">\n<div class=\"wp-block-column is-layout-flow wp-block-column-is-layout-flow\">\n<p>Atenci\u00f3n primaria en Birmingham, Alabama. M\u00e9dicos compasivos para todas sus necesidades de atenci\u00f3n m\u00e9dica para personas mayores. Encuentre un centro cerca de usted.<\/p>\n\n\n\n<p>Complete Health ofrece servicios especializados para personas mayores, entre los que se incluyen:<\/p>\n\n\n\n<ul class=\"wp-block-list\">\n<li>Gesti\u00f3n de la atenci\u00f3n m\u00e9dica para enfermedades cr\u00f3nicas<\/li>\n\n\n\n<li>Acceso a una l\u00ednea de asistencia de enfermer\u00eda las 24 horas del d\u00eda, los 7 d\u00edas de la semana.<\/li>\n\n\n\n<li>Citas m\u00e9dicas para el mismo d\u00eda<\/li>\n\n\n\n<li>Recursos para descuentos en medicamentos recetados y necesidades de transporte<\/li>\n\n\n\n<li>Le ponemos en contacto con un agente de seguros autorizado.<\/li>\n<\/ul>\n\n\n\n<p>Click below to find the nearest clinic.<\/p>\n\n\n\n<div class=\"wp-block-buttons is-layout-flex wp-block-buttons-is-layout-flex\">\n<div class=\"wp-block-button red-btn\"><a class=\"wp-block-button__link wp-element-button\" href=\"\/es\/locations\/\">Find A Clinic<\/a><\/div>\n\n\n\n<div class=\"wp-block-button call-btn d-none\"><a class=\"wp-block-button__link wp-element-button\" href=\"tel:205-995-9909\">Llame al (205) 995-9909<\/a><\/div>\n<\/div>\n<\/div>\n\n\n\n<div class=\"wp-block-column is-layout-flow wp-block-column-is-layout-flow\">\n<figure class=\"wp-block-image size-large\"><img loading=\"lazy\" decoding=\"async\" width=\"1024\" height=\"835\" src=\"https:\/\/completehealth.com\/wp-content\/uploads\/2025\/12\/Screenshot-2025-12-23-at-12.27.09-1024x835.png\" alt=\"\" class=\"wp-image-3005\" srcset=\"https:\/\/completehealth.com\/wp-content\/uploads\/2025\/12\/Screenshot-2025-12-23-at-12.27.09-1024x835.png 1024w, https:\/\/completehealth.com\/wp-content\/uploads\/2025\/12\/Screenshot-2025-12-23-at-12.27.09-300x244.png 300w, https:\/\/completehealth.com\/wp-content\/uploads\/2025\/12\/Screenshot-2025-12-23-at-12.27.09-768x626.png 768w, https:\/\/completehealth.com\/wp-content\/uploads\/2025\/12\/Screenshot-2025-12-23-at-12.27.09.png 1254w\" sizes=\"auto, (max-width: 1024px) 100vw, 1024px\" \/><\/figure>\n<\/div>\n<\/div>\n<\/div><\/div>\n\n\n\n<div class=\"wp-block-group py-xl-7 py-5\"><div class=\"wp-block-group__inner-container is-layout-constrained wp-block-group-is-layout-constrained\">\n<div class=\"wp-block-columns container is-layout-flex wp-container-core-columns-is-layout-9d6595d7 wp-block-columns-is-layout-flex\">\n<div class=\"wp-block-column is-layout-flow wp-block-column-is-layout-flow\">\n<h2 class=\"wp-block-heading has-text-align-center fs-45 pb-6\">Lo que dicen nuestros pacientes.<\/h2>\n\n\n<div class=\"row global-testimonials justify-content-center\"><div class=\"col-lg-4\"><div class=\"thg-global-item id-12\">\r\n        <!-- Div 1: Logo and Stars -->\r\n        <div class=\"testimonial-header\">\r\n            <img decoding=\"async\" src=\"https:\/\/completehealth.com\/wp-content\/uploads\/2025\/11\/google-icon.png\" alt=\"Google\" class=\"source-logo\" width=\"25px\" height=\"25px\"><div class=\"stars-wrapper\"><i class=\"fa fa-star\" aria-hidden=\"true\"><\/i><i class=\"fa fa-star\" aria-hidden=\"true\"><\/i><i class=\"fa fa-star\" aria-hidden=\"true\"><\/i><i class=\"fa fa-star\" aria-hidden=\"true\"><\/i><i class=\"fa fa-star\" aria-hidden=\"true\"><\/i><span class=\"rating\">5.0<\/span> <\/div>        <\/div>\r\n\r\n        <!-- Div 2: Testimonial Content -->\r\n        <div class=\"testimonial-body\">\r\n            <p class=\"testimonial_content\">Dr. Campbell is wonderful. She listens to my problems to understand the whole picture. I appreciate that she first recommends lifestyle modifications to improve health...<\/p>\r\n        <\/div>\r\n\r\n        <!-- Div 3: Testimonial Name and Date -->\r\n        <div class=\"testimonial-footer\">\r\n            <h3 class=\"testimonial_title\">Linna T.<\/h3>\r\n            <p class=\"testimonial_date\">Abr 30, 2026<\/p>\r\n        <\/div>\r\n        <\/div>\r\n    <\/div>\r\n    <div class=\"col-lg-4\"><div class=\"thg-global-item id-12\">\r\n        <!-- Div 1: Logo and Stars -->\r\n        <div class=\"testimonial-header\">\r\n            <img decoding=\"async\" src=\"https:\/\/completehealth.com\/wp-content\/uploads\/2025\/11\/google-icon.png\" alt=\"Google\" class=\"source-logo\" width=\"25px\" height=\"25px\"><div class=\"stars-wrapper\"><i class=\"fa fa-star\" aria-hidden=\"true\"><\/i><i class=\"fa fa-star\" aria-hidden=\"true\"><\/i><i class=\"fa fa-star\" aria-hidden=\"true\"><\/i><i class=\"fa fa-star\" aria-hidden=\"true\"><\/i><i class=\"fa fa-star\" aria-hidden=\"true\"><\/i><span class=\"rating\">5.0<\/span> <\/div>        <\/div>\r\n\r\n        <!-- Div 2: Testimonial Content -->\r\n        <div class=\"testimonial-body\">\r\n            <p class=\"testimonial_content\">Excellent doctor Dr Alford and Np Troy Henderson and staff Grateful to have them in charge of my health<\/p>\r\n        <\/div>\r\n\r\n        <!-- Div 3: Testimonial Name and Date -->\r\n        <div class=\"testimonial-footer\">\r\n            <h3 class=\"testimonial_title\">Karen G.<\/h3>\r\n            <p class=\"testimonial_date\">Abr 30, 2026<\/p>\r\n        <\/div>\r\n        <\/div>\r\n    <\/div>\r\n    <div class=\"col-lg-4\"><div class=\"thg-global-item id-12\">\r\n        <!-- Div 1: Logo and Stars -->\r\n        <div class=\"testimonial-header\">\r\n            <img decoding=\"async\" src=\"https:\/\/completehealth.com\/wp-content\/uploads\/2025\/11\/google-icon.png\" alt=\"Google\" class=\"source-logo\" width=\"25px\" height=\"25px\"><div class=\"stars-wrapper\"><i class=\"fa fa-star\" aria-hidden=\"true\"><\/i><i class=\"fa fa-star\" aria-hidden=\"true\"><\/i><i class=\"fa fa-star\" aria-hidden=\"true\"><\/i><i class=\"fa fa-star\" aria-hidden=\"true\"><\/i><i class=\"fa fa-star\" aria-hidden=\"true\"><\/i><span class=\"rating\">5.0<\/span> <\/div>        <\/div>\r\n\r\n        <!-- Div 2: Testimonial Content -->\r\n        <div class=\"testimonial-body\">\r\n            <p class=\"testimonial_content\">She is very supportive and a good listener<\/p>\r\n        <\/div>\r\n\r\n        <!-- Div 3: Testimonial Name and Date -->\r\n        <div class=\"testimonial-footer\">\r\n            <h3 class=\"testimonial_title\">Suzanne H.<\/h3>\r\n            <p class=\"testimonial_date\">Abr 30, 2026<\/p>\r\n        <\/div>\r\n        <\/div>\r\n    <\/div>\r\n    <div class=\"col-lg-4\"><div class=\"thg-global-item id-12\">\r\n        <!-- Div 1: Logo and Stars -->\r\n        <div class=\"testimonial-header\">\r\n            <img decoding=\"async\" src=\"https:\/\/completehealth.com\/wp-content\/uploads\/2025\/11\/google-icon.png\" alt=\"Google\" class=\"source-logo\" width=\"25px\" height=\"25px\"><div class=\"stars-wrapper\"><i class=\"fa fa-star\" aria-hidden=\"true\"><\/i><i class=\"fa fa-star\" aria-hidden=\"true\"><\/i><i class=\"fa fa-star\" aria-hidden=\"true\"><\/i><i class=\"fa fa-star\" aria-hidden=\"true\"><\/i><i class=\"fa fa-star\" aria-hidden=\"true\"><\/i><span class=\"rating\">5.0<\/span> <\/div>        <\/div>\r\n\r\n        <!-- Div 2: Testimonial Content -->\r\n        <div class=\"testimonial-body\">\r\n            <p class=\"testimonial_content\">I had a great appointment with Dr. Gerold Sibanda. He is a great, caring, fantastic; only to name a few positives for such a wonderful...<\/p>\r\n        <\/div>\r\n\r\n        <!-- Div 3: Testimonial Name and Date -->\r\n        <div class=\"testimonial-footer\">\r\n            <h3 class=\"testimonial_title\">Elaine M.<\/h3>\r\n            <p class=\"testimonial_date\">Abr 30, 2026<\/p>\r\n        <\/div>\r\n        <\/div>\r\n    <\/div>\r\n    <div class=\"col-lg-4\"><div class=\"thg-global-item id-12\">\r\n        <!-- Div 1: Logo and Stars -->\r\n        <div class=\"testimonial-header\">\r\n            <img decoding=\"async\" src=\"https:\/\/completehealth.com\/wp-content\/uploads\/2025\/11\/google-icon.png\" alt=\"Google\" class=\"source-logo\" width=\"25px\" height=\"25px\"><div class=\"stars-wrapper\"><i class=\"fa fa-star\" aria-hidden=\"true\"><\/i><i class=\"fa fa-star\" aria-hidden=\"true\"><\/i><i class=\"fa fa-star\" aria-hidden=\"true\"><\/i><i class=\"fa fa-star\" aria-hidden=\"true\"><\/i><i class=\"fa fa-star\" aria-hidden=\"true\"><\/i><span class=\"rating\">5.0<\/span> <\/div>        <\/div>\r\n\r\n        <!-- Div 2: Testimonial Content -->\r\n        <div class=\"testimonial-body\">\r\n            <p class=\"testimonial_content\">Always a pleasant visit. The staff is very professional and friendly. I have never had any unpleasant visits with Dr. Chestang or his staff.<\/p>\r\n        <\/div>\r\n\r\n        <!-- Div 3: Testimonial Name and Date -->\r\n        <div class=\"testimonial-footer\">\r\n            <h3 class=\"testimonial_title\">Patricia M.<\/h3>\r\n            <p class=\"testimonial_date\">Abr 30, 2026<\/p>\r\n        <\/div>\r\n        <\/div>\r\n    <\/div>\r\n    <div class=\"col-lg-4\"><div class=\"thg-global-item id-12\">\r\n        <!-- Div 1: Logo and Stars -->\r\n        <div class=\"testimonial-header\">\r\n            <img decoding=\"async\" src=\"https:\/\/completehealth.com\/wp-content\/uploads\/2025\/11\/google-icon.png\" alt=\"Google\" class=\"source-logo\" width=\"25px\" height=\"25px\"><div class=\"stars-wrapper\"><i class=\"fa fa-star\" aria-hidden=\"true\"><\/i><i class=\"fa fa-star\" aria-hidden=\"true\"><\/i><i class=\"fa fa-star\" aria-hidden=\"true\"><\/i><i class=\"fa fa-star\" aria-hidden=\"true\"><\/i><i class=\"fa fa-star\" aria-hidden=\"true\"><\/i><span class=\"rating\">5.0<\/span> <\/div>        <\/div>\r\n\r\n        <!-- Div 2: Testimonial Content -->\r\n        <div class=\"testimonial-body\">\r\n            <p class=\"testimonial_content\">Aimee Nelson is fantastic. Not just a doctor, she actually cares. I go out of my way to drive to this clinic for appointments with...<\/p>\r\n        <\/div>\r\n\r\n        <!-- Div 3: Testimonial Name and Date -->\r\n        <div class=\"testimonial-footer\">\r\n            <h3 class=\"testimonial_title\">Katy K.<\/h3>\r\n            <p class=\"testimonial_date\">Abr 30, 2026<\/p>\r\n        <\/div>\r\n        <\/div>\r\n    <\/div>\r\n     \r\n    <\/div>  <!-- End of the row  -->\r\n\r\n        \n\n\n\n<div class=\"wp-block-buttons is-content-justification-center is-layout-flex wp-container-core-buttons-is-layout-16018d1d wp-block-buttons-is-layout-flex\">\n<div class=\"wp-block-button red-btn mt-5\"><a class=\"wp-block-button__link wp-element-button\" href=\"\/es\/patient-reviews\/\">Ver todas las rese\u00f1as<\/a><\/div>\n<\/div>\n<\/div>\n<\/div>\n<\/div><\/div>\n\n\n\n<div class=\"wp-block-group container-fluid lg py-5 py-sm-7\"><div class=\"wp-block-group__inner-container is-layout-constrained wp-block-group-is-layout-constrained\">\n<div class=\"wp-block-group container\"><div class=\"wp-block-group__inner-container is-layout-constrained wp-block-group-is-layout-constrained\">\n<h2 class=\"wp-block-heading fs-45\">Nuestro equipo de defensa del paciente<\/h2>\n\n\n\n<p>Nuestro equipo de defensores de pacientes es su recurso para vincular su plan de salud con su proveedor de atenci\u00f3n primaria en Complete Health. Se asegurar\u00e1n de que comprenda los beneficios y servicios que tiene a su disposici\u00f3n cuando se convierta en paciente.<\/p>\n\n\n\n<div class=\"wp-block-buttons is-layout-flex wp-block-buttons-is-layout-flex\">\n<div class=\"wp-block-button red-btn\"><a class=\"wp-block-button__link wp-element-button\" href=\"\/es\/departments\/patient-advocate-team\/\">M\u00e1s informaci\u00f3n sobre nuestros defensores de pacientes<\/a><\/div>\n<\/div>\n<\/div><\/div>\n<\/div><\/div>","protected":false},"excerpt":{"rendered":"<p>Birmingham Primary Care Primary care in Birmingham, Alabama. Compassionate doctors for your every senior care need. Find a location near you Complete Health offers specialized senior services, including: Click below to find the nearest clinic. What our patients say. Our Patient Advocate Team Our patient advocate team are your resource for tying your health plan [&hellip;]<\/p>","protected":false},"author":3,"featured_media":0,"parent":0,"menu_order":0,"comment_status":"closed","ping_status":"closed","template":"","meta":{"_acf_changed":false,"inline_featured_image":false,"footnotes":""},"class_list":["post-4970","page","type-page","status-publish","hentry"],"acf":[],"yoast_head":"<!-- This site is optimized with the Yoast SEO plugin v26.7 - https:\/\/yoast.com\/wordpress\/plugins\/seo\/ -->\n<title>Birmingham Medicare Doctors | Complete Health<\/title>\n<meta name=\"description\" content=\"Find Medicare-accepting primary care doctors in Birmingham, AL through Complete Health. Senior-focused clinics across the greater Birmingham area.\" \/>\n<meta name=\"robots\" content=\"index, follow, max-snippet:-1, max-image-preview:large, max-video-preview:-1\" \/>\n<link rel=\"canonical\" href=\"https:\/\/completehealth.com\/es\/birmingham-medicare-doctors\/\" \/>\n<meta property=\"og:locale\" content=\"es_MX\" \/>\n<meta property=\"og:type\" content=\"article\" \/>\n<meta property=\"og:title\" content=\"Birmingham Medicare Doctors | Complete Health\" \/>\n<meta property=\"og:description\" content=\"Find Medicare-accepting primary care doctors in Birmingham, AL through Complete Health. Senior-focused clinics across the greater Birmingham area.\" \/>\n<meta property=\"og:url\" content=\"https:\/\/completehealth.com\/es\/birmingham-medicare-doctors\/\" \/>\n<meta property=\"og:site_name\" content=\"Complete Health\" \/>\n<meta property=\"article:modified_time\" content=\"2026-03-10T09:47:51+00:00\" \/>\n<meta property=\"og:image\" content=\"https:\/\/completehealth.com\/wp-content\/uploads\/2025\/12\/Screenshot-2025-12-23-at-12.27.09.png\" \/>\n\t<meta property=\"og:image:width\" content=\"1254\" \/>\n\t<meta property=\"og:image:height\" content=\"1022\" \/>\n\t<meta property=\"og:image:type\" content=\"image\/png\" \/>\n<meta name=\"twitter:card\" content=\"summary_large_image\" \/>\n<script type=\"application\/ld+json\" class=\"yoast-schema-graph\">{\"@context\":\"https:\/\/schema.org\",\"@graph\":[{\"@type\":\"WebPage\",\"@id\":\"https:\/\/completehealth.com\/birmingham-medicare-doctors\/\",\"url\":\"https:\/\/completehealth.com\/birmingham-medicare-doctors\/\",\"name\":\"Birmingham Medicare Doctors | Complete Health\",\"isPartOf\":{\"@id\":\"https:\/\/completehealth.com\/#website\"},\"primaryImageOfPage\":{\"@id\":\"https:\/\/completehealth.com\/birmingham-medicare-doctors\/#primaryimage\"},\"image\":{\"@id\":\"https:\/\/completehealth.com\/birmingham-medicare-doctors\/#primaryimage\"},\"thumbnailUrl\":\"https:\/\/completehealth.com\/wp-content\/uploads\/2025\/12\/Screenshot-2025-12-23-at-12.27.09-1024x835.png\",\"datePublished\":\"2026-02-17T16:19:19+00:00\",\"dateModified\":\"2026-03-10T09:47:51+00:00\",\"description\":\"Find Medicare-accepting primary care doctors in Birmingham, AL through Complete Health. Senior-focused clinics across the greater Birmingham area.\",\"breadcrumb\":{\"@id\":\"https:\/\/completehealth.com\/birmingham-medicare-doctors\/#breadcrumb\"},\"inLanguage\":\"es\",\"potentialAction\":[{\"@type\":\"ReadAction\",\"target\":[\"https:\/\/completehealth.com\/birmingham-medicare-doctors\/\"]}]},{\"@type\":\"ImageObject\",\"inLanguage\":\"es\",\"@id\":\"https:\/\/completehealth.com\/birmingham-medicare-doctors\/#primaryimage\",\"url\":\"https:\/\/completehealth.com\/wp-content\/uploads\/2025\/12\/Screenshot-2025-12-23-at-12.27.09-1024x835.png\",\"contentUrl\":\"https:\/\/completehealth.com\/wp-content\/uploads\/2025\/12\/Screenshot-2025-12-23-at-12.27.09-1024x835.png\"},{\"@type\":\"BreadcrumbList\",\"@id\":\"https:\/\/completehealth.com\/birmingham-medicare-doctors\/#breadcrumb\",\"itemListElement\":[{\"@type\":\"ListItem\",\"position\":1,\"name\":\"Home\",\"item\":\"https:\/\/completehealth.com\/\"},{\"@type\":\"ListItem\",\"position\":2,\"name\":\"Birmingham Medicare Doctors\"}]},{\"@type\":\"WebSite\",\"@id\":\"https:\/\/completehealth.com\/#website\",\"url\":\"https:\/\/completehealth.com\/\",\"name\":\"Complete Health\",\"description\":\"\",\"publisher\":{\"@id\":\"https:\/\/completehealth.com\/#organization\"},\"potentialAction\":[{\"@type\":\"SearchAction\",\"target\":{\"@type\":\"EntryPoint\",\"urlTemplate\":\"https:\/\/completehealth.com\/?s={search_term_string}\"},\"query-input\":{\"@type\":\"PropertyValueSpecification\",\"valueRequired\":true,\"valueName\":\"search_term_string\"}}],\"inLanguage\":\"es\"},{\"@type\":\"Organization\",\"@id\":\"https:\/\/completehealth.com\/#organization\",\"name\":\"Complete Health\",\"url\":\"https:\/\/completehealth.com\/\",\"logo\":{\"@type\":\"ImageObject\",\"inLanguage\":\"es\",\"@id\":\"https:\/\/completehealth.com\/#\/schema\/logo\/image\/\",\"url\":\"https:\/\/completehealth.com\/wp-content\/uploads\/2025\/11\/CompleteHealth_LogoTM_NavBar.svg\",\"contentUrl\":\"https:\/\/completehealth.com\/wp-content\/uploads\/2025\/11\/CompleteHealth_LogoTM_NavBar.svg\",\"caption\":\"Complete Health\"},\"image\":{\"@id\":\"https:\/\/completehealth.com\/#\/schema\/logo\/image\/\"}}]}<\/script>\n<!-- \/ Yoast SEO plugin. -->","yoast_head_json":{"title":"M\u00e9dicos de Medicare en Birmingham | Salud integral","description":"Find Medicare-accepting primary care doctors in Birmingham, AL through Complete Health. Senior-focused clinics across the greater Birmingham area.","robots":{"index":"index","follow":"follow","max-snippet":"max-snippet:-1","max-image-preview":"max-image-preview:large","max-video-preview":"max-video-preview:-1"},"canonical":"https:\/\/completehealth.com\/es\/birmingham-medicare-doctors\/","og_locale":"es_MX","og_type":"article","og_title":"Birmingham Medicare Doctors | Complete Health","og_description":"Find Medicare-accepting primary care doctors in Birmingham, AL through Complete Health. Senior-focused clinics across the greater Birmingham area.","og_url":"https:\/\/completehealth.com\/es\/birmingham-medicare-doctors\/","og_site_name":"Complete Health","article_modified_time":"2026-03-10T09:47:51+00:00","og_image":[{"width":1254,"height":1022,"url":"https:\/\/completehealth.com\/wp-content\/uploads\/2025\/12\/Screenshot-2025-12-23-at-12.27.09.png","type":"image\/png"}],"twitter_card":"summary_large_image","schema":{"@context":"https:\/\/schema.org","@graph":[{"@type":"WebPage","@id":"https:\/\/completehealth.com\/birmingham-medicare-doctors\/","url":"https:\/\/completehealth.com\/birmingham-medicare-doctors\/","name":"M\u00e9dicos de Medicare en Birmingham | Salud integral","isPartOf":{"@id":"https:\/\/completehealth.com\/#website"},"primaryImageOfPage":{"@id":"https:\/\/completehealth.com\/birmingham-medicare-doctors\/#primaryimage"},"image":{"@id":"https:\/\/completehealth.com\/birmingham-medicare-doctors\/#primaryimage"},"thumbnailUrl":"https:\/\/completehealth.com\/wp-content\/uploads\/2025\/12\/Screenshot-2025-12-23-at-12.27.09-1024x835.png","datePublished":"2026-02-17T16:19:19+00:00","dateModified":"2026-03-10T09:47:51+00:00","description":"Find Medicare-accepting primary care doctors in Birmingham, AL through Complete Health. Senior-focused clinics across the greater Birmingham area.","breadcrumb":{"@id":"https:\/\/completehealth.com\/birmingham-medicare-doctors\/#breadcrumb"},"inLanguage":"es","potentialAction":[{"@type":"ReadAction","target":["https:\/\/completehealth.com\/birmingham-medicare-doctors\/"]}]},{"@type":"ImageObject","inLanguage":"es","@id":"https:\/\/completehealth.com\/birmingham-medicare-doctors\/#primaryimage","url":"https:\/\/completehealth.com\/wp-content\/uploads\/2025\/12\/Screenshot-2025-12-23-at-12.27.09-1024x835.png","contentUrl":"https:\/\/completehealth.com\/wp-content\/uploads\/2025\/12\/Screenshot-2025-12-23-at-12.27.09-1024x835.png"},{"@type":"BreadcrumbList","@id":"https:\/\/completehealth.com\/birmingham-medicare-doctors\/#breadcrumb","itemListElement":[{"@type":"ListItem","position":1,"name":"Home","item":"https:\/\/completehealth.com\/"},{"@type":"ListItem","position":2,"name":"Birmingham Medicare Doctors"}]},{"@type":"WebSite","@id":"https:\/\/completehealth.com\/#website","url":"https:\/\/completehealth.com\/","name":"Salud completa","description":"","publisher":{"@id":"https:\/\/completehealth.com\/#organization"},"potentialAction":[{"@type":"SearchAction","target":{"@type":"EntryPoint","urlTemplate":"https:\/\/completehealth.com\/?s={search_term_string}"},"query-input":{"@type":"PropertyValueSpecification","valueRequired":true,"valueName":"search_term_string"}}],"inLanguage":"es"},{"@type":"Organization","@id":"https:\/\/completehealth.com\/#organization","name":"Salud completa","url":"https:\/\/completehealth.com\/","logo":{"@type":"ImageObject","inLanguage":"es","@id":"https:\/\/completehealth.com\/#\/schema\/logo\/image\/","url":"https:\/\/completehealth.com\/wp-content\/uploads\/2025\/11\/CompleteHealth_LogoTM_NavBar.svg","contentUrl":"https:\/\/completehealth.com\/wp-content\/uploads\/2025\/11\/CompleteHealth_LogoTM_NavBar.svg","caption":"Complete Health"},"image":{"@id":"https:\/\/completehealth.com\/#\/schema\/logo\/image\/"}}]}},"_links":{"self":[{"href":"https:\/\/completehealth.com\/es\/wp-json\/wp\/v2\/pages\/4970","targetHints":{"allow":["GET"]}}],"collection":[{"href":"https:\/\/completehealth.com\/es\/wp-json\/wp\/v2\/pages"}],"about":[{"href":"https:\/\/completehealth.com\/es\/wp-json\/wp\/v2\/types\/page"}],"author":[{"embeddable":true,"href":"https:\/\/completehealth.com\/es\/wp-json\/wp\/v2\/users\/3"}],"replies":[{"embeddable":true,"href":"https:\/\/completehealth.com\/es\/wp-json\/wp\/v2\/comments?post=4970"}],"version-history":[{"count":1,"href":"https:\/\/completehealth.com\/es\/wp-json\/wp\/v2\/pages\/4970\/revisions"}],"predecessor-version":[{"id":4971,"href":"https:\/\/completehealth.com\/es\/wp-json\/wp\/v2\/pages\/4970\/revisions\/4971"}],"wp:attachment":[{"href":"https:\/\/completehealth.com\/es\/wp-json\/wp\/v2\/media?parent=4970"}],"curies":[{"name":"wp","href":"https:\/\/api.w.org\/{rel}","templated":true}]}}